{"id":1398,"date":"2026-03-19T09:38:55","date_gmt":"2026-03-19T08:38:55","guid":{"rendered":"https:\/\/panoramic-art.de\/?page_id=1398"},"modified":"2026-03-19T09:39:57","modified_gmt":"2026-03-19T08:39:57","slug":"lebenslauf","status":"publish","type":"page","link":"https:\/\/panoramic-art.de\/de\/lebenslauf\/","title":{"rendered":"Lebenslauf"},"content":{"rendered":"<p>Geb. 1960 in Hamburg<br>Aufgewachsen im Bergischen Land<\/p>\n\n\n\n<p>1979 Abitur<\/p>\n\n\n\n<p>1981-1983 Ausbildung zum Photographen,<br>Lette-Schule&nbsp;(Handwerk) und<br>Werkstatt f\u00fcr Photographie in&nbsp;Berlin-Kreuzberg (Kunst)<\/p>\n\n\n\n<p>1982 Reise nach Australien, Highway 1<br>von Melbourne&nbsp;nach Cairns<\/p>\n\n\n\n<p>1983 erste Ausstellung im Rathaus Bensberg<br>\u201ePortraits und Moo-Picture-Press\u201c<\/p>\n\n\n\n<p>1982 Beginn der \u00dcbung von Rinzai-Zen im Mumon-Kai&nbsp;Dojo, Berlin<\/p>\n\n\n\n<p>1983-1985 Sinologiestudium in K\u00f6ln<\/p>\n\n\n\n<p>1984 Arbeit in der Video-Produktion der Werbeagentur&nbsp;McCann-Erickson<\/p>\n\n\n\n<p>1984-1985 Arbeit in der Industriefilm-Produktion KPM; mit der&nbsp;Produktion Reisen nach Kuwait und Thailand,&nbsp;Venezuela und Guatemala<\/p>\n\n\n\n<p>1985 Ausstellung in der \u201eGalerie Sangermann\u201c, Berlin<\/p>\n\n\n\n<p>1985-1987 Nach der Magisterpr\u00fcfung Aufenthalt in Japan, in der&nbsp;Republik China, Reisen in Rotchina und Tibet<\/p>\n\n\n\n<p>1986 Beginn von Aikido<\/p>\n\n\n\n<p>1986 Ausstellung in Taipeh \u201eJiou Zai Gou\u201c ein Tal in Tibet<\/p>\n\n\n\n<p>1987 selbst\u00e4ndig als Photograph<\/p>\n\n\n\n<p>1988 erste Reisen nach Sizilien<\/p>\n\n\n\n<p>1989 Arbeit \u00fcber G\u00e4rten in England<br>Beginn der Arbeit&nbsp;\u201eNaturstrukturen\u201c<\/p>\n\n\n\n<p>1990 Beginn einer Arbeit \u00fcber K\u00fcnstler in Dresden, Dokumentation&nbsp;der Situation von K\u00fcnstlern, die ausserhalb&nbsp;des staatlichen Kunstbetriebes gearbeitet hatten.<br>Portraits in den Ateliers als Erfassung des Status Quo.<\/p>\n\n\n\n<p>1991 Ausstellung in Dresden \u201eGalerie Nord\u201c<br>\u201eDas Portrait\u201c<\/p>\n\n\n\n<p>1992 erster Aufenthalt in den USA,<br>New York und&nbsp;Washington<\/p>\n\n\n\n<p>1993 Ausstellung in Cottbus<br>&#8222;B53&#8220; K\u00fcnstlerportraits<\/p>\n\n\n\n<p>1993 Reise nach Kham, Ost-Tibet,<br>heute Teil von Sze-Chuan<\/p>\n\n\n\n<p>1993 Reise nach Tunesien f\u00fcr Lufthansa<br>auf den Spuren von&nbsp;Klee, Macke und Moillet<\/p>\n\n\n\n<p>1994 Arbeit \u00fcber Burgen in Sizilien \u201eCastelli in Sicilia\u201c&nbsp;in Grossformat 8\/10\u201c<\/p>\n\n\n\n<p>1994 Ausstellung in Leverkusen zum Thema \u201eTibet\u201c<\/p>\n\n\n\n<p>1994 1. Reise nach Sapmi, Arbeit \u00fcber die Sam\u00e9, das letzte&nbsp;indigene Volk Europas, Nordskandinavien \u2013 Lappland<\/p>\n\n\n\n<p>1995 \u201eTibet\u201cAusstellung im K\u00f6lner Rathaus anl\u00e4sslich des&nbsp;Besuches seiner Heiligkeit XIV. Dalai Lama Tenzin&nbsp;Gyatso<\/p>\n\n\n\n<p>1996 Dokumentation in Jerusalem \u00fcber den Bau eines Kreuzes&nbsp;auf der Kuppel der Grabeskirche<\/p>\n\n\n\n<p>1996 Reise nach Tibet, Kham und Lhasa \u00dcberland nach Nepal<\/p>\n\n\n\n<p>1996 2.-3. Reise nach Sapmi Arbeit an \u201eArctic Cowboys\u201c<\/p>\n\n\n\n<p>1997 Aufenthalt in den USA, California, L.A. Zusammenarbeit&nbsp;mit den Photographen Donald Dietz und Douglas Kirkland<\/p>\n\n\n\n<p>1997 Zusammenarbeit mit D. Dietz in Hongkong \u201eHandover\u201c<\/p>\n\n\n\n<p>1998-1999 Arbeit an dem Buch \u201eBurgen in Italien\u201c<\/p>\n\n\n\n<p>1998 Arbeit im Valais \u00fcber Snowboarding (daneben Wasserf\u00e4lle)<\/p>\n\n\n\n<p>1998 Arbeit auf Maui, Hawaii \u00fcber Windsurfing&nbsp;(daneben Bambus)<\/p>\n\n\n\n<p>1998 Arbeit \u00fcber die Architektur der Expo in Lissabon<\/p>\n\n\n\n<p>1999 Ausstellung in Bensberg bei \u201eKoehler Hering Neumann&nbsp;Luxem\u201c<\/p>\n\n\n\n<p>1999 Arbeit auf den Seychellen, dort entstanden \u201ePalmen\u201c<\/p>\n\n\n\n<p>2000 Reise nach Libanon und Syrien<\/p>\n\n\n\n<p>2001 Gruppenausstellung in Karlsruhe \u201eKunst im Landgericht\u201c<\/p>\n\n\n\n<p>2001 Ausstellung in Bergisch Gladbach \u201eKursana\u201c<\/p>\n\n\n\n<p>2001 Stipendium des Kulturwerkes der VG-Bildkunst<\/p>\n\n\n\n<p>2002 Ausstellung im \u201eQuattrium\u201c in Ratingen<\/p>\n\n\n\n<p>2002 Ausstellung bei \u201eACT\u201c in K\u00f6ln<\/p>\n\n\n\n<p>2002 Reise nach Masuren dort Beginn der Arbeit \u201eBrachland\u201c<\/p>\n\n\n\n<p>2003 Ausstellung bei \u201eAgora\u201c in Hamburg<\/p>\n\n\n\n<p>2003 Ausstellung im Kulturbunker in K\u00f6ln<\/p>\n\n\n\n<p>2004 Ausstellung bei R&amp;L in Hamburg<\/p>\n\n\n\n<p>2004 Ausstellung bei AON in Hamburg<\/p>\n\n\n\n<p>2004 Ausstellung bei GE-Capital in Neuss<\/p>\n\n\n\n<p>2004 Ausstellung bei AON in M\u00fclheim<\/p>\n\n\n\n<p>2004 Ausstellung in der Medienfabrik, Braunschweig<\/p>\n\n\n\n<p>2005 Ausstellung in Schloss Dyck, Grevenbroich<\/p>\n\n\n\n<p>2006 Ausstellung bei Doy\u00e9 und Neuhaus, K\u00f6ln<\/p>\n\n\n\n<p>2006 Ausstellung in der Pax-Bank, K\u00f6ln<\/p>\n\n\n\n<p>2006 Arbeit am Projekt \u201eChina-Boom\u201c in Beijing und Shanghai<\/p>\n\n\n\n<p>2007 Ausstellung bei von Zanthier, Berlin<\/p>\n\n\n\n<p>2008 Beginn der Arbeit \u00fcber Tagebau<\/p>\n\n\n\n<p>2008 Ausstellung im Rotonda Business Club, K\u00f6ln<\/p>\n\n\n\n<p>2009 Ausstellung in der ArtFabrikGalerie, Wuppertal<\/p>\n\n\n\n<p>2009 Ausstellung in der Allianz Akademie, K\u00f6ln<\/p>\n\n\n\n<p>2010 Ausstellung im A24 TBG \u201eZeitzeichen\u201c<\/p>\n\n\n\n<p>2010 Ausstellung in der BundesAnstalt f\u00fcr Strassenwesen<\/p>\n\n\n\n<p>2011 Ausstellung im Deutschlandfunk K\u00f6ln<\/p>\n\n\n\n<p>2011 Ausstellung in der Sarasin Bank, K\u00f6ln<\/p>\n\n\n\n<p>2011 Ausstellung Karlsruhe Landgericht<\/p>\n\n\n\n<p>2012 Ausstellung IHK K\u00f6ln<\/p>\n\n\n\n<p>2013 F\u00f6rderung durch die F.Victor Rolff-Stiftung<\/p>\n\n\n\n<p>2013 Ausstellung bei Ernst&amp;Young K\u00f6ln<\/p>\n\n\n\n<p>2013 Ausstellung in der ArtFabrikGalerie, Wuppertal<\/p>\n\n\n\n<p>2014 Ausstellung in der MVZ, Venusberg, Bonn<\/p>\n\n\n\n<p>2015 Ausstellung im Glaspavillon Rheinbach<\/p>\n\n\n\n<p>2015 Ausstellung im E-Werk Cottbus &#8222;Tagebau&#8220;<\/p>\n\n\n\n<p>2016 Ausstellung in der VHS Bergisch Gladbach<\/p>\n\n\n\n<p>2017 Ausstellung bei Schaelpic K\u00f6ln&nbsp; &#8222;Blackbrook&#8220;<\/p>\n\n\n\n<p>2018 Gruppenausstellung Hoffnung und Solidarit\u00e4t mit Gerhard Richter u.a. K\u00f6ln<\/p>\n\n\n\n<p>2019 Ausstellung in Schlo\u00df Dyck &#8222;Garten Fokus &#8211; Genius Dyckensis&#8220;<\/p>\n\n\n\n<p>2019 Gruppenausstellung in Burg Gladbach &#8222;Schneewittchen&#8220;<\/p>\n\n\n\n<p>2019 Gruppenausstellung in Schlo\u00df L\u00fcntenbeck<\/p>\n\n\n\n<p>2019 Gruppenausstellung in Galerie &#8222;Ins Blaue&#8220;, Remscheid &#8222;Der Wald und der Sturm&#8220;<\/p>\n\n\n\n<p>Wenn ich auf die Mattscheibe gucke, ist es immer wieder die Frage, ist das ein Bild, das im Format 100x300cm den Betrachtern auch 10 Jahre lang etwas geben kann?<\/p>\n\n\n\n<p>Ich will mit meinen Bilder Freude und Kraft zu dem Betrachter bringen.<br>Mir w\u00e4re das gr\u00f6\u00dfte Lob, wenn Menschen in die Ausstellung gehen und angeregt von den Bildern sagen, jetzt muss ich noch einmal in die Natur gehen und mir das genau ansehen.<\/p>\n\n\n\n<figure class=\"wp-block-image size-large\"><img fetchpriority=\"high\" decoding=\"async\" width=\"1024\" height=\"819\" src=\"https:\/\/panoramic-art.de\/wp-content\/uploads\/2026\/03\/Lebenslauf-40-50-2024-1024x819.jpeg\" alt=\"\" class=\"wp-image-1400\" srcset=\"https:\/\/panoramic-art.de\/wp-content\/uploads\/2026\/03\/Lebenslauf-40-50-2024-1024x819.jpeg 1024w, https:\/\/panoramic-art.de\/wp-content\/uploads\/2026\/03\/Lebenslauf-40-50-2024-300x240.jpeg 300w, https:\/\/panoramic-art.de\/wp-content\/uploads\/2026\/03\/Lebenslauf-40-50-2024-768x614.jpeg 768w, https:\/\/panoramic-art.de\/wp-content\/uploads\/2026\/03\/Lebenslauf-40-50-2024-15x12.jpeg 15w, https:\/\/panoramic-art.de\/wp-content\/uploads\/2026\/03\/Lebenslauf-40-50-2024.jpeg 1200w\" sizes=\"(max-width: 1024px) 100vw, 1024px\" \/><\/figure>","protected":false},"excerpt":{"rendered":"<p>Geb. 1960 in HamburgAufgewachsen im Bergischen Land 1979 Abitur 1981-1983 Ausbildung zum Photographen,Lette-Schule&nbsp;(Handwerk) undWerkstatt f\u00fcr Photographie in&nbsp;Berlin-Kreuzberg (Kunst) 1982 Reise nach Australien, Highway 1von Melbourne&nbsp;nach&hellip;<\/p>","protected":false},"author":1,"featured_media":0,"parent":0,"menu_order":0,"comment_status":"closed","ping_status":"closed","template":"","meta":{"footnotes":""},"class_list":["post-1398","page","type-page","status-publish","hentry"],"yoast_head":"<!-- This site is optimized with the Yoast SEO plugin v27.3 - https:\/\/yoast.com\/product\/yoast-seo-wordpress\/ -->\n<title>Lebenslauf - Markus Bollen Photography!<\/title>\n<meta name=\"robots\" content=\"index, follow, max-snippet:-1, max-image-preview:large, max-video-preview:-1\" \/>\n<link rel=\"canonical\" href=\"https:\/\/panoramic-art.de\/de\/lebenslauf\/\" \/>\n<meta property=\"og:locale\" content=\"de_DE\" \/>\n<meta property=\"og:type\" content=\"article\" \/>\n<meta property=\"og:title\" content=\"Lebenslauf - Markus Bollen Photography!\" \/>\n<meta property=\"og:description\" content=\"Geb. 1960 in HamburgAufgewachsen im Bergischen Land 1979 Abitur 1981-1983 Ausbildung zum Photographen,Lette-Schule&nbsp;(Handwerk) undWerkstatt f\u00fcr Photographie in&nbsp;Berlin-Kreuzberg (Kunst) 1982 Reise nach Australien, Highway 1von Melbourne&nbsp;nach&hellip;\" \/>\n<meta property=\"og:url\" content=\"https:\/\/panoramic-art.de\/de\/lebenslauf\/\" \/>\n<meta property=\"og:site_name\" content=\"Markus Bollen Photography!\" \/>\n<meta property=\"article:modified_time\" content=\"2026-03-19T08:39:57+00:00\" \/>\n<meta property=\"og:image\" content=\"https:\/\/panoramic-art.de\/wp-content\/uploads\/2026\/03\/Lebenslauf-40-50-2024.jpeg\" \/>\n\t<meta property=\"og:image:width\" content=\"1200\" \/>\n\t<meta property=\"og:image:height\" content=\"960\" \/>\n\t<meta property=\"og:image:type\" content=\"image\/jpeg\" \/>\n<meta name=\"twitter:card\" content=\"summary_large_image\" \/>\n<meta name=\"twitter:label1\" content=\"Est. reading time\" \/>\n\t<meta name=\"twitter:data1\" content=\"5 minutes\" \/>\n<script type=\"application\/ld+json\" class=\"yoast-schema-graph\">{\"@context\":\"https:\\\/\\\/schema.org\",\"@graph\":[{\"@type\":\"WebPage\",\"@id\":\"https:\\\/\\\/panoramic-art.de\\\/lebenslauf\\\/\",\"url\":\"https:\\\/\\\/panoramic-art.de\\\/lebenslauf\\\/\",\"name\":\"Lebenslauf - Markus Bollen Photography!\",\"isPartOf\":{\"@id\":\"https:\\\/\\\/panoramic-art.de\\\/#website\"},\"primaryImageOfPage\":{\"@id\":\"https:\\\/\\\/panoramic-art.de\\\/lebenslauf\\\/#primaryimage\"},\"image\":{\"@id\":\"https:\\\/\\\/panoramic-art.de\\\/lebenslauf\\\/#primaryimage\"},\"thumbnailUrl\":\"https:\\\/\\\/panoramic-art.de\\\/wp-content\\\/uploads\\\/2026\\\/03\\\/Lebenslauf-40-50-2024-1024x819.jpeg\",\"datePublished\":\"2026-03-19T08:38:55+00:00\",\"dateModified\":\"2026-03-19T08:39:57+00:00\",\"inLanguage\":\"de-LS\",\"potentialAction\":[{\"@type\":\"ReadAction\",\"target\":[\"https:\\\/\\\/panoramic-art.de\\\/lebenslauf\\\/\"]}]},{\"@type\":\"ImageObject\",\"inLanguage\":\"de-LS\",\"@id\":\"https:\\\/\\\/panoramic-art.de\\\/lebenslauf\\\/#primaryimage\",\"url\":\"https:\\\/\\\/panoramic-art.de\\\/wp-content\\\/uploads\\\/2026\\\/03\\\/Lebenslauf-40-50-2024-1024x819.jpeg\",\"contentUrl\":\"https:\\\/\\\/panoramic-art.de\\\/wp-content\\\/uploads\\\/2026\\\/03\\\/Lebenslauf-40-50-2024-1024x819.jpeg\"},{\"@type\":\"WebSite\",\"@id\":\"https:\\\/\\\/panoramic-art.de\\\/#website\",\"url\":\"https:\\\/\\\/panoramic-art.de\\\/\",\"name\":\"Markus Bollen Photography!\",\"description\":\"\",\"potentialAction\":[{\"@type\":\"SearchAction\",\"target\":{\"@type\":\"EntryPoint\",\"urlTemplate\":\"https:\\\/\\\/panoramic-art.de\\\/?s={search_term_string}\"},\"query-input\":{\"@type\":\"PropertyValueSpecification\",\"valueRequired\":true,\"valueName\":\"search_term_string\"}}],\"inLanguage\":\"de-LS\"}]}<\/script>\n<!-- \/ Yoast SEO plugin. -->","yoast_head_json":{"title":"Lebenslauf - Markus Bollen Photography!","robots":{"index":"index","follow":"follow","max-snippet":"max-snippet:-1","max-image-preview":"max-image-preview:large","max-video-preview":"max-video-preview:-1"},"canonical":"https:\/\/panoramic-art.de\/de\/lebenslauf\/","og_locale":"de_DE","og_type":"article","og_title":"Lebenslauf - Markus Bollen Photography!","og_description":"Geb. 1960 in HamburgAufgewachsen im Bergischen Land 1979 Abitur 1981-1983 Ausbildung zum Photographen,Lette-Schule&nbsp;(Handwerk) undWerkstatt f\u00fcr Photographie in&nbsp;Berlin-Kreuzberg (Kunst) 1982 Reise nach Australien, Highway 1von Melbourne&nbsp;nach&hellip;","og_url":"https:\/\/panoramic-art.de\/de\/lebenslauf\/","og_site_name":"Markus Bollen Photography!","article_modified_time":"2026-03-19T08:39:57+00:00","og_image":[{"width":1200,"height":960,"url":"https:\/\/panoramic-art.de\/wp-content\/uploads\/2026\/03\/Lebenslauf-40-50-2024.jpeg","type":"image\/jpeg"}],"twitter_card":"summary_large_image","twitter_misc":{"Est. reading time":"5 minutes"},"schema":{"@context":"https:\/\/schema.org","@graph":[{"@type":"WebPage","@id":"https:\/\/panoramic-art.de\/lebenslauf\/","url":"https:\/\/panoramic-art.de\/lebenslauf\/","name":"Lebenslauf - Markus Bollen Photography!","isPartOf":{"@id":"https:\/\/panoramic-art.de\/#website"},"primaryImageOfPage":{"@id":"https:\/\/panoramic-art.de\/lebenslauf\/#primaryimage"},"image":{"@id":"https:\/\/panoramic-art.de\/lebenslauf\/#primaryimage"},"thumbnailUrl":"https:\/\/panoramic-art.de\/wp-content\/uploads\/2026\/03\/Lebenslauf-40-50-2024-1024x819.jpeg","datePublished":"2026-03-19T08:38:55+00:00","dateModified":"2026-03-19T08:39:57+00:00","inLanguage":"de-LS","potentialAction":[{"@type":"ReadAction","target":["https:\/\/panoramic-art.de\/lebenslauf\/"]}]},{"@type":"ImageObject","inLanguage":"de-LS","@id":"https:\/\/panoramic-art.de\/lebenslauf\/#primaryimage","url":"https:\/\/panoramic-art.de\/wp-content\/uploads\/2026\/03\/Lebenslauf-40-50-2024-1024x819.jpeg","contentUrl":"https:\/\/panoramic-art.de\/wp-content\/uploads\/2026\/03\/Lebenslauf-40-50-2024-1024x819.jpeg"},{"@type":"WebSite","@id":"https:\/\/panoramic-art.de\/#website","url":"https:\/\/panoramic-art.de\/","name":"Markus Bollen Photography!","description":"","potentialAction":[{"@type":"SearchAction","target":{"@type":"EntryPoint","urlTemplate":"https:\/\/panoramic-art.de\/?s={search_term_string}"},"query-input":{"@type":"PropertyValueSpecification","valueRequired":true,"valueName":"search_term_string"}}],"inLanguage":"de-LS"}]}},"_links":{"self":[{"href":"https:\/\/panoramic-art.de\/de\/wp-json\/wp\/v2\/pages\/1398","targetHints":{"allow":["GET"]}}],"collection":[{"href":"https:\/\/panoramic-art.de\/de\/wp-json\/wp\/v2\/pages"}],"about":[{"href":"https:\/\/panoramic-art.de\/de\/wp-json\/wp\/v2\/types\/page"}],"author":[{"embeddable":true,"href":"https:\/\/panoramic-art.de\/de\/wp-json\/wp\/v2\/users\/1"}],"replies":[{"embeddable":true,"href":"https:\/\/panoramic-art.de\/de\/wp-json\/wp\/v2\/comments?post=1398"}],"version-history":[{"count":2,"href":"https:\/\/panoramic-art.de\/de\/wp-json\/wp\/v2\/pages\/1398\/revisions"}],"predecessor-version":[{"id":1401,"href":"https:\/\/panoramic-art.de\/de\/wp-json\/wp\/v2\/pages\/1398\/revisions\/1401"}],"wp:attachment":[{"href":"https:\/\/panoramic-art.de\/de\/wp-json\/wp\/v2\/media?parent=1398"}],"curies":[{"name":"wp","href":"https:\/\/api.w.org\/{rel}","templated":true}]}}