{"id":16,"date":"2024-02-28T11:50:44","date_gmt":"2024-02-28T10:50:44","guid":{"rendered":"https:\/\/neu.panoramic-art.de\/?page_id=16"},"modified":"2025-09-09T11:17:13","modified_gmt":"2025-09-09T09:17:13","slug":"natur","status":"publish","type":"page","link":"https:\/\/panoramic-art.de\/de\/natur\/","title":{"rendered":"Natur"},"content":{"rendered":"<div data-elementor-type=\"wp-page\" data-elementor-id=\"16\" class=\"elementor elementor-16\" data-elementor-post-type=\"page\">\n\t\t\t\t<div class=\"elementor-element elementor-element-94dc78e e-flex e-con-boxed e-con e-parent\" data-id=\"94dc78e\" data-element_type=\"container\" data-e-type=\"container\">\n\t\t\t\t\t<div class=\"e-con-inner\">\n\t\t\t\t<div class=\"elementor-element elementor-element-96d14ac elementor-widget elementor-widget-ekit_wb_169\" data-id=\"96d14ac\" data-element_type=\"widget\" data-e-type=\"widget\" data-widget_type=\"ekit_wb_169.default\">\n\t\t\t\t<div class=\"elementor-widget-container\">\n\t\t\t\t\t<div class=\"custom-image-box\">\n  <img decoding=\"async\" src=\"https:\/\/panoramic-art.de\/wp-content\/uploads\/2025\/07\/imgi_9_Bambus-02-392-16-Bambus-Hawaii-1.jpg\"\" alt=\"Bambus\"class =\"custom-image\" \/>\n  <h2 class=\"custom-title\">Bambus<\/h2>\n  <div class=\"custom-link-box\">\n    <a href=\"https:\/\/panoramic-art.de\/de\/natur\/bambus\/\"\" class=\"custom-link\">Bambus &#x2794;<\/a>\n  <\/div>\n<\/div>\n\t\t\t\t\t\t<\/div>\n\t\t\t\t<\/div>\n\t\t\t\t<div class=\"elementor-element elementor-element-e08647c elementor-widget elementor-widget-ekit_wb_169\" data-id=\"e08647c\" data-element_type=\"widget\" data-e-type=\"widget\" data-widget_type=\"ekit_wb_169.default\">\n\t\t\t\t<div class=\"elementor-widget-container\">\n\t\t\t\t\t<div class=\"custom-image-box\">\n  <img decoding=\"async\" src=\"https:\/\/panoramic-art.de\/wp-content\/uploads\/2025\/07\/imgi_8_1864-01-Echinacea.jpg\"\" alt=\"Echinacea 1864-01\"class =\"custom-image\" \/>\n  <h2 class=\"custom-title\">Echinacea 1864-01<\/h2>\n  <div class=\"custom-link-box\">\n    <a href=\"https:\/\/panoramic-art.de\/de\/natur\/dyck\/\"\" class=\"custom-link\">Dyck &#x2794;<\/a>\n  <\/div>\n<\/div>\n\t\t\t\t\t\t<\/div>\n\t\t\t\t<\/div>\n\t\t\t\t<div class=\"elementor-element elementor-element-ff5ebd1 elementor-widget elementor-widget-ekit_wb_169\" data-id=\"ff5ebd1\" data-element_type=\"widget\" data-e-type=\"widget\" data-widget_type=\"ekit_wb_169.default\">\n\t\t\t\t<div class=\"elementor-widget-container\">\n\t\t\t\t\t<div class=\"custom-image-box\">\n  <img decoding=\"async\" src=\"https:\/\/panoramic-art.de\/wp-content\/uploads\/2025\/07\/imgi_8_Blueten-01-Europabluete-9101-012.jpg\"\" alt=\"Europabl\u00fcte\"class =\"custom-image\" \/>\n  <h2 class=\"custom-title\">Europabl\u00fcte<\/h2>\n  <div class=\"custom-link-box\">\n    <a href=\"https:\/\/panoramic-art.de\/de\/natur\/blueten\/\"\" class=\"custom-link\">Bl\u00fcten &#x2794;<\/a>\n  <\/div>\n<\/div>\n\t\t\t\t\t\t<\/div>\n\t\t\t\t<\/div>\n\t\t\t\t<div class=\"elementor-element elementor-element-381e1c4 elementor-widget elementor-widget-ekit_wb_169\" data-id=\"381e1c4\" data-element_type=\"widget\" data-e-type=\"widget\" data-widget_type=\"ekit_wb_169.default\">\n\t\t\t\t<div class=\"elementor-widget-container\">\n\t\t\t\t\t<div class=\"custom-image-box\">\n  <img decoding=\"async\" src=\"https:\/\/panoramic-art.de\/wp-content\/uploads\/2025\/07\/imgi_23_BL-40-Waldboden-Maui-392-7Epson-Klein-ret.jpg\"\" alt=\"Waldboden Maui 392-7\"class =\"custom-image\" \/>\n  <h2 class=\"custom-title\">Waldboden Maui 392-7<\/h2>\n  <div class=\"custom-link-box\">\n    <a href=\"https:\/\/panoramic-art.de\/de\/natur\/brachland\/\"\" class=\"custom-link\">Brachland &#x2794;<\/a>\n  <\/div>\n<\/div>\n\t\t\t\t\t\t<\/div>\n\t\t\t\t<\/div>\n\t\t\t\t<div class=\"elementor-element elementor-element-23b59fc elementor-widget elementor-widget-ekit_wb_169\" data-id=\"23b59fc\" data-element_type=\"widget\" data-e-type=\"widget\" data-widget_type=\"ekit_wb_169.default\">\n\t\t\t\t<div class=\"elementor-widget-container\">\n\t\t\t\t\t<div class=\"custom-image-box\">\n  <img decoding=\"async\" src=\"https:\/\/panoramic-art.de\/wp-content\/uploads\/2025\/07\/imgi_8_1932-06-Blackbrook-B1.jpg\"\" alt=\"Blackbrook\"class =\"custom-image\" \/>\n  <h2 class=\"custom-title\">Blackbrook<\/h2>\n  <div class=\"custom-link-box\">\n    <a href=\"https:\/\/panoramic-art.de\/de\/natur\/blackbrook\/\"\" class=\"custom-link\">Blackbrook &#x2794;<\/a>\n  <\/div>\n<\/div>\n\t\t\t\t\t\t<\/div>\n\t\t\t\t<\/div>\n\t\t\t\t<div class=\"elementor-element elementor-element-11b871f elementor-widget elementor-widget-ekit_wb_169\" data-id=\"11b871f\" data-element_type=\"widget\" data-e-type=\"widget\" data-widget_type=\"ekit_wb_169.default\">\n\t\t\t\t<div class=\"elementor-widget-container\">\n\t\t\t\t\t<div class=\"custom-image-box\">\n  <img decoding=\"async\" src=\"https:\/\/panoramic-art.de\/wp-content\/uploads\/2025\/07\/imgi_20_Rinden-14-EukalyptusHawaii-183-61-4.jpg\"\" alt=\"Rinden &amp; Flechten\"class =\"custom-image\" \/>\n  <h2 class=\"custom-title\">Rinden &amp; Flechten<\/h2>\n  <div class=\"custom-link-box\">\n    <a href=\"https:\/\/panoramic-art.de\/de\/natur\/rinden-flechten\/\"\" class=\"custom-link\">Rinden & Flechten &#x2794;<\/a>\n  <\/div>\n<\/div>\n\t\t\t\t\t\t<\/div>\n\t\t\t\t<\/div>\n\t\t\t\t<div class=\"elementor-element elementor-element-9e19d6b elementor-widget elementor-widget-ekit_wb_169\" data-id=\"9e19d6b\" data-element_type=\"widget\" data-e-type=\"widget\" data-widget_type=\"ekit_wb_169.default\">\n\t\t\t\t<div class=\"elementor-widget-container\">\n\t\t\t\t\t<div class=\"custom-image-box\">\n  <img decoding=\"async\" src=\"https:\/\/panoramic-art.de\/wp-content\/uploads\/2025\/07\/imgi_8_Wasser-01-1676-01Eisschollen-2.jpg\"\" alt=\"Eis &amp; Wasser\"class =\"custom-image\" \/>\n  <h2 class=\"custom-title\">Eis &amp; Wasser<\/h2>\n  <div class=\"custom-link-box\">\n    <a href=\"https:\/\/panoramic-art.de\/de\/natur\/eis-wasser\/\"\" class=\"custom-link\">Eis & Wasser &#x2794;<\/a>\n  <\/div>\n<\/div>\n\t\t\t\t\t\t<\/div>\n\t\t\t\t<\/div>\n\t\t\t\t<div class=\"elementor-element elementor-element-6d749ec elementor-widget elementor-widget-ekit_wb_169\" data-id=\"6d749ec\" data-element_type=\"widget\" data-e-type=\"widget\" data-widget_type=\"ekit_wb_169.default\">\n\t\t\t\t<div class=\"elementor-widget-container\">\n\t\t\t\t\t<div class=\"custom-image-box\">\n  <img decoding=\"async\" src=\"https:\/\/panoramic-art.de\/wp-content\/uploads\/2025\/07\/imgi_9_MBO-181104-Windwurf-Hardt-061-1024x768-1.jpg\"\" alt=\"Wald &amp; Sturm\"class =\"custom-image\" \/>\n  <h2 class=\"custom-title\">Wald &amp; Sturm<\/h2>\n  <div class=\"custom-link-box\">\n    <a href=\"https:\/\/panoramic-art.de\/de\/wald-sturm\/\"\" class=\"custom-link\">Wald & Sturm &#x2794;<\/a>\n  <\/div>\n<\/div>\n\t\t\t\t\t\t<\/div>\n\t\t\t\t<\/div>\n\t\t\t\t<div class=\"elementor-element elementor-element-4cd8dca elementor-widget elementor-widget-ekit_wb_169\" data-id=\"4cd8dca\" data-element_type=\"widget\" data-e-type=\"widget\" data-widget_type=\"ekit_wb_169.default\">\n\t\t\t\t<div class=\"elementor-widget-container\">\n\t\t\t\t\t<div class=\"custom-image-box\">\n  <img decoding=\"async\" src=\"https:\/\/panoramic-art.de\/wp-content\/uploads\/2025\/07\/imgi_17_2008-01-Eifgenbach.jpg\"\" alt=\"Eifgenbach\"class =\"custom-image\" \/>\n  <h2 class=\"custom-title\">Eifgenbach<\/h2>\n  <div class=\"custom-link-box\">\n    <a href=\"https:\/\/panoramic-art.de\/de\/natur\/eifgenbach\/\"\" class=\"custom-link\">Eifgenbach &#x2794;<\/a>\n  <\/div>\n<\/div>\n\t\t\t\t\t\t<\/div>\n\t\t\t\t<\/div>\n\t\t\t\t\t<\/div>\n\t\t\t\t<\/div>\n\t\t<div class=\"elementor-element elementor-element-588a177 e-flex e-con-boxed e-con e-parent\" data-id=\"588a177\" data-element_type=\"container\" data-e-type=\"container\">\n\t\t\t\t\t<div class=\"e-con-inner\">\n\t\t\t\t<div class=\"elementor-element elementor-element-0bd48e9 elementor-widget elementor-widget-heading\" data-id=\"0bd48e9\" data-element_type=\"widget\" data-e-type=\"widget\" data-widget_type=\"heading.default\">\n\t\t\t\t<div class=\"elementor-widget-container\">\n\t\t\t\t\t<h2 class=\"elementor-heading-title elementor-size-default\">Natur in ihrer vollendeten Sch\u00f6nheit<\/h2>\t\t\t\t<\/div>\n\t\t\t\t<\/div>\n\t\t\t\t<div class=\"elementor-element elementor-element-e3a2301 elementor-widget elementor-widget-text-editor\" data-id=\"e3a2301\" data-element_type=\"widget\" data-e-type=\"widget\" data-widget_type=\"text-editor.default\">\n\t\t\t\t<div class=\"elementor-widget-container\">\n\t\t\t\t\t\t\t\t\t<p class=\"p2\"><span class=\"s1\">Exklusive Panoramafotografie \u2013 die Magie unber\u00fchrter Landschaften<\/span><\/p><p class=\"p3\"><span class=\"s1\">Ruhe. Weite. Licht. Wenn Natur uns ber\u00fchrt, geschieht etwas ganz Besonderes. Bei Panoramic Art fangen wir diese kostbaren Momente in au\u00dfergew\u00f6hnlichen, limitierten Natur-Panoramabildern ein \u2013 f\u00fcr Menschen, die sich von echter Sch\u00f6nheit inspirieren lassen m\u00f6chten.<\/span><\/p><p class=\"p3\"><span class=\"s1\">Unsere Werke zeigen die Natur in ihrer ganzen Gr\u00f6\u00dfe: majest\u00e4tische Berge, stille Seen, sanft flie\u00dfende K\u00fcstenlinien und kraftvolle W\u00e4lder \u2013 eingefangen mit meisterhaftem Blick f\u00fcr Licht, Komposition und Atmosph\u00e4re.<\/span><\/p><p class=\"p2\"><span class=\"s1\">Naturkunst f\u00fcr Sammler und Liebhaber<\/span><\/p><ul class=\"ul1\"><li class=\"li3\"><span class=\"s1\">Limitierte Editionen \u2013 jede Aufnahme nur in kleinen Auflagen erh\u00e4ltlich<\/span><\/li><li class=\"li3\"><span class=\"s1\">Beeindruckende Panoramaformate \u2013 perfekt f\u00fcr gro\u00dfe R\u00e4ume mit Charakter<\/span><\/li><li class=\"li3\"><span class=\"s1\">Edle Materialien \u2013 Alu-Dibond, Acrylglas oder handgesch\u00f6pftes B\u00fcttenpapier<\/span><\/li><li class=\"li3\"><span class=\"s1\">H\u00f6chste Druckqualit\u00e4t \u2013 brillante Pigmentdrucke mit exzellenter Farbtiefe<\/span><\/li><li class=\"li3\"><span class=\"s1\">Mit Geschichte \u2013 auf Wunsch auf B\u00fcttenpapier aus einer Papiermanufaktur, die schon Albrecht D\u00fcrer versorgte<\/span><\/li><\/ul><p class=\"p2\"><span class=\"s1\">Sp\u00fcren Sie die Kraft der Natur \u2013 jeden Tag<\/span><\/p><p class=\"p3\"><span class=\"s1\">Ein Natur-Panorama von Panoramic Art ist nicht nur ein Kunstwerk, sondern ein Gef\u00fchl. Es holt die Stille der Berge, die Weite des Meeres oder die Magie eines Sonnenaufgangs in Ihre R\u00e4ume \u2013 klar, authentisch und voller Emotion.<\/span><\/p>\t\t\t\t\t\t\t\t<\/div>\n\t\t\t\t<\/div>\n\t\t\t\t\t<\/div>\n\t\t\t\t<\/div>\n\t\t\t\t<\/div>","protected":false},"excerpt":{"rendered":"<p>Bambus Dyck &#x2794; Europabl\u00fcte Brachland &#x2794; Blackbrook Rinden &#038; Flechten &#x2794; Eis &amp; Wasser Wald &#038; Sturm &#x2794; Eifgenbach<\/p>","protected":false},"author":1,"featured_media":0,"parent":0,"menu_order":0,"comment_status":"closed","ping_status":"closed","template":"","meta":{"footnotes":""},"class_list":["post-16","page","type-page","status-publish","hentry"],"yoast_head":"<!-- This site is optimized with the Yoast SEO plugin v27.3 - https:\/\/yoast.com\/product\/yoast-seo-wordpress\/ -->\n<title>Natur - Markus Bollen Photography!<\/title>\n<meta name=\"robots\" content=\"index, follow, max-snippet:-1, max-image-preview:large, max-video-preview:-1\" \/>\n<link rel=\"canonical\" href=\"https:\/\/panoramic-art.de\/de\/natur\/\" \/>\n<meta property=\"og:locale\" content=\"de_DE\" \/>\n<meta property=\"og:type\" content=\"article\" \/>\n<meta property=\"og:title\" content=\"Natur - Markus Bollen Photography!\" \/>\n<meta property=\"og:description\" content=\"Bambus Dyck &#x2794; Europabl\u00fcte Brachland &#x2794; Blackbrook Rinden &#038; Flechten &#x2794; Eis &amp; Wasser Wald &#038; Sturm &#x2794; Eifgenbach\" \/>\n<meta property=\"og:url\" content=\"https:\/\/panoramic-art.de\/de\/natur\/\" \/>\n<meta property=\"og:site_name\" content=\"Markus Bollen Photography!\" \/>\n<meta property=\"article:modified_time\" content=\"2025-09-09T09:17:13+00:00\" \/>\n<meta property=\"og:image\" content=\"https:\/\/panoramic-art.de\/wp-content\/uploads\/2025\/07\/imgi_9_Bambus-02-392-16-Bambus-Hawaii-1.jpg\" \/>\n<meta name=\"twitter:card\" content=\"summary_large_image\" \/>\n<meta name=\"twitter:label1\" content=\"Est. reading time\" \/>\n\t<meta name=\"twitter:data1\" content=\"3 minutes\" \/>\n<script type=\"application\/ld+json\" class=\"yoast-schema-graph\">{\"@context\":\"https:\\\/\\\/schema.org\",\"@graph\":[{\"@type\":\"WebPage\",\"@id\":\"https:\\\/\\\/panoramic-art.de\\\/natur\\\/\",\"url\":\"https:\\\/\\\/panoramic-art.de\\\/natur\\\/\",\"name\":\"Natur - Markus Bollen Photography!\",\"isPartOf\":{\"@id\":\"https:\\\/\\\/panoramic-art.de\\\/#website\"},\"primaryImageOfPage\":{\"@id\":\"https:\\\/\\\/panoramic-art.de\\\/natur\\\/#primaryimage\"},\"image\":{\"@id\":\"https:\\\/\\\/panoramic-art.de\\\/natur\\\/#primaryimage\"},\"thumbnailUrl\":\"https:\\\/\\\/panoramic-art.de\\\/wp-content\\\/uploads\\\/2025\\\/07\\\/imgi_9_Bambus-02-392-16-Bambus-Hawaii-1.jpg\",\"datePublished\":\"2024-02-28T10:50:44+00:00\",\"dateModified\":\"2025-09-09T09:17:13+00:00\",\"inLanguage\":\"de-LS\",\"potentialAction\":[{\"@type\":\"ReadAction\",\"target\":[\"https:\\\/\\\/panoramic-art.de\\\/natur\\\/\"]}]},{\"@type\":\"ImageObject\",\"inLanguage\":\"de-LS\",\"@id\":\"https:\\\/\\\/panoramic-art.de\\\/natur\\\/#primaryimage\",\"url\":\"https:\\\/\\\/panoramic-art.de\\\/wp-content\\\/uploads\\\/2025\\\/07\\\/imgi_9_Bambus-02-392-16-Bambus-Hawaii-1.jpg\",\"contentUrl\":\"https:\\\/\\\/panoramic-art.de\\\/wp-content\\\/uploads\\\/2025\\\/07\\\/imgi_9_Bambus-02-392-16-Bambus-Hawaii-1.jpg\"},{\"@type\":\"WebSite\",\"@id\":\"https:\\\/\\\/panoramic-art.de\\\/#website\",\"url\":\"https:\\\/\\\/panoramic-art.de\\\/\",\"name\":\"Markus Bollen Photography!\",\"description\":\"\",\"potentialAction\":[{\"@type\":\"SearchAction\",\"target\":{\"@type\":\"EntryPoint\",\"urlTemplate\":\"https:\\\/\\\/panoramic-art.de\\\/?s={search_term_string}\"},\"query-input\":{\"@type\":\"PropertyValueSpecification\",\"valueRequired\":true,\"valueName\":\"search_term_string\"}}],\"inLanguage\":\"de-LS\"}]}<\/script>\n<!-- \/ Yoast SEO plugin. -->","yoast_head_json":{"title":"Natur - Markus Bollen Photography!","robots":{"index":"index","follow":"follow","max-snippet":"max-snippet:-1","max-image-preview":"max-image-preview:large","max-video-preview":"max-video-preview:-1"},"canonical":"https:\/\/panoramic-art.de\/de\/natur\/","og_locale":"de_DE","og_type":"article","og_title":"Natur - Markus Bollen Photography!","og_description":"Bambus Dyck &#x2794; Europabl\u00fcte Brachland &#x2794; Blackbrook Rinden &#038; Flechten &#x2794; Eis &amp; Wasser Wald &#038; Sturm &#x2794; Eifgenbach","og_url":"https:\/\/panoramic-art.de\/de\/natur\/","og_site_name":"Markus Bollen Photography!","article_modified_time":"2025-09-09T09:17:13+00:00","og_image":[{"url":"https:\/\/panoramic-art.de\/wp-content\/uploads\/2025\/07\/imgi_9_Bambus-02-392-16-Bambus-Hawaii-1.jpg","type":"","width":"","height":""}],"twitter_card":"summary_large_image","twitter_misc":{"Est. reading time":"3 minutes"},"schema":{"@context":"https:\/\/schema.org","@graph":[{"@type":"WebPage","@id":"https:\/\/panoramic-art.de\/natur\/","url":"https:\/\/panoramic-art.de\/natur\/","name":"Natur - Markus Bollen Photography!","isPartOf":{"@id":"https:\/\/panoramic-art.de\/#website"},"primaryImageOfPage":{"@id":"https:\/\/panoramic-art.de\/natur\/#primaryimage"},"image":{"@id":"https:\/\/panoramic-art.de\/natur\/#primaryimage"},"thumbnailUrl":"https:\/\/panoramic-art.de\/wp-content\/uploads\/2025\/07\/imgi_9_Bambus-02-392-16-Bambus-Hawaii-1.jpg","datePublished":"2024-02-28T10:50:44+00:00","dateModified":"2025-09-09T09:17:13+00:00","inLanguage":"de-LS","potentialAction":[{"@type":"ReadAction","target":["https:\/\/panoramic-art.de\/natur\/"]}]},{"@type":"ImageObject","inLanguage":"de-LS","@id":"https:\/\/panoramic-art.de\/natur\/#primaryimage","url":"https:\/\/panoramic-art.de\/wp-content\/uploads\/2025\/07\/imgi_9_Bambus-02-392-16-Bambus-Hawaii-1.jpg","contentUrl":"https:\/\/panoramic-art.de\/wp-content\/uploads\/2025\/07\/imgi_9_Bambus-02-392-16-Bambus-Hawaii-1.jpg"},{"@type":"WebSite","@id":"https:\/\/panoramic-art.de\/#website","url":"https:\/\/panoramic-art.de\/","name":"Markus Bollen Photography!","description":"","potentialAction":[{"@type":"SearchAction","target":{"@type":"EntryPoint","urlTemplate":"https:\/\/panoramic-art.de\/?s={search_term_string}"},"query-input":{"@type":"PropertyValueSpecification","valueRequired":true,"valueName":"search_term_string"}}],"inLanguage":"de-LS"}]}},"_links":{"self":[{"href":"https:\/\/panoramic-art.de\/de\/wp-json\/wp\/v2\/pages\/16","targetHints":{"allow":["GET"]}}],"collection":[{"href":"https:\/\/panoramic-art.de\/de\/wp-json\/wp\/v2\/pages"}],"about":[{"href":"https:\/\/panoramic-art.de\/de\/wp-json\/wp\/v2\/types\/page"}],"author":[{"embeddable":true,"href":"https:\/\/panoramic-art.de\/de\/wp-json\/wp\/v2\/users\/1"}],"replies":[{"embeddable":true,"href":"https:\/\/panoramic-art.de\/de\/wp-json\/wp\/v2\/comments?post=16"}],"version-history":[{"count":5,"href":"https:\/\/panoramic-art.de\/de\/wp-json\/wp\/v2\/pages\/16\/revisions"}],"predecessor-version":[{"id":1270,"href":"https:\/\/panoramic-art.de\/de\/wp-json\/wp\/v2\/pages\/16\/revisions\/1270"}],"wp:attachment":[{"href":"https:\/\/panoramic-art.de\/de\/wp-json\/wp\/v2\/media?parent=16"}],"curies":[{"name":"wp","href":"https:\/\/api.w.org\/{rel}","templated":true}]}}