{"id":454,"date":"2025-05-08T18:02:04","date_gmt":"2025-05-08T16:02:04","guid":{"rendered":"https:\/\/neu.panoramic-art.de\/?page_id=454"},"modified":"2025-09-09T11:49:47","modified_gmt":"2025-09-09T09:49:47","slug":"kontakt","status":"publish","type":"page","link":"https:\/\/panoramic-art.de\/de\/kontakt\/","title":{"rendered":"Kontakt"},"content":{"rendered":"<div data-elementor-type=\"wp-page\" data-elementor-id=\"454\" class=\"elementor elementor-454\" data-elementor-post-type=\"page\">\n\t\t\t\t<div class=\"elementor-element elementor-element-4c35db6 e-flex e-con-boxed e-con e-parent\" data-id=\"4c35db6\" data-element_type=\"container\" data-e-type=\"container\">\n\t\t\t\t\t<div class=\"e-con-inner\">\n\t\t\t\t<div class=\"elementor-element elementor-element-9b42be8 elementor-widget elementor-widget-heading\" data-id=\"9b42be8\" data-element_type=\"widget\" data-e-type=\"widget\" data-widget_type=\"heading.default\">\n\t\t\t\t<div class=\"elementor-widget-container\">\n\t\t\t\t\t<h2 class=\"elementor-heading-title elementor-size-default\">Kontakt - Markus Bollen<\/h2>\t\t\t\t<\/div>\n\t\t\t\t<\/div>\n\t\t\t\t\t<\/div>\n\t\t\t\t<\/div>\n\t\t<div class=\"elementor-element elementor-element-2d3b8c9 e-flex e-con-boxed e-con e-parent\" data-id=\"2d3b8c9\" data-element_type=\"container\" data-e-type=\"container\">\n\t\t\t\t\t<div class=\"e-con-inner\">\n\t\t<div class=\"elementor-element elementor-element-d5e6287 e-con-full e-flex e-con e-child\" data-id=\"d5e6287\" data-element_type=\"container\" data-e-type=\"container\">\n\t\t\t\t<div class=\"elementor-element elementor-element-47a313b elementor-widget elementor-widget-text-editor\" data-id=\"47a313b\" data-element_type=\"widget\" data-e-type=\"widget\" data-widget_type=\"text-editor.default\">\n\t\t\t\t<div class=\"elementor-widget-container\">\n\t\t\t\t\t\t\t\t\t<p>Nikolausstr. 7B<br \/>D-51429 Bergisch Gladbach<br \/>Tel: +49-2204-22220<br \/>Mobil: +49 176 32236267<br \/><a href=\"https:\/\/web.archive.org\/web\/20250212150217\/mailto:look@panoramic-art.de\">look@panoramic-art.de<\/a><\/p>\t\t\t\t\t\t\t\t<\/div>\n\t\t\t\t<\/div>\n\t\t\t\t<\/div>\n\t\t<div class=\"elementor-element elementor-element-0238bdf e-con-full e-flex e-con e-child\" data-id=\"0238bdf\" data-element_type=\"container\" data-e-type=\"container\">\n\t\t\t\t<div class=\"elementor-element elementor-element-c47b32a elementor-widget elementor-widget-text-editor\" data-id=\"c47b32a\" data-element_type=\"widget\" data-e-type=\"widget\" data-widget_type=\"text-editor.default\">\n\t\t\t\t<div class=\"elementor-widget-container\">\n\t\t\t\t\t\t\t\t\t<p>Sie sind nach Terminabsprache herzlich zu einem Besuch in das Atelier von Markus Bollen in Bensberg eingeladen, um seine Arbeiten pers\u00f6nlich erleben zu k\u00f6nnen. F\u00fcr eine Terminabsprache nutzen Sie bitte dieses Kontaktformular oder\u00a0<a href=\"https:\/\/web.archive.org\/web\/20250212150217\/mailto:%20look@panoramic-art.de?subject=Kontakt%20ueber%20panoramic-art.de\">senden Sie hier direkt eine Mail<\/a>.<\/p>\t\t\t\t\t\t\t\t<\/div>\n\t\t\t\t<\/div>\n\t\t\t\t<\/div>\n\t\t\t\t\t<\/div>\n\t\t\t\t<\/div>\n\t\t\t\t<\/div>","protected":false},"excerpt":{"rendered":"<p>Kontakt &#8211; Markus Bollen Nikolausstr. 7BD-51429 Bergisch GladbachTel: +49-2204-22220Mobil: +49 176 32236267look@panoramic-art.de Sie sind nach Terminabsprache herzlich zu einem Besuch in das Atelier von Markus&hellip;<\/p>","protected":false},"author":1,"featured_media":0,"parent":0,"menu_order":0,"comment_status":"closed","ping_status":"closed","template":"","meta":{"footnotes":""},"class_list":["post-454","page","type-page","status-publish","hentry"],"yoast_head":"<!-- This site is optimized with the Yoast SEO plugin v27.3 - https:\/\/yoast.com\/product\/yoast-seo-wordpress\/ -->\n<title>Kontakt - Markus Bollen Photography!<\/title>\n<meta name=\"robots\" content=\"index, follow, max-snippet:-1, max-image-preview:large, max-video-preview:-1\" \/>\n<link rel=\"canonical\" href=\"https:\/\/panoramic-art.de\/de\/kontakt\/\" \/>\n<meta property=\"og:locale\" content=\"de_DE\" \/>\n<meta property=\"og:type\" content=\"article\" \/>\n<meta property=\"og:title\" content=\"Kontakt - Markus Bollen Photography!\" \/>\n<meta property=\"og:description\" content=\"Kontakt &#8211; Markus Bollen Nikolausstr. 7BD-51429 Bergisch GladbachTel: +49-2204-22220Mobil: +49 176 32236267look@panoramic-art.de Sie sind nach Terminabsprache herzlich zu einem Besuch in das Atelier von Markus&hellip;\" \/>\n<meta property=\"og:url\" content=\"https:\/\/panoramic-art.de\/de\/kontakt\/\" \/>\n<meta property=\"og:site_name\" content=\"Markus Bollen Photography!\" \/>\n<meta property=\"article:modified_time\" content=\"2025-09-09T09:49:47+00:00\" \/>\n<meta name=\"twitter:card\" content=\"summary_large_image\" \/>\n<meta name=\"twitter:label1\" content=\"Est. reading time\" \/>\n\t<meta name=\"twitter:data1\" content=\"1 minute\" \/>\n<script type=\"application\/ld+json\" class=\"yoast-schema-graph\">{\"@context\":\"https:\\\/\\\/schema.org\",\"@graph\":[{\"@type\":\"WebPage\",\"@id\":\"https:\\\/\\\/panoramic-art.de\\\/kontakt\\\/\",\"url\":\"https:\\\/\\\/panoramic-art.de\\\/kontakt\\\/\",\"name\":\"Kontakt - Markus Bollen Photography!\",\"isPartOf\":{\"@id\":\"https:\\\/\\\/panoramic-art.de\\\/#website\"},\"datePublished\":\"2025-05-08T16:02:04+00:00\",\"dateModified\":\"2025-09-09T09:49:47+00:00\",\"inLanguage\":\"de-LS\",\"potentialAction\":[{\"@type\":\"ReadAction\",\"target\":[\"https:\\\/\\\/panoramic-art.de\\\/kontakt\\\/\"]}]},{\"@type\":\"WebSite\",\"@id\":\"https:\\\/\\\/panoramic-art.de\\\/#website\",\"url\":\"https:\\\/\\\/panoramic-art.de\\\/\",\"name\":\"Markus Bollen Photography!\",\"description\":\"\",\"potentialAction\":[{\"@type\":\"SearchAction\",\"target\":{\"@type\":\"EntryPoint\",\"urlTemplate\":\"https:\\\/\\\/panoramic-art.de\\\/?s={search_term_string}\"},\"query-input\":{\"@type\":\"PropertyValueSpecification\",\"valueRequired\":true,\"valueName\":\"search_term_string\"}}],\"inLanguage\":\"de-LS\"}]}<\/script>\n<!-- \/ Yoast SEO plugin. -->","yoast_head_json":{"title":"Kontakt - Markus Bollen Photography!","robots":{"index":"index","follow":"follow","max-snippet":"max-snippet:-1","max-image-preview":"max-image-preview:large","max-video-preview":"max-video-preview:-1"},"canonical":"https:\/\/panoramic-art.de\/de\/kontakt\/","og_locale":"de_DE","og_type":"article","og_title":"Kontakt - Markus Bollen Photography!","og_description":"Kontakt &#8211; Markus Bollen Nikolausstr. 7BD-51429 Bergisch GladbachTel: +49-2204-22220Mobil: +49 176 32236267look@panoramic-art.de Sie sind nach Terminabsprache herzlich zu einem Besuch in das Atelier von Markus&hellip;","og_url":"https:\/\/panoramic-art.de\/de\/kontakt\/","og_site_name":"Markus Bollen Photography!","article_modified_time":"2025-09-09T09:49:47+00:00","twitter_card":"summary_large_image","twitter_misc":{"Est. reading time":"1 minute"},"schema":{"@context":"https:\/\/schema.org","@graph":[{"@type":"WebPage","@id":"https:\/\/panoramic-art.de\/kontakt\/","url":"https:\/\/panoramic-art.de\/kontakt\/","name":"Kontakt - Markus Bollen Photography!","isPartOf":{"@id":"https:\/\/panoramic-art.de\/#website"},"datePublished":"2025-05-08T16:02:04+00:00","dateModified":"2025-09-09T09:49:47+00:00","inLanguage":"de-LS","potentialAction":[{"@type":"ReadAction","target":["https:\/\/panoramic-art.de\/kontakt\/"]}]},{"@type":"WebSite","@id":"https:\/\/panoramic-art.de\/#website","url":"https:\/\/panoramic-art.de\/","name":"Markus Bollen Photography!","description":"","potentialAction":[{"@type":"SearchAction","target":{"@type":"EntryPoint","urlTemplate":"https:\/\/panoramic-art.de\/?s={search_term_string}"},"query-input":{"@type":"PropertyValueSpecification","valueRequired":true,"valueName":"search_term_string"}}],"inLanguage":"de-LS"}]}},"_links":{"self":[{"href":"https:\/\/panoramic-art.de\/de\/wp-json\/wp\/v2\/pages\/454","targetHints":{"allow":["GET"]}}],"collection":[{"href":"https:\/\/panoramic-art.de\/de\/wp-json\/wp\/v2\/pages"}],"about":[{"href":"https:\/\/panoramic-art.de\/de\/wp-json\/wp\/v2\/types\/page"}],"author":[{"embeddable":true,"href":"https:\/\/panoramic-art.de\/de\/wp-json\/wp\/v2\/users\/1"}],"replies":[{"embeddable":true,"href":"https:\/\/panoramic-art.de\/de\/wp-json\/wp\/v2\/comments?post=454"}],"version-history":[{"count":5,"href":"https:\/\/panoramic-art.de\/de\/wp-json\/wp\/v2\/pages\/454\/revisions"}],"predecessor-version":[{"id":1313,"href":"https:\/\/panoramic-art.de\/de\/wp-json\/wp\/v2\/pages\/454\/revisions\/1313"}],"wp:attachment":[{"href":"https:\/\/panoramic-art.de\/de\/wp-json\/wp\/v2\/media?parent=454"}],"curies":[{"name":"wp","href":"https:\/\/api.w.org\/{rel}","templated":true}]}}