{"id":1398,"date":"2026-03-19T09:38:55","date_gmt":"2026-03-19T08:38:55","guid":{"rendered":"https:\/\/panoramic-art.de\/?page_id=1398"},"modified":"2026-03-19T09:39:57","modified_gmt":"2026-03-19T08:39:57","slug":"lebenslauf","status":"publish","type":"page","link":"https:\/\/panoramic-art.de\/fr\/lebenslauf\/","title":{"rendered":"CV"},"content":{"rendered":"<p>N\u00e9 en 1960 \u00e0 Hambourg<br>A grandi dans la r\u00e9gion du Bergisches Land<\/p>\n\n\n\n<p>Dipl\u00f4me d&#039;\u00e9tudes secondaires de 1979<\/p>\n\n\n\n<p>1981-1983 Formation de photographe,<br>\u00c9cole Lette (artisanat) et<br>Atelier de photographie \u00e0 Berlin-Kreuzberg (art)<\/p>\n\n\n\n<p>Voyage en Australie en 1982, Route 1<br>de Melbourne \u00e0 Cairns<\/p>\n\n\n\n<p>1983 Premi\u00e8re exposition \u00e0 l&#039;h\u00f4tel de ville de Bensberg<br>\u201e Portraits et Moo-Picture-Press \u201c<\/p>\n\n\n\n<p>1982 D\u00e9but de la pratique du zen Rinzai au dojo Mumon-Kai, \u00e0 Berlin<\/p>\n\n\n\n<p>1983-1985 \u00c9tudes de sinologie \u00e0 Cologne<\/p>\n\n\n\n<p>1984 Travail dans la production vid\u00e9o au sein de l&#039;agence de publicit\u00e9 McCann-Erickson<\/p>\n\n\n\n<p>1984-1985 Travail au sein de la soci\u00e9t\u00e9 de production de films industriels KPM\u00a0; d\u00e9placements professionnels au Kowe\u00eft, en Tha\u00eflande, au Venezuela et au Guatemala.<\/p>\n\n\n\n<p>Exposition de 1985 \u00e0 la \u201e Galerie Sangermann \u201c, Berlin<\/p>\n\n\n\n<p>1985-1987 Apr\u00e8s avoir obtenu mon master, j&#039;ai pass\u00e9 du temps au Japon, en R\u00e9publique de Chine, et j&#039;ai voyag\u00e9 en Chine communiste et au Tibet.<\/p>\n\n\n\n<p>1986 D\u00e9but de l&#039;a\u00efkido<\/p>\n\n\n\n<p>1986 Exposition \u00e0 Taipei \u201e Jiu Zai Gou \u201c une vall\u00e9e du Tibet<\/p>\n\n\n\n<p>Photographe ind\u00e9pendant depuis 1987<\/p>\n\n\n\n<p>1988, premiers voyages en Sicile<\/p>\n\n\n\n<p>Travaux de 1989 sur les jardins en Angleterre<br>D\u00e9but des travaux \u201e Structures naturelles \u201c<\/p>\n\n\n\n<p>1990 : D\u00e9but d&#039;un projet sur les artistes \u00e0 Dresde, documentant la situation des artistes ayant travaill\u00e9 en dehors du syst\u00e8me artistique d&#039;\u00c9tat.<br>Les portraits en studio t\u00e9moignent du statu quo.<\/p>\n\n\n\n<p>1991 Exposition \u00e0 Dresde \u201e Galerie Nord \u201c<br>\u201e Le Portrait \u201c<\/p>\n\n\n\n<p>1992, premier s\u00e9jour aux \u00c9tats-Unis,<br>New York et Washington<\/p>\n\n\n\n<p>Exposition de 1993 \u00e0 Cottbus<br>\u201ePortraits d&#039;artistes \u201c B53 \u00bb<\/p>\n\n\n\n<p>Voyage de 1993 au Kham, Tibet oriental,<br>aujourd&#039;hui partie du Sichuan<\/p>\n\n\n\n<p>Voyage en Tunisie pour Lufthansa en 1993<br>\u00c0 la suite de Klee, Macke et Moillet<\/p>\n\n\n\n<p>\u0152uvre de 1994 sur les ch\u00e2teaux de Sicile \u201e\u00a0Castelli in Sicilia\u00a0\u201c au grand format 8\/10 pouces\u201c<\/p>\n\n\n\n<p>Exposition de 1994 \u00e0 Leverkusen sur le th\u00e8me du \u201e Tibet \u201c<\/p>\n\n\n\n<p>1994 1er voyage \u00e0 Sapmi, travail sur les Sam\u00e9, le dernier peuple autochtone d&#039;Europe, Scandinavie du Nord \u2013 Laponie<\/p>\n\n\n\n<p>Exposition \u201e Tibet \u201c de 1995 \u00e0 l&#039;H\u00f4tel de Ville de Cologne \u00e0 l&#039;occasion de la visite de Sa Saintet\u00e9 le 14e dala\u00ef-lama Tenzin Gyatso<\/p>\n\n\n\n<p>Documentaire de 1996 \u00e0 J\u00e9rusalem sur la construction d&#039;une croix sur le d\u00f4me de l&#039;\u00e9glise du Saint-S\u00e9pulcre.<\/p>\n\n\n\n<p>Voyage au Tibet, au Kham et \u00e0 Lhassa en 1996, puis passage par voie terrestre au N\u00e9pal<\/p>\n\n\n\n<p>1996 2e-3e voyage \u00e0 Sapmi, travail sur \u201e Arctic Cowboys \u201c<\/p>\n\n\n\n<p>1997 S\u00e9jour aux \u00c9tats-Unis, en Californie, \u00e0 Los Angeles. Collaboration avec les photographes Donald Dietz et Douglas Kirkland.<\/p>\n\n\n\n<p>Collaboration avec D. Dietz \u00e0 Hong Kong en 1997\u00a0: \u201e\u00a0Handover\u00a0\u201c<\/p>\n\n\n\n<p>1998-1999 Travail sur le livre \u201e Ch\u00e2teaux d&#039;Italie \u201c<\/p>\n\n\n\n<p>Travail r\u00e9alis\u00e9 en 1998 dans le Valais sur le snowboard (et les cascades).<\/p>\n\n\n\n<p>Travail r\u00e9alis\u00e9 en 1998 \u00e0 Maui, Hawa\u00ef, sur la planche \u00e0 voile (bambou \u00e0 c\u00f4t\u00e9).<\/p>\n\n\n\n<p>Travaux de 1998 sur l&#039;architecture de l&#039;Exposition universelle de Lisbonne<\/p>\n\n\n\n<p>1999 Exposition \u00e0 Bensberg chez \u201e Koehler Hering Neumann Luxem \u201c<\/p>\n\n\n\n<p>Travail r\u00e9alis\u00e9 en 1999 aux Seychelles, o\u00f9 les \u201e Palms \u201c ont \u00e9t\u00e9 cr\u00e9\u00e9s.\u201c<\/p>\n\n\n\n<p>Voyage au Liban et en Syrie en 2000<\/p>\n\n\n\n<p>Exposition collective de 2001 \u00e0 Karlsruhe intitul\u00e9e \u201e L\u2019art au tribunal r\u00e9gional \u201c<\/p>\n\n\n\n<p>2001 Exposition \u00e0 Bergisch Gladbach \u201e Kursana \u201c<\/p>\n\n\n\n<p>Bourse d&#039;\u00e9tudes 2001 de la Fondation culturelle VG-Bildkunst<\/p>\n\n\n\n<p>Exposition de 2002 au \u201e Quattrium \u201c de Ratingen<\/p>\n\n\n\n<p>Exposition de 2002 \u00e0 \u201e ACT \u201c \u00e0 Cologne<\/p>\n\n\n\n<p>Voyage en Mazurie en 2002, d\u00e9but des travaux sur \u201e\u00a0Brachland\u00a0\u201c sur place\u201c<\/p>\n\n\n\n<p>Exposition de 2003 \u00e0 l&#039;Agora de Hambourg<\/p>\n\n\n\n<p>Exposition de 2003 au Kulturbunker de Cologne<\/p>\n\n\n\n<p>Exposition de 2004 chez R&amp;L \u00e0 Hambourg<\/p>\n\n\n\n<p>Exposition de 2004 \u00e0 AON \u00e0 Hambourg<\/p>\n\n\n\n<p>2004 Exposition chez GE-Capital \u00e0 Neuss<\/p>\n\n\n\n<p>2004 Exposition chez AON \u00e0 M\u00fclheim<\/p>\n\n\n\n<p>Exposition de 2004 \u00e0 la Media Factory, Braunschweig<\/p>\n\n\n\n<p>2005 Exposition au Ch\u00e2teau Dyck, Grevenbroich<\/p>\n\n\n\n<p>Exposition de 2006 \u00e0 la galerie Doy\u00e9 et Neuhaus, Cologne<\/p>\n\n\n\n<p>Exposition de 2006 \u00e0 la Pax-Bank, Cologne<\/p>\n\n\n\n<p>2006 Travaux sur le projet \u201e\u00a0China Boom\u00a0\u201c \u00e0 P\u00e9kin et Shanghai<\/p>\n\n\n\n<p>2007 Exposition chez von Zanthier, Berlin<\/p>\n\n\n\n<p>2008 D\u00e9but des travaux d&#039;exploitation mini\u00e8re \u00e0 ciel ouvert<\/p>\n\n\n\n<p>Exposition de 2008 au Rotonda Business Club, Cologne<\/p>\n\n\n\n<p>Exposition de 2009 \u00e0 la galerie ArtFabrik, Wuppertal<\/p>\n\n\n\n<p>Exposition de 2009 \u00e0 l&#039;Acad\u00e9mie Allianz de Cologne<\/p>\n\n\n\n<p>2010 Exposition \u00e0 l&#039;A24 TBG \u201e Zeitzeichen \u201c<\/p>\n\n\n\n<p>Exposition de 2010 \u00e0 l&#039;Institut f\u00e9d\u00e9ral de recherche routi\u00e8re<\/p>\n\n\n\n<p>2011 Exposition \u00e0 la Deutschlandfunk Cologne<\/p>\n\n\n\n<p>Exposition de 2011 \u00e0 la Sarasin Bank, Cologne<\/p>\n\n\n\n<p>Exposition 2011 au Tribunal r\u00e9gional de Karlsruhe<\/p>\n\n\n\n<p>Exposition 2012 de la Chambre de commerce et d&#039;industrie de Cologne<\/p>\n\n\n\n<p>Financement de la Fondation F. Victor Rolff en 2013<\/p>\n\n\n\n<p>Exposition 2013 chez Ernst&amp;Young Cologne<\/p>\n\n\n\n<p>Exposition de 2013 \u00e0 la galerie ArtFabrik, Wuppertal<\/p>\n\n\n\n<p>2014 Exposition au MVZ, Venusberg, Bonn<\/p>\n\n\n\n<p>2015 Exposition au Pavillon de Verre Rheinbach<\/p>\n\n\n\n<p>Exposition 2015 \u00e0 l&#039;E-Werk Cottbus \u201e Exploitation mini\u00e8re \u00e0 ciel ouvert \u201c<\/p>\n\n\n\n<p>2016 Exposition au VHS Bergisch Gladbach<\/p>\n\n\n\n<p>Exposition 2017 \u00e0 la galerie Schaelpic de Cologne \u201e Blackbrook \u201c<\/p>\n\n\n\n<p>Exposition collective \u00ab\u00a0Espoir et Solidarit\u00e9\u00a0\u00bb avec Gerhard Richter et d\u2019autres artistes, Cologne, 2018<\/p>\n\n\n\n<p>Exposition 2019 au ch\u00e2teau de Dyck \u201e\u00a0Focus sur les jardins \u2013 G\u00e9nie Dyckensis\u00a0\u201c<\/p>\n\n\n\n<p>Exposition collective de 2019 au ch\u00e2teau de Gladbach \u201e Blanche-Neige \u201c<\/p>\n\n\n\n<p>Exposition collective de 2019 au ch\u00e2teau de L\u00fcntenbeck<\/p>\n\n\n\n<p>Exposition collective de 2019 \u00e0 la Galerie \u201e Ins Blaue \u201c, Remscheid \u201e La for\u00eat et la temp\u00eate \u201c<\/p>\n\n\n\n<p>Lorsque je regarde l&#039;\u00e9cran en verre d\u00e9poli, la question se pose toujours : cette image, au format 100x300 cm, peut-elle encore offrir aux spectateurs quelque chose de valeur pendant 10 ans ?<\/p>\n\n\n\n<p>Je souhaite que mes photos apportent joie et force \u00e0 celui ou celle qui les regarde.<br>Le plus grand compliment que je pourrais recevoir serait que les gens, apr\u00e8s avoir visit\u00e9 l&#039;exposition et \u00e9t\u00e9 inspir\u00e9s par les images, se disent : \u00ab Maintenant, je dois retourner dans la nature et observer cela de plus pr\u00e8s. \u00bb.<\/p>\n\n\n\n<figure class=\"wp-block-image size-large\"><img fetchpriority=\"high\" decoding=\"async\" width=\"1024\" height=\"819\" src=\"https:\/\/panoramic-art.de\/wp-content\/uploads\/2026\/03\/Lebenslauf-40-50-2024-1024x819.jpeg\" alt=\"\" class=\"wp-image-1400\" srcset=\"https:\/\/panoramic-art.de\/wp-content\/uploads\/2026\/03\/Lebenslauf-40-50-2024-1024x819.jpeg 1024w, https:\/\/panoramic-art.de\/wp-content\/uploads\/2026\/03\/Lebenslauf-40-50-2024-300x240.jpeg 300w, https:\/\/panoramic-art.de\/wp-content\/uploads\/2026\/03\/Lebenslauf-40-50-2024-768x614.jpeg 768w, https:\/\/panoramic-art.de\/wp-content\/uploads\/2026\/03\/Lebenslauf-40-50-2024-15x12.jpeg 15w, https:\/\/panoramic-art.de\/wp-content\/uploads\/2026\/03\/Lebenslauf-40-50-2024.jpeg 1200w\" sizes=\"(max-width: 1024px) 100vw, 1024px\" \/><\/figure>","protected":false},"excerpt":{"rendered":"<p>Geb. 1960 in HamburgAufgewachsen im Bergischen Land 1979 Abitur 1981-1983 Ausbildung zum Photographen,Lette-Schule&nbsp;(Handwerk) undWerkstatt f\u00fcr Photographie in&nbsp;Berlin-Kreuzberg (Kunst) 1982 Reise nach Australien, Highway 1von Melbourne&nbsp;nach&hellip;<\/p>","protected":false},"author":1,"featured_media":0,"parent":0,"menu_order":0,"comment_status":"closed","ping_status":"closed","template":"","meta":{"footnotes":""},"class_list":["post-1398","page","type-page","status-publish","hentry"],"yoast_head":"<!-- This site is optimized with the Yoast SEO plugin v27.3 - https:\/\/yoast.com\/product\/yoast-seo-wordpress\/ -->\n<title>Lebenslauf - Markus Bollen Photography!<\/title>\n<meta name=\"robots\" content=\"index, follow, max-snippet:-1, max-image-preview:large, max-video-preview:-1\" \/>\n<link rel=\"canonical\" href=\"https:\/\/panoramic-art.de\/fr\/lebenslauf\/\" \/>\n<meta property=\"og:locale\" content=\"fr_FR\" \/>\n<meta property=\"og:type\" content=\"article\" \/>\n<meta property=\"og:title\" content=\"Lebenslauf - Markus Bollen Photography!\" \/>\n<meta property=\"og:description\" content=\"Geb. 1960 in HamburgAufgewachsen im Bergischen Land 1979 Abitur 1981-1983 Ausbildung zum Photographen,Lette-Schule&nbsp;(Handwerk) undWerkstatt f\u00fcr Photographie in&nbsp;Berlin-Kreuzberg (Kunst) 1982 Reise nach Australien, Highway 1von Melbourne&nbsp;nach&hellip;\" \/>\n<meta property=\"og:url\" content=\"https:\/\/panoramic-art.de\/fr\/lebenslauf\/\" \/>\n<meta property=\"og:site_name\" content=\"Markus Bollen Photography!\" \/>\n<meta property=\"article:modified_time\" content=\"2026-03-19T08:39:57+00:00\" \/>\n<meta property=\"og:image\" content=\"https:\/\/panoramic-art.de\/wp-content\/uploads\/2026\/03\/Lebenslauf-40-50-2024.jpeg\" \/>\n\t<meta property=\"og:image:width\" content=\"1200\" \/>\n\t<meta property=\"og:image:height\" content=\"960\" \/>\n\t<meta property=\"og:image:type\" content=\"image\/jpeg\" \/>\n<meta name=\"twitter:card\" content=\"summary_large_image\" \/>\n<meta name=\"twitter:label1\" content=\"Dur\u00e9e de lecture estim\u00e9e\" \/>\n\t<meta name=\"twitter:data1\" content=\"5 minutes\" \/>\n<script type=\"application\/ld+json\" class=\"yoast-schema-graph\">{\"@context\":\"https:\\\/\\\/schema.org\",\"@graph\":[{\"@type\":\"WebPage\",\"@id\":\"https:\\\/\\\/panoramic-art.de\\\/lebenslauf\\\/\",\"url\":\"https:\\\/\\\/panoramic-art.de\\\/lebenslauf\\\/\",\"name\":\"Lebenslauf - Markus Bollen Photography!\",\"isPartOf\":{\"@id\":\"https:\\\/\\\/panoramic-art.de\\\/#website\"},\"primaryImageOfPage\":{\"@id\":\"https:\\\/\\\/panoramic-art.de\\\/lebenslauf\\\/#primaryimage\"},\"image\":{\"@id\":\"https:\\\/\\\/panoramic-art.de\\\/lebenslauf\\\/#primaryimage\"},\"thumbnailUrl\":\"https:\\\/\\\/panoramic-art.de\\\/wp-content\\\/uploads\\\/2026\\\/03\\\/Lebenslauf-40-50-2024-1024x819.jpeg\",\"datePublished\":\"2026-03-19T08:38:55+00:00\",\"dateModified\":\"2026-03-19T08:39:57+00:00\",\"inLanguage\":\"fr-FR\",\"potentialAction\":[{\"@type\":\"ReadAction\",\"target\":[\"https:\\\/\\\/panoramic-art.de\\\/lebenslauf\\\/\"]}]},{\"@type\":\"ImageObject\",\"inLanguage\":\"fr-FR\",\"@id\":\"https:\\\/\\\/panoramic-art.de\\\/lebenslauf\\\/#primaryimage\",\"url\":\"https:\\\/\\\/panoramic-art.de\\\/wp-content\\\/uploads\\\/2026\\\/03\\\/Lebenslauf-40-50-2024-1024x819.jpeg\",\"contentUrl\":\"https:\\\/\\\/panoramic-art.de\\\/wp-content\\\/uploads\\\/2026\\\/03\\\/Lebenslauf-40-50-2024-1024x819.jpeg\"},{\"@type\":\"WebSite\",\"@id\":\"https:\\\/\\\/panoramic-art.de\\\/#website\",\"url\":\"https:\\\/\\\/panoramic-art.de\\\/\",\"name\":\"Markus Bollen Photography!\",\"description\":\"\",\"potentialAction\":[{\"@type\":\"SearchAction\",\"target\":{\"@type\":\"EntryPoint\",\"urlTemplate\":\"https:\\\/\\\/panoramic-art.de\\\/?s={search_term_string}\"},\"query-input\":{\"@type\":\"PropertyValueSpecification\",\"valueRequired\":true,\"valueName\":\"search_term_string\"}}],\"inLanguage\":\"fr-FR\"}]}<\/script>\n<!-- \/ Yoast SEO plugin. -->","yoast_head_json":{"title":"Lebenslauf - Markus Bollen Photography!","robots":{"index":"index","follow":"follow","max-snippet":"max-snippet:-1","max-image-preview":"max-image-preview:large","max-video-preview":"max-video-preview:-1"},"canonical":"https:\/\/panoramic-art.de\/fr\/lebenslauf\/","og_locale":"fr_FR","og_type":"article","og_title":"Lebenslauf - Markus Bollen Photography!","og_description":"Geb. 1960 in HamburgAufgewachsen im Bergischen Land 1979 Abitur 1981-1983 Ausbildung zum Photographen,Lette-Schule&nbsp;(Handwerk) undWerkstatt f\u00fcr Photographie in&nbsp;Berlin-Kreuzberg (Kunst) 1982 Reise nach Australien, Highway 1von Melbourne&nbsp;nach&hellip;","og_url":"https:\/\/panoramic-art.de\/fr\/lebenslauf\/","og_site_name":"Markus Bollen Photography!","article_modified_time":"2026-03-19T08:39:57+00:00","og_image":[{"width":1200,"height":960,"url":"https:\/\/panoramic-art.de\/wp-content\/uploads\/2026\/03\/Lebenslauf-40-50-2024.jpeg","type":"image\/jpeg"}],"twitter_card":"summary_large_image","twitter_misc":{"Dur\u00e9e de lecture estim\u00e9e":"5 minutes"},"schema":{"@context":"https:\/\/schema.org","@graph":[{"@type":"WebPage","@id":"https:\/\/panoramic-art.de\/lebenslauf\/","url":"https:\/\/panoramic-art.de\/lebenslauf\/","name":"Lebenslauf - Markus Bollen Photography!","isPartOf":{"@id":"https:\/\/panoramic-art.de\/#website"},"primaryImageOfPage":{"@id":"https:\/\/panoramic-art.de\/lebenslauf\/#primaryimage"},"image":{"@id":"https:\/\/panoramic-art.de\/lebenslauf\/#primaryimage"},"thumbnailUrl":"https:\/\/panoramic-art.de\/wp-content\/uploads\/2026\/03\/Lebenslauf-40-50-2024-1024x819.jpeg","datePublished":"2026-03-19T08:38:55+00:00","dateModified":"2026-03-19T08:39:57+00:00","inLanguage":"fr-FR","potentialAction":[{"@type":"ReadAction","target":["https:\/\/panoramic-art.de\/lebenslauf\/"]}]},{"@type":"ImageObject","inLanguage":"fr-FR","@id":"https:\/\/panoramic-art.de\/lebenslauf\/#primaryimage","url":"https:\/\/panoramic-art.de\/wp-content\/uploads\/2026\/03\/Lebenslauf-40-50-2024-1024x819.jpeg","contentUrl":"https:\/\/panoramic-art.de\/wp-content\/uploads\/2026\/03\/Lebenslauf-40-50-2024-1024x819.jpeg"},{"@type":"WebSite","@id":"https:\/\/panoramic-art.de\/#website","url":"https:\/\/panoramic-art.de\/","name":"Photographie de Markus Bollen !","description":"","potentialAction":[{"@type":"SearchAction","target":{"@type":"EntryPoint","urlTemplate":"https:\/\/panoramic-art.de\/?s={search_term_string}"},"query-input":{"@type":"PropertyValueSpecification","valueRequired":true,"valueName":"search_term_string"}}],"inLanguage":"fr-FR"}]}},"_links":{"self":[{"href":"https:\/\/panoramic-art.de\/fr\/wp-json\/wp\/v2\/pages\/1398","targetHints":{"allow":["GET"]}}],"collection":[{"href":"https:\/\/panoramic-art.de\/fr\/wp-json\/wp\/v2\/pages"}],"about":[{"href":"https:\/\/panoramic-art.de\/fr\/wp-json\/wp\/v2\/types\/page"}],"author":[{"embeddable":true,"href":"https:\/\/panoramic-art.de\/fr\/wp-json\/wp\/v2\/users\/1"}],"replies":[{"embeddable":true,"href":"https:\/\/panoramic-art.de\/fr\/wp-json\/wp\/v2\/comments?post=1398"}],"version-history":[{"count":2,"href":"https:\/\/panoramic-art.de\/fr\/wp-json\/wp\/v2\/pages\/1398\/revisions"}],"predecessor-version":[{"id":1401,"href":"https:\/\/panoramic-art.de\/fr\/wp-json\/wp\/v2\/pages\/1398\/revisions\/1401"}],"wp:attachment":[{"href":"https:\/\/panoramic-art.de\/fr\/wp-json\/wp\/v2\/media?parent=1398"}],"curies":[{"name":"wp","href":"https:\/\/api.w.org\/{rel}","templated":true}]}}