{"id":16,"date":"2024-02-28T11:50:44","date_gmt":"2024-02-28T10:50:44","guid":{"rendered":"https:\/\/neu.panoramic-art.de\/?page_id=16"},"modified":"2025-09-09T11:17:13","modified_gmt":"2025-09-09T09:17:13","slug":"natur","status":"publish","type":"page","link":"https:\/\/panoramic-art.de\/fr\/natur\/","title":{"rendered":"Nature"},"content":{"rendered":"<div data-elementor-type=\"wp-page\" data-elementor-id=\"16\" class=\"elementor elementor-16\" data-elementor-post-type=\"page\">\n\t\t\t\t<div class=\"elementor-element elementor-element-94dc78e e-flex e-con-boxed e-con e-parent\" data-id=\"94dc78e\" data-element_type=\"container\" data-e-type=\"container\">\n\t\t\t\t\t<div class=\"e-con-inner\">\n\t\t\t\t<div class=\"elementor-element elementor-element-96d14ac elementor-widget elementor-widget-ekit_wb_169\" data-id=\"96d14ac\" data-element_type=\"widget\" data-e-type=\"widget\" data-widget_type=\"ekit_wb_169.default\">\n\t\t\t\t<div class=\"elementor-widget-container\">\n\t\t\t\t\t<div class=\"custom-image-box\">\n  <img decoding=\"async\" src=\"https:\/\/panoramic-art.de\/wp-content\/uploads\/2025\/07\/imgi_9_Bambus-02-392-16-Bambus-Hawaii-1.jpg\"\" alt=\"Bambus\"class =\"custom-image\" \/>\n  <h2 class=\"custom-title\">bambou<\/h2>\n  <div class=\"custom-link-box\">\n    <a href=\"https:\/\/panoramic-art.de\/fr\/natur\/bambus\/\"\" class=\"custom-link\">Bambou \u2794<\/a>\n  <\/div>\n<\/div>\n\t\t\t\t\t\t<\/div>\n\t\t\t\t<\/div>\n\t\t\t\t<div class=\"elementor-element elementor-element-e08647c elementor-widget elementor-widget-ekit_wb_169\" data-id=\"e08647c\" data-element_type=\"widget\" data-e-type=\"widget\" data-widget_type=\"ekit_wb_169.default\">\n\t\t\t\t<div class=\"elementor-widget-container\">\n\t\t\t\t\t<div class=\"custom-image-box\">\n  <img decoding=\"async\" src=\"https:\/\/panoramic-art.de\/wp-content\/uploads\/2025\/07\/imgi_8_1864-01-Echinacea.jpg\"\" alt=\"Echinacea 1864-01\"class =\"custom-image\" \/>\n  <h2 class=\"custom-title\">\u00c9chinac\u00e9e 1864-01<\/h2>\n  <div class=\"custom-link-box\">\n    <a href=\"https:\/\/panoramic-art.de\/fr\/natur\/dyck\/\"\" class=\"custom-link\">Dyck \u2794<\/a>\n  <\/div>\n<\/div>\n\t\t\t\t\t\t<\/div>\n\t\t\t\t<\/div>\n\t\t\t\t<div class=\"elementor-element elementor-element-ff5ebd1 elementor-widget elementor-widget-ekit_wb_169\" data-id=\"ff5ebd1\" data-element_type=\"widget\" data-e-type=\"widget\" data-widget_type=\"ekit_wb_169.default\">\n\t\t\t\t<div class=\"elementor-widget-container\">\n\t\t\t\t\t<div class=\"custom-image-box\">\n  <img decoding=\"async\" src=\"https:\/\/panoramic-art.de\/wp-content\/uploads\/2025\/07\/imgi_8_Blueten-01-Europabluete-9101-012.jpg\"\" alt=\"Europabl\u00fcte\"class =\"custom-image\" \/>\n  <h2 class=\"custom-title\">fleur europ\u00e9enne<\/h2>\n  <div class=\"custom-link-box\">\n    <a href=\"https:\/\/panoramic-art.de\/fr\/natur\/blueten\/\"\" class=\"custom-link\">Fleurs \u2794<\/a>\n  <\/div>\n<\/div>\n\t\t\t\t\t\t<\/div>\n\t\t\t\t<\/div>\n\t\t\t\t<div class=\"elementor-element elementor-element-381e1c4 elementor-widget elementor-widget-ekit_wb_169\" data-id=\"381e1c4\" data-element_type=\"widget\" data-e-type=\"widget\" data-widget_type=\"ekit_wb_169.default\">\n\t\t\t\t<div class=\"elementor-widget-container\">\n\t\t\t\t\t<div class=\"custom-image-box\">\n  <img decoding=\"async\" src=\"https:\/\/panoramic-art.de\/wp-content\/uploads\/2025\/07\/imgi_23_BL-40-Waldboden-Maui-392-7Epson-Klein-ret.jpg\"\" alt=\"Waldboden Maui 392-7\"class =\"custom-image\" \/>\n  <h2 class=\"custom-title\">Sol forestier Maui 392-7<\/h2>\n  <div class=\"custom-link-box\">\n    <a href=\"https:\/\/panoramic-art.de\/fr\/natur\/brachland\/\"\" class=\"custom-link\">Terre en jach\u00e8re \u2794<\/a>\n  <\/div>\n<\/div>\n\t\t\t\t\t\t<\/div>\n\t\t\t\t<\/div>\n\t\t\t\t<div class=\"elementor-element elementor-element-23b59fc elementor-widget elementor-widget-ekit_wb_169\" data-id=\"23b59fc\" data-element_type=\"widget\" data-e-type=\"widget\" data-widget_type=\"ekit_wb_169.default\">\n\t\t\t\t<div class=\"elementor-widget-container\">\n\t\t\t\t\t<div class=\"custom-image-box\">\n  <img decoding=\"async\" src=\"https:\/\/panoramic-art.de\/wp-content\/uploads\/2025\/07\/imgi_8_1932-06-Blackbrook-B1.jpg\"\" alt=\"Blackbrook\"class =\"custom-image\" \/>\n  <h2 class=\"custom-title\">Blackbrook<\/h2>\n  <div class=\"custom-link-box\">\n    <a href=\"https:\/\/panoramic-art.de\/fr\/natur\/blackbrook\/\"\" class=\"custom-link\">Blackbrook \u2794<\/a>\n  <\/div>\n<\/div>\n\t\t\t\t\t\t<\/div>\n\t\t\t\t<\/div>\n\t\t\t\t<div class=\"elementor-element elementor-element-11b871f elementor-widget elementor-widget-ekit_wb_169\" data-id=\"11b871f\" data-element_type=\"widget\" data-e-type=\"widget\" data-widget_type=\"ekit_wb_169.default\">\n\t\t\t\t<div class=\"elementor-widget-container\">\n\t\t\t\t\t<div class=\"custom-image-box\">\n  <img decoding=\"async\" src=\"https:\/\/panoramic-art.de\/wp-content\/uploads\/2025\/07\/imgi_20_Rinden-14-EukalyptusHawaii-183-61-4.jpg\"\" alt=\"Rinden &amp; Flechten\"class =\"custom-image\" \/>\n  <h2 class=\"custom-title\">\u00c9corce et lichen<\/h2>\n  <div class=\"custom-link-box\">\n    <a href=\"https:\/\/panoramic-art.de\/fr\/natur\/rinden-flechten\/\"\" class=\"custom-link\">\u00c9corce et lichen \u2794<\/a>\n  <\/div>\n<\/div>\n\t\t\t\t\t\t<\/div>\n\t\t\t\t<\/div>\n\t\t\t\t<div class=\"elementor-element elementor-element-9e19d6b elementor-widget elementor-widget-ekit_wb_169\" data-id=\"9e19d6b\" data-element_type=\"widget\" data-e-type=\"widget\" data-widget_type=\"ekit_wb_169.default\">\n\t\t\t\t<div class=\"elementor-widget-container\">\n\t\t\t\t\t<div class=\"custom-image-box\">\n  <img decoding=\"async\" src=\"https:\/\/panoramic-art.de\/wp-content\/uploads\/2025\/07\/imgi_8_Wasser-01-1676-01Eisschollen-2.jpg\"\" alt=\"Eis &amp; Wasser\"class =\"custom-image\" \/>\n  <h2 class=\"custom-title\">Glace et eau<\/h2>\n  <div class=\"custom-link-box\">\n    <a href=\"https:\/\/panoramic-art.de\/fr\/natur\/eis-wasser\/\"\" class=\"custom-link\">Glace et eau \u2794<\/a>\n  <\/div>\n<\/div>\n\t\t\t\t\t\t<\/div>\n\t\t\t\t<\/div>\n\t\t\t\t<div class=\"elementor-element elementor-element-6d749ec elementor-widget elementor-widget-ekit_wb_169\" data-id=\"6d749ec\" data-element_type=\"widget\" data-e-type=\"widget\" data-widget_type=\"ekit_wb_169.default\">\n\t\t\t\t<div class=\"elementor-widget-container\">\n\t\t\t\t\t<div class=\"custom-image-box\">\n  <img decoding=\"async\" src=\"https:\/\/panoramic-art.de\/wp-content\/uploads\/2025\/07\/imgi_9_MBO-181104-Windwurf-Hardt-061-1024x768-1.jpg\"\" alt=\"Wald &amp; Sturm\"class =\"custom-image\" \/>\n  <h2 class=\"custom-title\">For\u00eat et temp\u00eate<\/h2>\n  <div class=\"custom-link-box\">\n    <a href=\"https:\/\/panoramic-art.de\/fr\/wald-sturm\/\"\" class=\"custom-link\">For\u00eat et temp\u00eate \u2794<\/a>\n  <\/div>\n<\/div>\n\t\t\t\t\t\t<\/div>\n\t\t\t\t<\/div>\n\t\t\t\t<div class=\"elementor-element elementor-element-4cd8dca elementor-widget elementor-widget-ekit_wb_169\" data-id=\"4cd8dca\" data-element_type=\"widget\" data-e-type=\"widget\" data-widget_type=\"ekit_wb_169.default\">\n\t\t\t\t<div class=\"elementor-widget-container\">\n\t\t\t\t\t<div class=\"custom-image-box\">\n  <img decoding=\"async\" src=\"https:\/\/panoramic-art.de\/wp-content\/uploads\/2025\/07\/imgi_17_2008-01-Eifgenbach.jpg\"\" alt=\"Eifgenbach\"class =\"custom-image\" \/>\n  <h2 class=\"custom-title\">Eifgenbach<\/h2>\n  <div class=\"custom-link-box\">\n    <a href=\"https:\/\/panoramic-art.de\/fr\/natur\/eifgenbach\/\"\" class=\"custom-link\">Eifgenbach \u2794<\/a>\n  <\/div>\n<\/div>\n\t\t\t\t\t\t<\/div>\n\t\t\t\t<\/div>\n\t\t\t\t\t<\/div>\n\t\t\t\t<\/div>\n\t\t<div class=\"elementor-element elementor-element-588a177 e-flex e-con-boxed e-con e-parent\" data-id=\"588a177\" data-element_type=\"container\" data-e-type=\"container\">\n\t\t\t\t\t<div class=\"e-con-inner\">\n\t\t\t\t<div class=\"elementor-element elementor-element-0bd48e9 elementor-widget elementor-widget-heading\" data-id=\"0bd48e9\" data-element_type=\"widget\" data-e-type=\"widget\" data-widget_type=\"heading.default\">\n\t\t\t\t<div class=\"elementor-widget-container\">\n\t\t\t\t\t<h2 class=\"elementor-heading-title elementor-size-default\">La nature dans sa beaut\u00e9 parfaite<\/h2>\t\t\t\t<\/div>\n\t\t\t\t<\/div>\n\t\t\t\t<div class=\"elementor-element elementor-element-e3a2301 elementor-widget elementor-widget-text-editor\" data-id=\"e3a2301\" data-element_type=\"widget\" data-e-type=\"widget\" data-widget_type=\"text-editor.default\">\n\t\t\t\t<div class=\"elementor-widget-container\">\n\t\t\t\t\t\t\t\t\t<p class=\"p2\"><span class=\"s1\">Photographie panoramique exclusive \u2013 la magie des paysages intacts<\/span><\/p><p class=\"p3\"><span class=\"s1\">Paix. Immensit\u00e9. Lumi\u00e8re. Quand la nature nous touche, il se produit quelque chose d&#039;unique. Chez Panoramic Art, nous immortalisons ces instants pr\u00e9cieux dans des images panoramiques de la nature extraordinaires, en \u00e9dition limit\u00e9e, pour ceux qui recherchent l&#039;inspiration de la vraie beaut\u00e9.<\/span><\/p><p class=\"p3\"><span class=\"s1\">Nos \u0153uvres repr\u00e9sentent la nature dans toute sa grandeur : des montagnes majestueuses, des lacs tranquilles, des c\u00f4tes douces et des for\u00eats vibrantes, captur\u00e9es avec un \u0153il magistral pour la lumi\u00e8re, la composition et l&#039;atmosph\u00e8re.<\/span><\/p><p class=\"p2\"><span class=\"s1\">Art naturel pour collectionneurs et passionn\u00e9s<\/span><\/p><ul class=\"ul1\"><li class=\"li3\"><span class=\"s1\">\u00c9ditions limit\u00e9es \u2013 chaque enregistrement n&#039;est disponible qu&#039;en petites \u00e9ditions<\/span><\/li><li class=\"li3\"><span class=\"s1\">Formats panoramiques impressionnants \u2013 parfaits pour les grandes pi\u00e8ces de caract\u00e8re<\/span><\/li><li class=\"li3\"><span class=\"s1\">Mat\u00e9riaux nobles \u2013 aluminium dibond, verre acrylique ou papier fait main<\/span><\/li><li class=\"li3\"><span class=\"s1\">Qualit\u00e9 d\u2019impression optimale \u2013 impressions pigmentaires brillantes avec une excellente profondeur de couleur<\/span><\/li><li class=\"li3\"><span class=\"s1\">Avec histoire \u2013 sur demande sur papier fait main d&#039;une papeterie qui fournissait d\u00e9j\u00e0 Albrecht D\u00fcrer<\/span><\/li><\/ul><p class=\"p2\"><span class=\"s1\">Ressentez la puissance de la nature \u2013 chaque jour<\/span><\/p><p class=\"p3\"><span class=\"s1\">Un panorama naturel sign\u00e9 Panoramic Art n&#039;est pas seulement une \u0153uvre d&#039;art, c&#039;est aussi une \u00e9motion. Il apporte la qui\u00e9tude des montagnes, l&#039;immensit\u00e9 de la mer ou la magie d&#039;un lever de soleil dans vos pi\u00e8ces \u2013 clair, authentique et charg\u00e9 d&#039;\u00e9motion.<\/span><\/p>\t\t\t\t\t\t\t\t<\/div>\n\t\t\t\t<\/div>\n\t\t\t\t\t<\/div>\n\t\t\t\t<\/div>\n\t\t\t\t<\/div>","protected":false},"excerpt":{"rendered":"<p>Bambus Dyck &#x2794; Europabl\u00fcte Brachland &#x2794; Blackbrook Rinden &#038; Flechten &#x2794; Eis &amp; Wasser Wald &#038; Sturm &#x2794; Eifgenbach<\/p>","protected":false},"author":1,"featured_media":0,"parent":0,"menu_order":0,"comment_status":"closed","ping_status":"closed","template":"","meta":{"footnotes":""},"class_list":["post-16","page","type-page","status-publish","hentry"],"yoast_head":"<!-- This site is optimized with the Yoast SEO plugin v27.5 - https:\/\/yoast.com\/product\/yoast-seo-wordpress\/ -->\n<title>Natur - Markus Bollen Photography!<\/title>\n<meta name=\"robots\" content=\"index, follow, max-snippet:-1, max-image-preview:large, max-video-preview:-1\" \/>\n<link rel=\"canonical\" href=\"https:\/\/panoramic-art.de\/fr\/natur\/\" \/>\n<meta property=\"og:locale\" content=\"fr_FR\" \/>\n<meta property=\"og:type\" content=\"article\" \/>\n<meta property=\"og:title\" content=\"Natur - Markus Bollen Photography!\" \/>\n<meta property=\"og:description\" content=\"Bambus Dyck &#x2794; Europabl\u00fcte Brachland &#x2794; Blackbrook Rinden &#038; Flechten &#x2794; Eis &amp; Wasser Wald &#038; Sturm &#x2794; Eifgenbach\" \/>\n<meta property=\"og:url\" content=\"https:\/\/panoramic-art.de\/fr\/natur\/\" \/>\n<meta property=\"og:site_name\" content=\"Markus Bollen Photography!\" \/>\n<meta property=\"article:modified_time\" content=\"2025-09-09T09:17:13+00:00\" \/>\n<meta property=\"og:image\" content=\"https:\/\/panoramic-art.de\/wp-content\/uploads\/2025\/07\/imgi_9_Bambus-02-392-16-Bambus-Hawaii-1.jpg\" \/>\n<meta name=\"twitter:card\" content=\"summary_large_image\" \/>\n<meta name=\"twitter:label1\" content=\"Dur\u00e9e de lecture estim\u00e9e\" \/>\n\t<meta name=\"twitter:data1\" content=\"3 minutes\" \/>\n<script type=\"application\/ld+json\" class=\"yoast-schema-graph\">{\"@context\":\"https:\\\/\\\/schema.org\",\"@graph\":[{\"@type\":\"WebPage\",\"@id\":\"https:\\\/\\\/panoramic-art.de\\\/natur\\\/\",\"url\":\"https:\\\/\\\/panoramic-art.de\\\/natur\\\/\",\"name\":\"Natur - Markus Bollen Photography!\",\"isPartOf\":{\"@id\":\"https:\\\/\\\/panoramic-art.de\\\/#website\"},\"primaryImageOfPage\":{\"@id\":\"https:\\\/\\\/panoramic-art.de\\\/natur\\\/#primaryimage\"},\"image\":{\"@id\":\"https:\\\/\\\/panoramic-art.de\\\/natur\\\/#primaryimage\"},\"thumbnailUrl\":\"https:\\\/\\\/panoramic-art.de\\\/wp-content\\\/uploads\\\/2025\\\/07\\\/imgi_9_Bambus-02-392-16-Bambus-Hawaii-1.jpg\",\"datePublished\":\"2024-02-28T10:50:44+00:00\",\"dateModified\":\"2025-09-09T09:17:13+00:00\",\"inLanguage\":\"fr-FR\",\"potentialAction\":[{\"@type\":\"ReadAction\",\"target\":[\"https:\\\/\\\/panoramic-art.de\\\/natur\\\/\"]}]},{\"@type\":\"ImageObject\",\"inLanguage\":\"fr-FR\",\"@id\":\"https:\\\/\\\/panoramic-art.de\\\/natur\\\/#primaryimage\",\"url\":\"https:\\\/\\\/panoramic-art.de\\\/wp-content\\\/uploads\\\/2025\\\/07\\\/imgi_9_Bambus-02-392-16-Bambus-Hawaii-1.jpg\",\"contentUrl\":\"https:\\\/\\\/panoramic-art.de\\\/wp-content\\\/uploads\\\/2025\\\/07\\\/imgi_9_Bambus-02-392-16-Bambus-Hawaii-1.jpg\"},{\"@type\":\"WebSite\",\"@id\":\"https:\\\/\\\/panoramic-art.de\\\/#website\",\"url\":\"https:\\\/\\\/panoramic-art.de\\\/\",\"name\":\"Markus Bollen Photography!\",\"description\":\"\",\"potentialAction\":[{\"@type\":\"SearchAction\",\"target\":{\"@type\":\"EntryPoint\",\"urlTemplate\":\"https:\\\/\\\/panoramic-art.de\\\/?s={search_term_string}\"},\"query-input\":{\"@type\":\"PropertyValueSpecification\",\"valueRequired\":true,\"valueName\":\"search_term_string\"}}],\"inLanguage\":\"fr-FR\"}]}<\/script>\n<!-- \/ Yoast SEO plugin. -->","yoast_head_json":{"title":"Natur - Markus Bollen Photography!","robots":{"index":"index","follow":"follow","max-snippet":"max-snippet:-1","max-image-preview":"max-image-preview:large","max-video-preview":"max-video-preview:-1"},"canonical":"https:\/\/panoramic-art.de\/fr\/natur\/","og_locale":"fr_FR","og_type":"article","og_title":"Natur - Markus Bollen Photography!","og_description":"Bambus Dyck &#x2794; Europabl\u00fcte Brachland &#x2794; Blackbrook Rinden &#038; Flechten &#x2794; Eis &amp; Wasser Wald &#038; Sturm &#x2794; Eifgenbach","og_url":"https:\/\/panoramic-art.de\/fr\/natur\/","og_site_name":"Markus Bollen Photography!","article_modified_time":"2025-09-09T09:17:13+00:00","og_image":[{"url":"https:\/\/panoramic-art.de\/wp-content\/uploads\/2025\/07\/imgi_9_Bambus-02-392-16-Bambus-Hawaii-1.jpg","type":"","width":"","height":""}],"twitter_card":"summary_large_image","twitter_misc":{"Dur\u00e9e de lecture estim\u00e9e":"3 minutes"},"schema":{"@context":"https:\/\/schema.org","@graph":[{"@type":"WebPage","@id":"https:\/\/panoramic-art.de\/natur\/","url":"https:\/\/panoramic-art.de\/natur\/","name":"Natur - Markus Bollen Photography!","isPartOf":{"@id":"https:\/\/panoramic-art.de\/#website"},"primaryImageOfPage":{"@id":"https:\/\/panoramic-art.de\/natur\/#primaryimage"},"image":{"@id":"https:\/\/panoramic-art.de\/natur\/#primaryimage"},"thumbnailUrl":"https:\/\/panoramic-art.de\/wp-content\/uploads\/2025\/07\/imgi_9_Bambus-02-392-16-Bambus-Hawaii-1.jpg","datePublished":"2024-02-28T10:50:44+00:00","dateModified":"2025-09-09T09:17:13+00:00","inLanguage":"fr-FR","potentialAction":[{"@type":"ReadAction","target":["https:\/\/panoramic-art.de\/natur\/"]}]},{"@type":"ImageObject","inLanguage":"fr-FR","@id":"https:\/\/panoramic-art.de\/natur\/#primaryimage","url":"https:\/\/panoramic-art.de\/wp-content\/uploads\/2025\/07\/imgi_9_Bambus-02-392-16-Bambus-Hawaii-1.jpg","contentUrl":"https:\/\/panoramic-art.de\/wp-content\/uploads\/2025\/07\/imgi_9_Bambus-02-392-16-Bambus-Hawaii-1.jpg"},{"@type":"WebSite","@id":"https:\/\/panoramic-art.de\/#website","url":"https:\/\/panoramic-art.de\/","name":"Photographie de Markus Bollen !","description":"","potentialAction":[{"@type":"SearchAction","target":{"@type":"EntryPoint","urlTemplate":"https:\/\/panoramic-art.de\/?s={search_term_string}"},"query-input":{"@type":"PropertyValueSpecification","valueRequired":true,"valueName":"search_term_string"}}],"inLanguage":"fr-FR"}]}},"_links":{"self":[{"href":"https:\/\/panoramic-art.de\/fr\/wp-json\/wp\/v2\/pages\/16","targetHints":{"allow":["GET"]}}],"collection":[{"href":"https:\/\/panoramic-art.de\/fr\/wp-json\/wp\/v2\/pages"}],"about":[{"href":"https:\/\/panoramic-art.de\/fr\/wp-json\/wp\/v2\/types\/page"}],"author":[{"embeddable":true,"href":"https:\/\/panoramic-art.de\/fr\/wp-json\/wp\/v2\/users\/1"}],"replies":[{"embeddable":true,"href":"https:\/\/panoramic-art.de\/fr\/wp-json\/wp\/v2\/comments?post=16"}],"version-history":[{"count":5,"href":"https:\/\/panoramic-art.de\/fr\/wp-json\/wp\/v2\/pages\/16\/revisions"}],"predecessor-version":[{"id":1270,"href":"https:\/\/panoramic-art.de\/fr\/wp-json\/wp\/v2\/pages\/16\/revisions\/1270"}],"wp:attachment":[{"href":"https:\/\/panoramic-art.de\/fr\/wp-json\/wp\/v2\/media?parent=16"}],"curies":[{"name":"wp","href":"https:\/\/api.w.org\/{rel}","templated":true}]}}