{"id":238,"date":"2025-05-08T16:37:30","date_gmt":"2025-05-08T14:37:30","guid":{"rendered":"https:\/\/neu.panoramic-art.de\/?page_id=238"},"modified":"2025-09-09T11:18:59","modified_gmt":"2025-09-09T09:18:59","slug":"ueber-mich","status":"publish","type":"page","link":"https:\/\/panoramic-art.de\/fr\/ueber-mich\/","title":{"rendered":"Sur moi"},"content":{"rendered":"<div data-elementor-type=\"wp-page\" data-elementor-id=\"238\" class=\"elementor elementor-238\" data-elementor-post-type=\"page\">\n\t\t\t\t<div class=\"elementor-element elementor-element-7acc609 e-flex e-con-boxed e-con e-parent\" data-id=\"7acc609\" data-element_type=\"container\" data-e-type=\"container\">\n\t\t\t\t\t<div class=\"e-con-inner\">\n\t\t\t\t<div class=\"elementor-element elementor-element-ca9db93 elementor-widget elementor-widget-heading\" data-id=\"ca9db93\" data-element_type=\"widget\" data-e-type=\"widget\" data-widget_type=\"heading.default\">\n\t\t\t\t<div class=\"elementor-widget-container\">\n\t\t\t\t\t<h2 class=\"elementor-heading-title elementor-size-default\">Markus Bollen \u2013 Ma\u00eetre de la photographie panoramique et des images d&#039;art<\/h2>\t\t\t\t<\/div>\n\t\t\t\t<\/div>\n\t\t\t\t<div class=\"elementor-element elementor-element-381f10e elementor-widget elementor-widget-text-editor\" data-id=\"381f10e\" data-element_type=\"widget\" data-e-type=\"widget\" data-widget_type=\"text-editor.default\">\n\t\t\t\t<div class=\"elementor-widget-container\">\n\t\t\t\t\t\t\t\t\t<p class=\"p1\"><span class=\"s1\">Markus Bollen est synonyme de panoramas uniques et impressionnants dans le monde de la photographie d&#039;art. Avec son appareil, il capture non seulement la beaut\u00e9 de la nature et de l&#039;architecture, mais cr\u00e9e \u00e9galement de v\u00e9ritables \u0153uvres d&#039;art qui transportent le spectateur dans un autre monde. Ses \u0153uvres, symbiose entre pr\u00e9cision technique et vision artistique, laissent une impression durable.<\/span><\/p><p class=\"p2\"><span class=\"s1\">La fascination de la photographie panoramique<\/span><\/p><p class=\"p1\"><span class=\"s1\">Markus Bollen est reconnu pour sa ma\u00eetrise de la photographie panoramique. Gr\u00e2ce \u00e0 des appareils photo sp\u00e9cialis\u00e9s et \u00e0 des techniques uniques, il cr\u00e9e des images d&#039;un niveau de d\u00e9tail incroyable et d&#039;une \u00e9tendue incomparable. Chaque image est comme une fen\u00eatre sur une autre dimension\u00a0: vaste, vibrante et presque tangible. Le regard du spectateur est port\u00e9 d&#039;un bord \u00e0 l&#039;autre de l&#039;image sans perdre la vue d&#039;ensemble. Les paysages captur\u00e9s par Bollen sont \u00e0 la fois spectaculaires et paisibles. Qu&#039;il s&#039;agisse d&#039;une nature immense et intacte, d&#039;une architecture historique ou de paysages urbains \u00e0 couper le souffle, Bollen sait capturer l&#039;essence de l&#039;instant et transporter le spectateur dans un monde de paix et d&#039;harmonie.<\/span><\/p><p class=\"p2\"><span class=\"s1\">L&#039;art qui \u00e9voque des \u00e9motions<\/span><\/p><p class=\"p1\"><span class=\"s1\">Outre sa passion pour la photographie panoramique, Markus Bollen a cr\u00e9\u00e9 une impressionnante collection de photographies d&#039;art. Ces \u0153uvres d\u00e9passent largement les clich\u00e9s de paysages conventionnels et sont souvent empreintes d&#039;une profonde \u00e9motion. Ce sont des images qui racontent des histoires, suscitent des interrogations et invitent le spectateur \u00e0 plonger dans son monde int\u00e9rieur. Avec un sens aigu du d\u00e9tail et un \u00e9clairage sophistiqu\u00e9, il capture des instants de calme, de tension ou d&#039;espoir.<\/span><\/p><p class=\"p1\"><span class=\"s1\">Ses photographies d&#039;art se caract\u00e9risent souvent par une esth\u00e9tique minimaliste qui r\u00e9sonne avec la complexit\u00e9 du monde. L&#039;utilisation de la lumi\u00e8re, de l&#039;ombre et de la perspective joue un r\u00f4le central dans son travail, permettant \u00e0 chaque image de briller sous un jour nouveau.<\/span><\/p><p class=\"p2\"><span class=\"s1\">Une vie pour la photographie<\/span><\/p><p class=\"p1\"><span class=\"s1\">Markus Bollen est non seulement un photographe talentueux, mais aussi un artiste passionn\u00e9. Il a d\u00e9couvert tr\u00e8s t\u00f4t son amour pour la photographie et a commenc\u00e9 \u00e0 explorer le monde \u00e0 travers son objectif. Ces derni\u00e8res ann\u00e9es, il s&#039;est consacr\u00e9 de plus en plus \u00e0 la photographie panoramique, d\u00e9veloppant ses propres techniques et approches qui ont fait de lui l&#039;un des photographes les plus marquants de sa g\u00e9n\u00e9ration.<\/span><\/p><p class=\"p1\"><span class=\"s1\">Son portfolio comprend non seulement des paysages et des clich\u00e9s architecturaux \u00e9poustouflants, mais aussi des portraits intimistes et des photographies d&#039;art exceptionnelles, qui impressionnent par leur polyvalence et leur profondeur. C&#039;est cette diversit\u00e9 et cette qu\u00eate constante d&#039;innovation qui font de Markus Bollen un v\u00e9ritable pionnier de la photographie.<\/span><\/p><p class=\"p2\"><span class=\"s1\">Expositions et reconnaissances<\/span><\/p><p class=\"p1\"><span class=\"s1\">Tout au long de sa carri\u00e8re, Markus Bollen a pr\u00e9sent\u00e9 de nombreuses expositions \u00e0 travers le monde, appr\u00e9ci\u00e9es des amateurs d&#039;art et des photographes. Ses \u0153uvres sont expos\u00e9es dans des galeries et des mus\u00e9es et ont \u00e9t\u00e9 maintes fois prim\u00e9es lors de prestigieux festivals et concours de photographie. Chaque exposition de Markus Bollen est plus qu&#039;un simple recueil d&#039;images\u00a0: c&#039;est une invitation \u00e0 la r\u00e9flexion et au r\u00eave.<\/span><\/p><p class=\"p1\"><span class=\"s1\">L&#039;accueil r\u00e9serv\u00e9 \u00e0 ses expositions a toujours \u00e9t\u00e9 positif. Les critiques saluent la qualit\u00e9 artistique et la profondeur \u00e9motionnelle de son travail. Bollen parvient \u00e0 raconter dans chacune de ses photographies une histoire qui d\u00e9passe largement la simple repr\u00e9sentation de la r\u00e9alit\u00e9. Ses images rec\u00e8lent une philosophie, un regard sur le monde qui incite le spectateur \u00e0 r\u00e9fl\u00e9chir au-del\u00e0 de l&#039;instant pr\u00e9sent.<\/span><\/p><p class=\"p2\"><span class=\"s1\">Panorama-Art \u2013 Le site des amateurs de photographie d&#039;art<\/span><\/p><p class=\"p1\"><span class=\"s1\">Les personnes int\u00e9ress\u00e9es par l&#039;art extraordinaire de Markus Bollen peuvent voir ses \u0153uvres sur son site officiel <a href=\"http:\/\/panoramic-art.com\/\"><span class=\"s2\">panoramic-art.com<\/span><\/a> Ici, les amateurs d&#039;art trouveront une large s\u00e9lection de ses photographies panoramiques et de ses peintures d&#039;art, que l&#039;on retrouve non seulement dans les galeries mais aussi dans les collections priv\u00e9es.<\/span><\/p><p class=\"p1\"><span class=\"s1\">Le site web offre un aper\u00e7u complet du portfolio de Bollen et vous permet de d\u00e9couvrir son travail en ligne. Que vous recherchiez une \u0153uvre d&#039;art unique pour votre int\u00e9rieur ou que vous souhaitiez simplement vous laisser envo\u00fbter par la magie de la photographie, rendez-vous sur <a href=\"http:\/\/panoramic-art.com\/\"><span class=\"s2\">panoramic-art.com<\/span><\/a> vous trouverez tout ce qui fait battre le c\u0153ur d&#039;un amateur d&#039;art.<\/span><\/p><p class=\"p2\"><span class=\"s1\">Conclusion : L&#039;art qui touche l&#039;\u00e2me<\/span><\/p><p class=\"p1\"><span class=\"s1\">Markus Bollen est plus qu&#039;un simple photographe\u00a0: c&#039;est un artiste qui porte un regard unique sur le monde. \u00c0 travers ses photographies panoramiques et ses compositions artistiques, il a d\u00e9velopp\u00e9 un langage visuel qui lui est propre, capturant la beaut\u00e9 et la complexit\u00e9 du monde. Avec ses images, il ne se contente pas de cr\u00e9er de l&#039;art, il invite le spectateur \u00e0 voir le monde \u00e0 travers ses yeux et \u00e0 vivre la magie de l&#039;instant.<\/span><\/p><p class=\"p1\"><span class=\"s1\">Les passionn\u00e9s de photographie et les amateurs d&#039;art exceptionnel devraient absolument d\u00e9couvrir les \u0153uvres de Markus Bollen. Visitez son site web. <a href=\"http:\/\/panoramic-art.com\/\"><span class=\"s2\">panoramic-art.com<\/span><\/a> et laissez-vous enchanter par la beaut\u00e9 et la profondeur de son \u0153uvre.<\/span><\/p>\t\t\t\t\t\t\t\t<\/div>\n\t\t\t\t<\/div>\n\t\t\t\t\t<\/div>\n\t\t\t\t<\/div>\n\t\t\t\t<\/div>","protected":false},"excerpt":{"rendered":"<p>Markus Bollen \u2013 Meister der Panorama-Fotografie und der Kunstbilder Markus Bollen ist ein Name, der in der Welt der Kunstfotografie f\u00fcr seine einzigartigen und beeindruckenden&hellip;<\/p>","protected":false},"author":1,"featured_media":0,"parent":0,"menu_order":0,"comment_status":"closed","ping_status":"closed","template":"","meta":{"footnotes":""},"class_list":["post-238","page","type-page","status-publish","hentry"],"yoast_head":"<!-- This site is optimized with the Yoast SEO plugin v27.5 - https:\/\/yoast.com\/product\/yoast-seo-wordpress\/ -->\n<title>\u00dcber mich - Markus Bollen Photography!<\/title>\n<meta name=\"robots\" content=\"index, follow, max-snippet:-1, max-image-preview:large, max-video-preview:-1\" \/>\n<link rel=\"canonical\" href=\"https:\/\/panoramic-art.de\/fr\/ueber-mich\/\" \/>\n<meta property=\"og:locale\" content=\"fr_FR\" \/>\n<meta property=\"og:type\" content=\"article\" \/>\n<meta property=\"og:title\" content=\"\u00dcber mich - Markus Bollen Photography!\" \/>\n<meta property=\"og:description\" content=\"Markus Bollen \u2013 Meister der Panorama-Fotografie und der Kunstbilder Markus Bollen ist ein Name, der in der Welt der Kunstfotografie f\u00fcr seine einzigartigen und beeindruckenden&hellip;\" \/>\n<meta property=\"og:url\" content=\"https:\/\/panoramic-art.de\/fr\/ueber-mich\/\" \/>\n<meta property=\"og:site_name\" content=\"Markus Bollen Photography!\" \/>\n<meta property=\"article:modified_time\" content=\"2025-09-09T09:18:59+00:00\" \/>\n<meta name=\"twitter:card\" content=\"summary_large_image\" \/>\n<meta name=\"twitter:label1\" content=\"Dur\u00e9e de lecture estim\u00e9e\" \/>\n\t<meta name=\"twitter:data1\" content=\"5 minutes\" \/>\n<script type=\"application\/ld+json\" class=\"yoast-schema-graph\">{\"@context\":\"https:\\\/\\\/schema.org\",\"@graph\":[{\"@type\":\"WebPage\",\"@id\":\"https:\\\/\\\/panoramic-art.de\\\/ueber-mich\\\/\",\"url\":\"https:\\\/\\\/panoramic-art.de\\\/ueber-mich\\\/\",\"name\":\"\u00dcber mich - Markus Bollen Photography!\",\"isPartOf\":{\"@id\":\"https:\\\/\\\/panoramic-art.de\\\/#website\"},\"datePublished\":\"2025-05-08T14:37:30+00:00\",\"dateModified\":\"2025-09-09T09:18:59+00:00\",\"inLanguage\":\"fr-FR\",\"potentialAction\":[{\"@type\":\"ReadAction\",\"target\":[\"https:\\\/\\\/panoramic-art.de\\\/ueber-mich\\\/\"]}]},{\"@type\":\"WebSite\",\"@id\":\"https:\\\/\\\/panoramic-art.de\\\/#website\",\"url\":\"https:\\\/\\\/panoramic-art.de\\\/\",\"name\":\"Markus Bollen Photography!\",\"description\":\"\",\"potentialAction\":[{\"@type\":\"SearchAction\",\"target\":{\"@type\":\"EntryPoint\",\"urlTemplate\":\"https:\\\/\\\/panoramic-art.de\\\/?s={search_term_string}\"},\"query-input\":{\"@type\":\"PropertyValueSpecification\",\"valueRequired\":true,\"valueName\":\"search_term_string\"}}],\"inLanguage\":\"fr-FR\"}]}<\/script>\n<!-- \/ Yoast SEO plugin. -->","yoast_head_json":{"title":"\u00dcber mich - Markus Bollen Photography!","robots":{"index":"index","follow":"follow","max-snippet":"max-snippet:-1","max-image-preview":"max-image-preview:large","max-video-preview":"max-video-preview:-1"},"canonical":"https:\/\/panoramic-art.de\/fr\/ueber-mich\/","og_locale":"fr_FR","og_type":"article","og_title":"\u00dcber mich - Markus Bollen Photography!","og_description":"Markus Bollen \u2013 Meister der Panorama-Fotografie und der Kunstbilder Markus Bollen ist ein Name, der in der Welt der Kunstfotografie f\u00fcr seine einzigartigen und beeindruckenden&hellip;","og_url":"https:\/\/panoramic-art.de\/fr\/ueber-mich\/","og_site_name":"Markus Bollen Photography!","article_modified_time":"2025-09-09T09:18:59+00:00","twitter_card":"summary_large_image","twitter_misc":{"Dur\u00e9e de lecture estim\u00e9e":"5 minutes"},"schema":{"@context":"https:\/\/schema.org","@graph":[{"@type":"WebPage","@id":"https:\/\/panoramic-art.de\/ueber-mich\/","url":"https:\/\/panoramic-art.de\/ueber-mich\/","name":"\u00dcber mich - Markus Bollen Photography!","isPartOf":{"@id":"https:\/\/panoramic-art.de\/#website"},"datePublished":"2025-05-08T14:37:30+00:00","dateModified":"2025-09-09T09:18:59+00:00","inLanguage":"fr-FR","potentialAction":[{"@type":"ReadAction","target":["https:\/\/panoramic-art.de\/ueber-mich\/"]}]},{"@type":"WebSite","@id":"https:\/\/panoramic-art.de\/#website","url":"https:\/\/panoramic-art.de\/","name":"Photographie de Markus Bollen !","description":"","potentialAction":[{"@type":"SearchAction","target":{"@type":"EntryPoint","urlTemplate":"https:\/\/panoramic-art.de\/?s={search_term_string}"},"query-input":{"@type":"PropertyValueSpecification","valueRequired":true,"valueName":"search_term_string"}}],"inLanguage":"fr-FR"}]}},"_links":{"self":[{"href":"https:\/\/panoramic-art.de\/fr\/wp-json\/wp\/v2\/pages\/238","targetHints":{"allow":["GET"]}}],"collection":[{"href":"https:\/\/panoramic-art.de\/fr\/wp-json\/wp\/v2\/pages"}],"about":[{"href":"https:\/\/panoramic-art.de\/fr\/wp-json\/wp\/v2\/types\/page"}],"author":[{"embeddable":true,"href":"https:\/\/panoramic-art.de\/fr\/wp-json\/wp\/v2\/users\/1"}],"replies":[{"embeddable":true,"href":"https:\/\/panoramic-art.de\/fr\/wp-json\/wp\/v2\/comments?post=238"}],"version-history":[{"count":5,"href":"https:\/\/panoramic-art.de\/fr\/wp-json\/wp\/v2\/pages\/238\/revisions"}],"predecessor-version":[{"id":1294,"href":"https:\/\/panoramic-art.de\/fr\/wp-json\/wp\/v2\/pages\/238\/revisions\/1294"}],"wp:attachment":[{"href":"https:\/\/panoramic-art.de\/fr\/wp-json\/wp\/v2\/media?parent=238"}],"curies":[{"name":"wp","href":"https:\/\/api.w.org\/{rel}","templated":true}]}}