{"id":243,"date":"2025-05-08T16:38:48","date_gmt":"2025-05-08T14:38:48","guid":{"rendered":"https:\/\/neu.panoramic-art.de\/?page_id=243"},"modified":"2025-09-09T11:19:07","modified_gmt":"2025-09-09T09:19:07","slug":"pano-art","status":"publish","type":"page","link":"https:\/\/panoramic-art.de\/fr\/pano-art\/","title":{"rendered":"Pano-Art"},"content":{"rendered":"<div data-elementor-type=\"wp-page\" data-elementor-id=\"243\" class=\"elementor elementor-243\" data-elementor-post-type=\"page\">\n\t\t\t\t<div class=\"elementor-element elementor-element-027c270 e-flex e-con-boxed e-con e-parent\" data-id=\"027c270\" data-element_type=\"container\" data-e-type=\"container\">\n\t\t\t\t\t<div class=\"e-con-inner\">\n\t\t\t\t<div class=\"elementor-element elementor-element-f7d22f9 elementor-widget elementor-widget-heading\" data-id=\"f7d22f9\" data-element_type=\"widget\" data-e-type=\"widget\" data-widget_type=\"heading.default\">\n\t\t\t\t<div class=\"elementor-widget-container\">\n\t\t\t\t\t<h2 class=\"elementor-heading-title elementor-size-default\">Bienvenue \u00e0 Panoramic Art \u2013 Le monde de la photographie panoramique<\/h2>\t\t\t\t<\/div>\n\t\t\t\t<\/div>\n\t\t\t\t<div class=\"elementor-element elementor-element-6a7e5bf elementor-widget elementor-widget-text-editor\" data-id=\"6a7e5bf\" data-element_type=\"widget\" data-e-type=\"widget\" data-widget_type=\"text-editor.default\">\n\t\t\t\t<div class=\"elementor-widget-container\">\n\t\t\t\t\t\t\t\t\t<p class=\"p1\"><span class=\"s1\">D\u00e9couvrez sur <a href=\"https:\/\/panoramic-art.de\/fr\/home\/\"><span class=\"s2\">panoramic-art.de<\/span><\/a> Une collection unique de photographies panoramiques \u00e9poustouflantes qui transportent le spectateur vers une nouvelle dimension de l&#039;art. Ce site web offre un aper\u00e7u exclusif des \u0153uvres de Markus Bollen, l&#039;un des photographes les plus reconnus dans le monde de la photographie panoramique et artistique.<\/span><\/p><p class=\"p2\"><span class=\"s1\">Photographie panoramique exquise pour les amateurs d&#039;art<\/span><\/p><p class=\"p1\"><span class=\"s1\">La photographie panoramique de Markus Bollen est bien plus qu&#039;une simple repr\u00e9sentation visuelle de paysages et d&#039;architecture\u00a0: c&#039;est une \u0153uvre d&#039;art qui suscite des \u00e9motions et raconte des histoires. Gr\u00e2ce \u00e0 une technique impressionnante et \u00e0 un sens aigu du d\u00e9tail, il capture des moments d&#039;une beaut\u00e9 et d&#039;une profondeur extraordinaires. <a href=\"https:\/\/panoramic-art.de\/fr\/home\/\"><span class=\"s2\">panoramic-art.de<\/span><\/a> Vous trouverez une s\u00e9lection exclusive de ses images panoramiques magistrales, qui r\u00e9v\u00e8lent une nouvelle perspective dans chaque coin et captivent le spectateur.<\/span><\/p><p class=\"p2\"><span class=\"s1\">L&#039;art qui inspire<\/span><\/p><p class=\"p1\"><span class=\"s1\">L&#039;\u0153uvre de Markus Bollen fait le pont entre la photographie traditionnelle et l&#039;art moderne. Ses images captivent par leur remarquable souci du d\u00e9tail, qui d\u00e9passe l&#039;ordinaire. En accordant une attention particuli\u00e8re \u00e0 la lumi\u00e8re, aux ombres et \u00e0 la perspective, Bollen donne vie \u00e0 la beaut\u00e9 de la nature, de l&#039;architecture et des paysages urbains, d&#039;une mani\u00e8re qui \u00e9merveille le spectateur.<\/span><\/p><p class=\"p2\"><span class=\"s1\">Un voyage \u00e0 travers le monde de la photographie d&#039;art<\/span><\/p><p class=\"p1\"><span class=\"s1\">Sur <a href=\"https:\/\/panoramic-art.de\/fr\/home\/\"><span class=\"s2\">panoramic-art.de<\/span><\/a> Les amateurs d&#039;art pourront d\u00e9couvrir l&#039;impressionnante diversit\u00e9 de l&#039;\u0153uvre de Markus Bollen. Le site web propose non seulement une galerie de photos haute r\u00e9solution, mais aussi l&#039;occasion d&#039;en apprendre davantage sur la philosophie des images et les techniques du photographe. Chaque \u0153uvre est plus qu&#039;une simple image\u00a0: c&#039;est une invitation \u00e0 s&#039;immerger dans un autre monde et \u00e0 savourer la beaut\u00e9 de l&#039;instant.<\/span><\/p><p class=\"p2\"><span class=\"s1\">Votre chance de d\u00e9couvrir et de poss\u00e9der de l&#039;art<\/span><\/p><p class=\"p1\"><span class=\"s1\">Vous recherchez une \u0153uvre d&#039;art unique pour votre collection ou souhaitez sublimer votre int\u00e9rieur avec un chef-d&#039;\u0153uvre de photographie panoramique ? <a href=\"https:\/\/panoramic-art.de\/fr\/home\/\"><span class=\"s2\">panoramic-art.de<\/span><\/a> Vous avez la possibilit\u00e9 d&#039;acqu\u00e9rir des \u0153uvres de Markus Bollen. Chaque photo est disponible en tirages haute qualit\u00e9, vous permettant ainsi d&#039;int\u00e9grer chez vous un morceau de l&#039;univers fascinant de Markus Bollen.<\/span><\/p><p class=\"p2\"><span class=\"s1\">Contact et plus \u2013 votre chemin vers un art unique<\/span><\/p><p class=\"p1\"><span class=\"s1\">En plus de l&#039;impressionnante galerie et des opportunit\u00e9s d&#039;achat, <a href=\"https:\/\/panoramic-art.de\/fr\/home\/\"><span class=\"s2\">panoramic-art.de<\/span><\/a> Vous y trouverez \u00e9galement des informations compl\u00e8tes sur les expositions et les projets actuels de Markus Bollen. Pour toute question concernant les \u0153uvres ou toute demande individuelle, vous pouvez contacter directement l&#039;artiste via son site web.<\/span><\/p><p class=\"p1\"><span class=\"s1\">Visite <a href=\"https:\/\/panoramic-art.de\/fr\/home\/\"><span class=\"s2\">panoramic-art.de<\/span><\/a> et laissez-vous s\u00e9duire par l&#039;univers de la photographie panoramique. Admirez des \u0153uvres d&#039;art uniques qui, gr\u00e2ce \u00e0 leur rendu d\u00e9taill\u00e9 et \u00e0 la technique innovante de Markus Bollen, deviendront un v\u00e9ritable atout pour votre collection.<\/span><\/p>\t\t\t\t\t\t\t\t<\/div>\n\t\t\t\t<\/div>\n\t\t\t\t\t<\/div>\n\t\t\t\t<\/div>\n\t\t\t\t<\/div>","protected":false},"excerpt":{"rendered":"<p>Willkommen bei Panoramic Art \u2013 Die Welt der Panorama-Fotografie Entdecken Sie auf panoramic-art.de eine einzigartige Sammlung atemberaubender Panorama-Fotografien, die den Betrachter in eine neue Dimension&hellip;<\/p>","protected":false},"author":1,"featured_media":0,"parent":0,"menu_order":0,"comment_status":"closed","ping_status":"closed","template":"","meta":{"footnotes":""},"class_list":["post-243","page","type-page","status-publish","hentry"],"yoast_head":"<!-- This site is optimized with the Yoast SEO plugin v27.5 - https:\/\/yoast.com\/product\/yoast-seo-wordpress\/ -->\n<title>Pano-Art - Markus Bollen Photography!<\/title>\n<meta name=\"robots\" content=\"index, follow, max-snippet:-1, max-image-preview:large, max-video-preview:-1\" \/>\n<link rel=\"canonical\" href=\"https:\/\/panoramic-art.de\/fr\/pano-art\/\" \/>\n<meta property=\"og:locale\" content=\"fr_FR\" \/>\n<meta property=\"og:type\" content=\"article\" \/>\n<meta property=\"og:title\" content=\"Pano-Art - Markus Bollen Photography!\" \/>\n<meta property=\"og:description\" content=\"Willkommen bei Panoramic Art \u2013 Die Welt der Panorama-Fotografie Entdecken Sie auf panoramic-art.de eine einzigartige Sammlung atemberaubender Panorama-Fotografien, die den Betrachter in eine neue Dimension&hellip;\" \/>\n<meta property=\"og:url\" content=\"https:\/\/panoramic-art.de\/fr\/pano-art\/\" \/>\n<meta property=\"og:site_name\" content=\"Markus Bollen Photography!\" \/>\n<meta property=\"article:modified_time\" content=\"2025-09-09T09:19:07+00:00\" \/>\n<meta name=\"twitter:card\" content=\"summary_large_image\" \/>\n<meta name=\"twitter:label1\" content=\"Dur\u00e9e de lecture estim\u00e9e\" \/>\n\t<meta name=\"twitter:data1\" content=\"3 minutes\" \/>\n<script type=\"application\/ld+json\" class=\"yoast-schema-graph\">{\"@context\":\"https:\\\/\\\/schema.org\",\"@graph\":[{\"@type\":\"WebPage\",\"@id\":\"https:\\\/\\\/panoramic-art.de\\\/pano-art\\\/\",\"url\":\"https:\\\/\\\/panoramic-art.de\\\/pano-art\\\/\",\"name\":\"Pano-Art - Markus Bollen Photography!\",\"isPartOf\":{\"@id\":\"https:\\\/\\\/panoramic-art.de\\\/#website\"},\"datePublished\":\"2025-05-08T14:38:48+00:00\",\"dateModified\":\"2025-09-09T09:19:07+00:00\",\"inLanguage\":\"fr-FR\",\"potentialAction\":[{\"@type\":\"ReadAction\",\"target\":[\"https:\\\/\\\/panoramic-art.de\\\/pano-art\\\/\"]}]},{\"@type\":\"WebSite\",\"@id\":\"https:\\\/\\\/panoramic-art.de\\\/#website\",\"url\":\"https:\\\/\\\/panoramic-art.de\\\/\",\"name\":\"Markus Bollen Photography!\",\"description\":\"\",\"potentialAction\":[{\"@type\":\"SearchAction\",\"target\":{\"@type\":\"EntryPoint\",\"urlTemplate\":\"https:\\\/\\\/panoramic-art.de\\\/?s={search_term_string}\"},\"query-input\":{\"@type\":\"PropertyValueSpecification\",\"valueRequired\":true,\"valueName\":\"search_term_string\"}}],\"inLanguage\":\"fr-FR\"}]}<\/script>\n<!-- \/ Yoast SEO plugin. -->","yoast_head_json":{"title":"Pano-Art - Markus Bollen Photography!","robots":{"index":"index","follow":"follow","max-snippet":"max-snippet:-1","max-image-preview":"max-image-preview:large","max-video-preview":"max-video-preview:-1"},"canonical":"https:\/\/panoramic-art.de\/fr\/pano-art\/","og_locale":"fr_FR","og_type":"article","og_title":"Pano-Art - Markus Bollen Photography!","og_description":"Willkommen bei Panoramic Art \u2013 Die Welt der Panorama-Fotografie Entdecken Sie auf panoramic-art.de eine einzigartige Sammlung atemberaubender Panorama-Fotografien, die den Betrachter in eine neue Dimension&hellip;","og_url":"https:\/\/panoramic-art.de\/fr\/pano-art\/","og_site_name":"Markus Bollen Photography!","article_modified_time":"2025-09-09T09:19:07+00:00","twitter_card":"summary_large_image","twitter_misc":{"Dur\u00e9e de lecture estim\u00e9e":"3 minutes"},"schema":{"@context":"https:\/\/schema.org","@graph":[{"@type":"WebPage","@id":"https:\/\/panoramic-art.de\/pano-art\/","url":"https:\/\/panoramic-art.de\/pano-art\/","name":"Pano-Art - Markus Bollen Photography!","isPartOf":{"@id":"https:\/\/panoramic-art.de\/#website"},"datePublished":"2025-05-08T14:38:48+00:00","dateModified":"2025-09-09T09:19:07+00:00","inLanguage":"fr-FR","potentialAction":[{"@type":"ReadAction","target":["https:\/\/panoramic-art.de\/pano-art\/"]}]},{"@type":"WebSite","@id":"https:\/\/panoramic-art.de\/#website","url":"https:\/\/panoramic-art.de\/","name":"Photographie de Markus Bollen !","description":"","potentialAction":[{"@type":"SearchAction","target":{"@type":"EntryPoint","urlTemplate":"https:\/\/panoramic-art.de\/?s={search_term_string}"},"query-input":{"@type":"PropertyValueSpecification","valueRequired":true,"valueName":"search_term_string"}}],"inLanguage":"fr-FR"}]}},"_links":{"self":[{"href":"https:\/\/panoramic-art.de\/fr\/wp-json\/wp\/v2\/pages\/243","targetHints":{"allow":["GET"]}}],"collection":[{"href":"https:\/\/panoramic-art.de\/fr\/wp-json\/wp\/v2\/pages"}],"about":[{"href":"https:\/\/panoramic-art.de\/fr\/wp-json\/wp\/v2\/types\/page"}],"author":[{"embeddable":true,"href":"https:\/\/panoramic-art.de\/fr\/wp-json\/wp\/v2\/users\/1"}],"replies":[{"embeddable":true,"href":"https:\/\/panoramic-art.de\/fr\/wp-json\/wp\/v2\/comments?post=243"}],"version-history":[{"count":5,"href":"https:\/\/panoramic-art.de\/fr\/wp-json\/wp\/v2\/pages\/243\/revisions"}],"predecessor-version":[{"id":1297,"href":"https:\/\/panoramic-art.de\/fr\/wp-json\/wp\/v2\/pages\/243\/revisions\/1297"}],"wp:attachment":[{"href":"https:\/\/panoramic-art.de\/fr\/wp-json\/wp\/v2\/media?parent=243"}],"curies":[{"name":"wp","href":"https:\/\/api.w.org\/{rel}","templated":true}]}}