{"id":715,"date":"2025-07-30T14:18:03","date_gmt":"2025-07-30T12:18:03","guid":{"rendered":"https:\/\/neu.panoramic-art.de\/?page_id=715"},"modified":"2025-09-09T11:17:20","modified_gmt":"2025-09-09T09:17:20","slug":"bambus","status":"publish","type":"page","link":"https:\/\/panoramic-art.de\/fr\/natur\/bambus\/","title":{"rendered":"bambou"},"content":{"rendered":"<div data-elementor-type=\"wp-page\" data-elementor-id=\"715\" class=\"elementor elementor-715\" data-elementor-post-type=\"page\">\n\t\t\t\t<div class=\"elementor-element elementor-element-53a3c80 e-flex e-con-boxed e-con e-parent\" data-id=\"53a3c80\" data-element_type=\"container\" data-e-type=\"container\">\n\t\t\t\t\t<div class=\"e-con-inner\">\n\t\t\t\t<div class=\"elementor-element elementor-element-412e81d gallery-spacing-custom elementor-widget elementor-widget-image-gallery\" data-id=\"412e81d\" data-element_type=\"widget\" data-e-type=\"widget\" data-widget_type=\"image-gallery.default\">\n\t\t\t\t<div class=\"elementor-widget-container\">\n\t\t\t\t\t\t\t<div class=\"elementor-image-gallery\">\n\t\t\t<div id='gallery-1' class='gallery galleryid-715 gallery-columns-1 gallery-size-full'><figure class='gallery-item'>\n\t\t\t<div class='gallery-icon landscape'>\n\t\t\t\t<a data-elementor-open-lightbox=\"yes\" data-elementor-lightbox-slideshow=\"412e81d\" data-elementor-lightbox-title=\"imgi_8_Bambus-02-392-16-Bambus-Hawaii-1\" data-e-action-hash=\"#elementor-action%3Aaction%3Dlightbox%26settings%3DeyJpZCI6OTA3LCJ1cmwiOiJodHRwczpcL1wvcGFub3JhbWljLWFydC5kZVwvd3AtY29udGVudFwvdXBsb2Fkc1wvMjAyNVwvMDdcL2ltZ2lfOF9CYW1idXMtMDItMzkyLTE2LUJhbWJ1cy1IYXdhaWktMS5qcGciLCJzbGlkZXNob3ciOiI0MTJlODFkIn0%3D\" href='https:\/\/panoramic-art.de\/wp-content\/uploads\/2025\/07\/imgi_8_Bambus-02-392-16-Bambus-Hawaii-1.jpg'><img fetchpriority=\"high\" decoding=\"async\" width=\"2000\" height=\"657\" src=\"https:\/\/panoramic-art.de\/wp-content\/uploads\/2025\/07\/imgi_8_Bambus-02-392-16-Bambus-Hawaii-1.jpg\" class=\"attachment-full size-full\" alt=\"\" aria-describedby=\"gallery-1-907\" srcset=\"https:\/\/panoramic-art.de\/wp-content\/uploads\/2025\/07\/imgi_8_Bambus-02-392-16-Bambus-Hawaii-1.jpg 2000w, https:\/\/panoramic-art.de\/wp-content\/uploads\/2025\/07\/imgi_8_Bambus-02-392-16-Bambus-Hawaii-1-300x99.jpg 300w, https:\/\/panoramic-art.de\/wp-content\/uploads\/2025\/07\/imgi_8_Bambus-02-392-16-Bambus-Hawaii-1-1024x336.jpg 1024w, https:\/\/panoramic-art.de\/wp-content\/uploads\/2025\/07\/imgi_8_Bambus-02-392-16-Bambus-Hawaii-1-768x252.jpg 768w, https:\/\/panoramic-art.de\/wp-content\/uploads\/2025\/07\/imgi_8_Bambus-02-392-16-Bambus-Hawaii-1-1536x505.jpg 1536w, https:\/\/panoramic-art.de\/wp-content\/uploads\/2025\/07\/imgi_8_Bambus-02-392-16-Bambus-Hawaii-1-18x6.jpg 18w\" sizes=\"(max-width: 2000px) 100vw, 2000px\" \/><\/a>\n\t\t\t<\/div>\n\t\t\t\t<figcaption class='wp-caption-text gallery-caption' id='gallery-1-907'>\n\t\t\t\tBambou Hawa\u00ef 392-16\n\t\t\t\t<\/figcaption><\/figure><figure class='gallery-item'>\n\t\t\t<div class='gallery-icon landscape'>\n\t\t\t\t<a data-elementor-open-lightbox=\"yes\" data-elementor-lightbox-slideshow=\"412e81d\" data-elementor-lightbox-title=\"imgi_9_Bambus-08-1443-10Bambusblaetter-Sasa\" data-e-action-hash=\"#elementor-action%3Aaction%3Dlightbox%26settings%3DeyJpZCI6OTA4LCJ1cmwiOiJodHRwczpcL1wvcGFub3JhbWljLWFydC5kZVwvd3AtY29udGVudFwvdXBsb2Fkc1wvMjAyNVwvMDdcL2ltZ2lfOV9CYW1idXMtMDgtMTQ0My0xMEJhbWJ1c2JsYWV0dGVyLVNhc2EuanBnIiwic2xpZGVzaG93IjoiNDEyZTgxZCJ9\" href='https:\/\/panoramic-art.de\/wp-content\/uploads\/2025\/07\/imgi_9_Bambus-08-1443-10Bambusblaetter-Sasa.jpg'><img decoding=\"async\" width=\"2000\" height=\"680\" src=\"https:\/\/panoramic-art.de\/wp-content\/uploads\/2025\/07\/imgi_9_Bambus-08-1443-10Bambusblaetter-Sasa.jpg\" class=\"attachment-full size-full\" alt=\"\" aria-describedby=\"gallery-1-908\" srcset=\"https:\/\/panoramic-art.de\/wp-content\/uploads\/2025\/07\/imgi_9_Bambus-08-1443-10Bambusblaetter-Sasa.jpg 2000w, https:\/\/panoramic-art.de\/wp-content\/uploads\/2025\/07\/imgi_9_Bambus-08-1443-10Bambusblaetter-Sasa-300x102.jpg 300w, https:\/\/panoramic-art.de\/wp-content\/uploads\/2025\/07\/imgi_9_Bambus-08-1443-10Bambusblaetter-Sasa-1024x348.jpg 1024w, https:\/\/panoramic-art.de\/wp-content\/uploads\/2025\/07\/imgi_9_Bambus-08-1443-10Bambusblaetter-Sasa-768x261.jpg 768w, https:\/\/panoramic-art.de\/wp-content\/uploads\/2025\/07\/imgi_9_Bambus-08-1443-10Bambusblaetter-Sasa-1536x522.jpg 1536w, https:\/\/panoramic-art.de\/wp-content\/uploads\/2025\/07\/imgi_9_Bambus-08-1443-10Bambusblaetter-Sasa-18x6.jpg 18w\" sizes=\"(max-width: 2000px) 100vw, 2000px\" \/><\/a>\n\t\t\t<\/div>\n\t\t\t\t<figcaption class='wp-caption-text gallery-caption' id='gallery-1-908'>\n\t\t\t\tFeuilles de bambou 1443-10\n\t\t\t\t<\/figcaption><\/figure><figure class='gallery-item'>\n\t\t\t<div class='gallery-icon portrait'>\n\t\t\t\t<a data-elementor-open-lightbox=\"yes\" data-elementor-lightbox-slideshow=\"412e81d\" data-elementor-lightbox-title=\"imgi_10_Bambus-12-mbo-bambus-008\" data-e-action-hash=\"#elementor-action%3Aaction%3Dlightbox%26settings%3DeyJpZCI6OTA5LCJ1cmwiOiJodHRwczpcL1wvcGFub3JhbWljLWFydC5kZVwvd3AtY29udGVudFwvdXBsb2Fkc1wvMjAyNVwvMDdcL2ltZ2lfMTBfQmFtYnVzLTEyLW1iby1iYW1idXMtMDA4LmpwZyIsInNsaWRlc2hvdyI6IjQxMmU4MWQifQ%3D%3D\" href='https:\/\/panoramic-art.de\/wp-content\/uploads\/2025\/07\/imgi_10_Bambus-12-mbo-bambus-008.jpg'><img decoding=\"async\" width=\"1355\" height=\"2000\" src=\"https:\/\/panoramic-art.de\/wp-content\/uploads\/2025\/07\/imgi_10_Bambus-12-mbo-bambus-008.jpg\" class=\"attachment-full size-full\" alt=\"\" aria-describedby=\"gallery-1-909\" srcset=\"https:\/\/panoramic-art.de\/wp-content\/uploads\/2025\/07\/imgi_10_Bambus-12-mbo-bambus-008.jpg 1355w, https:\/\/panoramic-art.de\/wp-content\/uploads\/2025\/07\/imgi_10_Bambus-12-mbo-bambus-008-203x300.jpg 203w, https:\/\/panoramic-art.de\/wp-content\/uploads\/2025\/07\/imgi_10_Bambus-12-mbo-bambus-008-694x1024.jpg 694w, https:\/\/panoramic-art.de\/wp-content\/uploads\/2025\/07\/imgi_10_Bambus-12-mbo-bambus-008-768x1134.jpg 768w, https:\/\/panoramic-art.de\/wp-content\/uploads\/2025\/07\/imgi_10_Bambus-12-mbo-bambus-008-1041x1536.jpg 1041w, https:\/\/panoramic-art.de\/wp-content\/uploads\/2025\/07\/imgi_10_Bambus-12-mbo-bambus-008-8x12.jpg 8w\" sizes=\"(max-width: 1355px) 100vw, 1355px\" \/><\/a>\n\t\t\t<\/div>\n\t\t\t\t<figcaption class='wp-caption-text gallery-caption' id='gallery-1-909'>\n\t\t\t\tBambou apr\u00e8s la pluie \u2013 Phyllostachus\n\t\t\t\t<\/figcaption><\/figure><figure class='gallery-item'>\n\t\t\t<div class='gallery-icon portrait'>\n\t\t\t\t<a data-elementor-open-lightbox=\"yes\" data-elementor-lightbox-slideshow=\"412e81d\" data-elementor-lightbox-title=\"imgi_11_Bambus-17-1066-7Letzter-Schnee\" data-e-action-hash=\"#elementor-action%3Aaction%3Dlightbox%26settings%3DeyJpZCI6OTEwLCJ1cmwiOiJodHRwczpcL1wvcGFub3JhbWljLWFydC5kZVwvd3AtY29udGVudFwvdXBsb2Fkc1wvMjAyNVwvMDdcL2ltZ2lfMTFfQmFtYnVzLTE3LTEwNjYtN0xldHp0ZXItU2NobmVlLmpwZyIsInNsaWRlc2hvdyI6IjQxMmU4MWQifQ%3D%3D\" href='https:\/\/panoramic-art.de\/wp-content\/uploads\/2025\/07\/imgi_11_Bambus-17-1066-7Letzter-Schnee.jpg'><img loading=\"lazy\" decoding=\"async\" width=\"670\" height=\"2000\" src=\"https:\/\/panoramic-art.de\/wp-content\/uploads\/2025\/07\/imgi_11_Bambus-17-1066-7Letzter-Schnee.jpg\" class=\"attachment-full size-full\" alt=\"\" aria-describedby=\"gallery-1-910\" srcset=\"https:\/\/panoramic-art.de\/wp-content\/uploads\/2025\/07\/imgi_11_Bambus-17-1066-7Letzter-Schnee.jpg 670w, https:\/\/panoramic-art.de\/wp-content\/uploads\/2025\/07\/imgi_11_Bambus-17-1066-7Letzter-Schnee-101x300.jpg 101w, https:\/\/panoramic-art.de\/wp-content\/uploads\/2025\/07\/imgi_11_Bambus-17-1066-7Letzter-Schnee-343x1024.jpg 343w, https:\/\/panoramic-art.de\/wp-content\/uploads\/2025\/07\/imgi_11_Bambus-17-1066-7Letzter-Schnee-515x1536.jpg 515w, https:\/\/panoramic-art.de\/wp-content\/uploads\/2025\/07\/imgi_11_Bambus-17-1066-7Letzter-Schnee-4x12.jpg 4w\" sizes=\"(max-width: 670px) 100vw, 670px\" \/><\/a>\n\t\t\t<\/div>\n\t\t\t\t<figcaption class='wp-caption-text gallery-caption' id='gallery-1-910'>\n\t\t\t\tDerni\u00e8re neige 1066-07\n\t\t\t\t<\/figcaption><\/figure><figure class='gallery-item'>\n\t\t\t<div class='gallery-icon portrait'>\n\t\t\t\t<a data-elementor-open-lightbox=\"yes\" data-elementor-lightbox-slideshow=\"412e81d\" data-elementor-lightbox-title=\"imgi_12_Bambus-31-1101-4Halmspur\" data-e-action-hash=\"#elementor-action%3Aaction%3Dlightbox%26settings%3DeyJpZCI6OTExLCJ1cmwiOiJodHRwczpcL1wvcGFub3JhbWljLWFydC5kZVwvd3AtY29udGVudFwvdXBsb2Fkc1wvMjAyNVwvMDdcL2ltZ2lfMTJfQmFtYnVzLTMxLTExMDEtNEhhbG1zcHVyLmpwZyIsInNsaWRlc2hvdyI6IjQxMmU4MWQifQ%3D%3D\" href='https:\/\/panoramic-art.de\/wp-content\/uploads\/2025\/07\/imgi_12_Bambus-31-1101-4Halmspur.jpg'><img loading=\"lazy\" decoding=\"async\" width=\"670\" height=\"2000\" src=\"https:\/\/panoramic-art.de\/wp-content\/uploads\/2025\/07\/imgi_12_Bambus-31-1101-4Halmspur.jpg\" class=\"attachment-full size-full\" alt=\"\" aria-describedby=\"gallery-1-911\" srcset=\"https:\/\/panoramic-art.de\/wp-content\/uploads\/2025\/07\/imgi_12_Bambus-31-1101-4Halmspur.jpg 670w, https:\/\/panoramic-art.de\/wp-content\/uploads\/2025\/07\/imgi_12_Bambus-31-1101-4Halmspur-101x300.jpg 101w, https:\/\/panoramic-art.de\/wp-content\/uploads\/2025\/07\/imgi_12_Bambus-31-1101-4Halmspur-343x1024.jpg 343w, https:\/\/panoramic-art.de\/wp-content\/uploads\/2025\/07\/imgi_12_Bambus-31-1101-4Halmspur-515x1536.jpg 515w, https:\/\/panoramic-art.de\/wp-content\/uploads\/2025\/07\/imgi_12_Bambus-31-1101-4Halmspur-4x12.jpg 4w\" sizes=\"(max-width: 670px) 100vw, 670px\" \/><\/a>\n\t\t\t<\/div>\n\t\t\t\t<figcaption class='wp-caption-text gallery-caption' id='gallery-1-911'>\n\t\t\t\tHalmspur 1101-04\n\t\t\t\t<\/figcaption><\/figure><figure class='gallery-item'>\n\t\t\t<div class='gallery-icon portrait'>\n\t\t\t\t<a data-elementor-open-lightbox=\"yes\" data-elementor-lightbox-slideshow=\"412e81d\" data-elementor-lightbox-title=\"imgi_13_Bambus-36-1103-10AufbruchBlattscheide-b\" data-e-action-hash=\"#elementor-action%3Aaction%3Dlightbox%26settings%3DeyJpZCI6OTEyLCJ1cmwiOiJodHRwczpcL1wvcGFub3JhbWljLWFydC5kZVwvd3AtY29udGVudFwvdXBsb2Fkc1wvMjAyNVwvMDdcL2ltZ2lfMTNfQmFtYnVzLTM2LTExMDMtMTBBdWZicnVjaEJsYXR0c2NoZWlkZS1iLmpwZyIsInNsaWRlc2hvdyI6IjQxMmU4MWQifQ%3D%3D\" href='https:\/\/panoramic-art.de\/wp-content\/uploads\/2025\/07\/imgi_13_Bambus-36-1103-10AufbruchBlattscheide-b.jpg'><img loading=\"lazy\" decoding=\"async\" width=\"667\" height=\"2000\" src=\"https:\/\/panoramic-art.de\/wp-content\/uploads\/2025\/07\/imgi_13_Bambus-36-1103-10AufbruchBlattscheide-b.jpg\" class=\"attachment-full size-full\" alt=\"\" aria-describedby=\"gallery-1-912\" srcset=\"https:\/\/panoramic-art.de\/wp-content\/uploads\/2025\/07\/imgi_13_Bambus-36-1103-10AufbruchBlattscheide-b.jpg 667w, https:\/\/panoramic-art.de\/wp-content\/uploads\/2025\/07\/imgi_13_Bambus-36-1103-10AufbruchBlattscheide-b-100x300.jpg 100w, https:\/\/panoramic-art.de\/wp-content\/uploads\/2025\/07\/imgi_13_Bambus-36-1103-10AufbruchBlattscheide-b-342x1024.jpg 342w, https:\/\/panoramic-art.de\/wp-content\/uploads\/2025\/07\/imgi_13_Bambus-36-1103-10AufbruchBlattscheide-b-512x1536.jpg 512w, https:\/\/panoramic-art.de\/wp-content\/uploads\/2025\/07\/imgi_13_Bambus-36-1103-10AufbruchBlattscheide-b-4x12.jpg 4w\" sizes=\"(max-width: 667px) 100vw, 667px\" \/><\/a>\n\t\t\t<\/div>\n\t\t\t\t<figcaption class='wp-caption-text gallery-caption' id='gallery-1-912'>\n\t\t\t\tD\u00e9tachement d&#039;une gaine foliaire de tige de bambou 1103-10\n\t\t\t\t<\/figcaption><\/figure><figure class='gallery-item'>\n\t\t\t<div class='gallery-icon landscape'>\n\t\t\t\t<a data-elementor-open-lightbox=\"yes\" data-elementor-lightbox-slideshow=\"412e81d\" data-elementor-lightbox-title=\"imgi_14_Bambus-06-1096-09Bambuswald-c\" data-e-action-hash=\"#elementor-action%3Aaction%3Dlightbox%26settings%3DeyJpZCI6OTEzLCJ1cmwiOiJodHRwczpcL1wvcGFub3JhbWljLWFydC5kZVwvd3AtY29udGVudFwvdXBsb2Fkc1wvMjAyNVwvMDdcL2ltZ2lfMTRfQmFtYnVzLTA2LTEwOTYtMDlCYW1idXN3YWxkLWMuanBnIiwic2xpZGVzaG93IjoiNDEyZTgxZCJ9\" href='https:\/\/panoramic-art.de\/wp-content\/uploads\/2025\/07\/imgi_14_Bambus-06-1096-09Bambuswald-c.jpg'><img loading=\"lazy\" decoding=\"async\" width=\"2000\" height=\"667\" src=\"https:\/\/panoramic-art.de\/wp-content\/uploads\/2025\/07\/imgi_14_Bambus-06-1096-09Bambuswald-c.jpg\" class=\"attachment-full size-full\" alt=\"\" aria-describedby=\"gallery-1-913\" srcset=\"https:\/\/panoramic-art.de\/wp-content\/uploads\/2025\/07\/imgi_14_Bambus-06-1096-09Bambuswald-c.jpg 2000w, https:\/\/panoramic-art.de\/wp-content\/uploads\/2025\/07\/imgi_14_Bambus-06-1096-09Bambuswald-c-300x100.jpg 300w, https:\/\/panoramic-art.de\/wp-content\/uploads\/2025\/07\/imgi_14_Bambus-06-1096-09Bambuswald-c-1024x342.jpg 1024w, https:\/\/panoramic-art.de\/wp-content\/uploads\/2025\/07\/imgi_14_Bambus-06-1096-09Bambuswald-c-768x256.jpg 768w, https:\/\/panoramic-art.de\/wp-content\/uploads\/2025\/07\/imgi_14_Bambus-06-1096-09Bambuswald-c-1536x512.jpg 1536w, https:\/\/panoramic-art.de\/wp-content\/uploads\/2025\/07\/imgi_14_Bambus-06-1096-09Bambuswald-c-18x6.jpg 18w\" sizes=\"(max-width: 2000px) 100vw, 2000px\" \/><\/a>\n\t\t\t<\/div>\n\t\t\t\t<figcaption class='wp-caption-text gallery-caption' id='gallery-1-913'>\n\t\t\t\tFor\u00eat de bambous 1096-09\n\t\t\t\t<\/figcaption><\/figure>\n\t\t<\/div>\n\t\t<\/div>\n\t\t\t\t\t\t<\/div>\n\t\t\t\t<\/div>\n\t\t\t\t\t<\/div>\n\t\t\t\t<\/div>\n\t\t<div class=\"elementor-element elementor-element-5271059 e-flex e-con-boxed e-con e-parent\" data-id=\"5271059\" data-element_type=\"container\" data-e-type=\"container\">\n\t\t\t\t\t<div class=\"e-con-inner\">\n\t\t\t\t<div class=\"elementor-element elementor-element-169eaa0 elementor-widget elementor-widget-text-editor\" data-id=\"169eaa0\" data-element_type=\"widget\" data-e-type=\"widget\" data-widget_type=\"text-editor.default\">\n\t\t\t\t<div class=\"elementor-widget-container\">\n\t\t\t\t\t\t\t\t\t<p>Markus Bollen a enregistr\u00e9 des bambous et leurs d\u00e9tails dans le monde entier. Il existe une version particuli\u00e8re du bambou hawa\u00efen qui reproduit le son de la for\u00eat elle-m\u00eame. On y entend des sons allant du bruissement des feuilles au murmure d&#039;un ruisseau, en passant par le chant de divers oiseaux.<\/p><p>Dans \u00ab\u00a0Derni\u00e8re Neige\u00a0\u00bb, les flocons de neige qui glissaient sur les feuilles de bambou, doucement balanc\u00e9es par la brise, provoquaient un flou ind\u00e9sirable sur de nombreuses images. Lorsque l&#039;image sur le verre de vis\u00e9e \u00e9tait parfaitement nette, les feuilles changeaient de plan de mise au point une fois le poids de la neige retir\u00e9, ce qui n\u00e9cessitait de remplacer le verre de vis\u00e9e par le chargeur.<\/p>\t\t\t\t\t\t\t\t<\/div>\n\t\t\t\t<\/div>\n\t\t\t\t\t<\/div>\n\t\t\t\t<\/div>\n\t\t\t\t<\/div>","protected":false},"excerpt":{"rendered":"<p>Bambus Hawaii 392-16 Bambusbl\u00e4tter 1443-10 Bambus nach Regen &#8211; Phyllostachus Letzter Schnee 1066-07 Halmspur 1101-04 Aufbruch Blattscheide eines Bambushalmes 1103-10 Bambuswald 1096-09 Bambuspflanzen und Details&hellip;<\/p>","protected":false},"author":1,"featured_media":0,"parent":16,"menu_order":0,"comment_status":"closed","ping_status":"closed","template":"","meta":{"footnotes":""},"class_list":["post-715","page","type-page","status-publish","hentry"],"yoast_head":"<!-- This site is optimized with the Yoast SEO plugin v27.3 - https:\/\/yoast.com\/product\/yoast-seo-wordpress\/ -->\n<title>Bambus - Markus Bollen Photography!<\/title>\n<meta name=\"robots\" content=\"index, follow, max-snippet:-1, max-image-preview:large, max-video-preview:-1\" \/>\n<link rel=\"canonical\" href=\"https:\/\/panoramic-art.de\/fr\/natur\/bambus\/\" \/>\n<meta property=\"og:locale\" content=\"fr_FR\" \/>\n<meta property=\"og:type\" content=\"article\" \/>\n<meta property=\"og:title\" content=\"Bambus - Markus Bollen Photography!\" \/>\n<meta property=\"og:description\" content=\"Bambus Hawaii 392-16 Bambusbl\u00e4tter 1443-10 Bambus nach Regen &#8211; Phyllostachus Letzter Schnee 1066-07 Halmspur 1101-04 Aufbruch Blattscheide eines Bambushalmes 1103-10 Bambuswald 1096-09 Bambuspflanzen und Details&hellip;\" \/>\n<meta property=\"og:url\" content=\"https:\/\/panoramic-art.de\/fr\/natur\/bambus\/\" \/>\n<meta property=\"og:site_name\" content=\"Markus Bollen Photography!\" \/>\n<meta property=\"article:modified_time\" content=\"2025-09-09T09:17:20+00:00\" \/>\n<meta property=\"og:image\" content=\"https:\/\/panoramic-art.de\/wp-content\/uploads\/2025\/07\/imgi_8_Bambus-02-392-16-Bambus-Hawaii-1.jpg\" \/>\n<meta name=\"twitter:card\" content=\"summary_large_image\" \/>\n<meta name=\"twitter:label1\" content=\"Dur\u00e9e de lecture estim\u00e9e\" \/>\n\t<meta name=\"twitter:data1\" content=\"3 minutes\" \/>\n<script type=\"application\/ld+json\" class=\"yoast-schema-graph\">{\"@context\":\"https:\\\/\\\/schema.org\",\"@graph\":[{\"@type\":\"WebPage\",\"@id\":\"https:\\\/\\\/panoramic-art.de\\\/natur\\\/bambus\\\/\",\"url\":\"https:\\\/\\\/panoramic-art.de\\\/natur\\\/bambus\\\/\",\"name\":\"Bambus - Markus Bollen Photography!\",\"isPartOf\":{\"@id\":\"https:\\\/\\\/panoramic-art.de\\\/#website\"},\"primaryImageOfPage\":{\"@id\":\"https:\\\/\\\/panoramic-art.de\\\/natur\\\/bambus\\\/#primaryimage\"},\"image\":{\"@id\":\"https:\\\/\\\/panoramic-art.de\\\/natur\\\/bambus\\\/#primaryimage\"},\"thumbnailUrl\":\"https:\\\/\\\/panoramic-art.de\\\/wp-content\\\/uploads\\\/2025\\\/07\\\/imgi_8_Bambus-02-392-16-Bambus-Hawaii-1.jpg\",\"datePublished\":\"2025-07-30T12:18:03+00:00\",\"dateModified\":\"2025-09-09T09:17:20+00:00\",\"breadcrumb\":{\"@id\":\"https:\\\/\\\/panoramic-art.de\\\/natur\\\/bambus\\\/#breadcrumb\"},\"inLanguage\":\"fr-FR\",\"potentialAction\":[{\"@type\":\"ReadAction\",\"target\":[\"https:\\\/\\\/panoramic-art.de\\\/natur\\\/bambus\\\/\"]}]},{\"@type\":\"ImageObject\",\"inLanguage\":\"fr-FR\",\"@id\":\"https:\\\/\\\/panoramic-art.de\\\/natur\\\/bambus\\\/#primaryimage\",\"url\":\"https:\\\/\\\/panoramic-art.de\\\/wp-content\\\/uploads\\\/2025\\\/07\\\/imgi_8_Bambus-02-392-16-Bambus-Hawaii-1.jpg\",\"contentUrl\":\"https:\\\/\\\/panoramic-art.de\\\/wp-content\\\/uploads\\\/2025\\\/07\\\/imgi_8_Bambus-02-392-16-Bambus-Hawaii-1.jpg\"},{\"@type\":\"BreadcrumbList\",\"@id\":\"https:\\\/\\\/panoramic-art.de\\\/natur\\\/bambus\\\/#breadcrumb\",\"itemListElement\":[{\"@type\":\"ListItem\",\"position\":1,\"name\":\"Natur\",\"item\":\"https:\\\/\\\/panoramic-art.de\\\/natur\\\/\"},{\"@type\":\"ListItem\",\"position\":2,\"name\":\"Bambus\"}]},{\"@type\":\"WebSite\",\"@id\":\"https:\\\/\\\/panoramic-art.de\\\/#website\",\"url\":\"https:\\\/\\\/panoramic-art.de\\\/\",\"name\":\"Markus Bollen Photography!\",\"description\":\"\",\"potentialAction\":[{\"@type\":\"SearchAction\",\"target\":{\"@type\":\"EntryPoint\",\"urlTemplate\":\"https:\\\/\\\/panoramic-art.de\\\/?s={search_term_string}\"},\"query-input\":{\"@type\":\"PropertyValueSpecification\",\"valueRequired\":true,\"valueName\":\"search_term_string\"}}],\"inLanguage\":\"fr-FR\"}]}<\/script>\n<!-- \/ Yoast SEO plugin. -->","yoast_head_json":{"title":"Bambus - Markus Bollen Photography!","robots":{"index":"index","follow":"follow","max-snippet":"max-snippet:-1","max-image-preview":"max-image-preview:large","max-video-preview":"max-video-preview:-1"},"canonical":"https:\/\/panoramic-art.de\/fr\/natur\/bambus\/","og_locale":"fr_FR","og_type":"article","og_title":"Bambus - Markus Bollen Photography!","og_description":"Bambus Hawaii 392-16 Bambusbl\u00e4tter 1443-10 Bambus nach Regen &#8211; Phyllostachus Letzter Schnee 1066-07 Halmspur 1101-04 Aufbruch Blattscheide eines Bambushalmes 1103-10 Bambuswald 1096-09 Bambuspflanzen und Details&hellip;","og_url":"https:\/\/panoramic-art.de\/fr\/natur\/bambus\/","og_site_name":"Markus Bollen Photography!","article_modified_time":"2025-09-09T09:17:20+00:00","og_image":[{"url":"https:\/\/panoramic-art.de\/wp-content\/uploads\/2025\/07\/imgi_8_Bambus-02-392-16-Bambus-Hawaii-1.jpg","type":"","width":"","height":""}],"twitter_card":"summary_large_image","twitter_misc":{"Dur\u00e9e de lecture estim\u00e9e":"3 minutes"},"schema":{"@context":"https:\/\/schema.org","@graph":[{"@type":"WebPage","@id":"https:\/\/panoramic-art.de\/natur\/bambus\/","url":"https:\/\/panoramic-art.de\/natur\/bambus\/","name":"Bambus - Markus Bollen Photography!","isPartOf":{"@id":"https:\/\/panoramic-art.de\/#website"},"primaryImageOfPage":{"@id":"https:\/\/panoramic-art.de\/natur\/bambus\/#primaryimage"},"image":{"@id":"https:\/\/panoramic-art.de\/natur\/bambus\/#primaryimage"},"thumbnailUrl":"https:\/\/panoramic-art.de\/wp-content\/uploads\/2025\/07\/imgi_8_Bambus-02-392-16-Bambus-Hawaii-1.jpg","datePublished":"2025-07-30T12:18:03+00:00","dateModified":"2025-09-09T09:17:20+00:00","breadcrumb":{"@id":"https:\/\/panoramic-art.de\/natur\/bambus\/#breadcrumb"},"inLanguage":"fr-FR","potentialAction":[{"@type":"ReadAction","target":["https:\/\/panoramic-art.de\/natur\/bambus\/"]}]},{"@type":"ImageObject","inLanguage":"fr-FR","@id":"https:\/\/panoramic-art.de\/natur\/bambus\/#primaryimage","url":"https:\/\/panoramic-art.de\/wp-content\/uploads\/2025\/07\/imgi_8_Bambus-02-392-16-Bambus-Hawaii-1.jpg","contentUrl":"https:\/\/panoramic-art.de\/wp-content\/uploads\/2025\/07\/imgi_8_Bambus-02-392-16-Bambus-Hawaii-1.jpg"},{"@type":"BreadcrumbList","@id":"https:\/\/panoramic-art.de\/natur\/bambus\/#breadcrumb","itemListElement":[{"@type":"ListItem","position":1,"name":"Natur","item":"https:\/\/panoramic-art.de\/natur\/"},{"@type":"ListItem","position":2,"name":"Bambus"}]},{"@type":"WebSite","@id":"https:\/\/panoramic-art.de\/#website","url":"https:\/\/panoramic-art.de\/","name":"Photographie de Markus Bollen !","description":"","potentialAction":[{"@type":"SearchAction","target":{"@type":"EntryPoint","urlTemplate":"https:\/\/panoramic-art.de\/?s={search_term_string}"},"query-input":{"@type":"PropertyValueSpecification","valueRequired":true,"valueName":"search_term_string"}}],"inLanguage":"fr-FR"}]}},"_links":{"self":[{"href":"https:\/\/panoramic-art.de\/fr\/wp-json\/wp\/v2\/pages\/715","targetHints":{"allow":["GET"]}}],"collection":[{"href":"https:\/\/panoramic-art.de\/fr\/wp-json\/wp\/v2\/pages"}],"about":[{"href":"https:\/\/panoramic-art.de\/fr\/wp-json\/wp\/v2\/types\/page"}],"author":[{"embeddable":true,"href":"https:\/\/panoramic-art.de\/fr\/wp-json\/wp\/v2\/users\/1"}],"replies":[{"embeddable":true,"href":"https:\/\/panoramic-art.de\/fr\/wp-json\/wp\/v2\/comments?post=715"}],"version-history":[{"count":5,"href":"https:\/\/panoramic-art.de\/fr\/wp-json\/wp\/v2\/pages\/715\/revisions"}],"predecessor-version":[{"id":1273,"href":"https:\/\/panoramic-art.de\/fr\/wp-json\/wp\/v2\/pages\/715\/revisions\/1273"}],"up":[{"embeddable":true,"href":"https:\/\/panoramic-art.de\/fr\/wp-json\/wp\/v2\/pages\/16"}],"wp:attachment":[{"href":"https:\/\/panoramic-art.de\/fr\/wp-json\/wp\/v2\/media?parent=715"}],"curies":[{"name":"wp","href":"https:\/\/api.w.org\/{rel}","templated":true}]}}