{"id":243,"date":"2025-05-08T16:38:48","date_gmt":"2025-05-08T14:38:48","guid":{"rendered":"https:\/\/neu.panoramic-art.de\/?page_id=243"},"modified":"2025-09-09T11:19:07","modified_gmt":"2025-09-09T09:19:07","slug":"pano-art","status":"publish","type":"page","link":"https:\/\/panoramic-art.de\/it\/pano-art\/","title":{"rendered":"Pano-Art"},"content":{"rendered":"<div data-elementor-type=\"wp-page\" data-elementor-id=\"243\" class=\"elementor elementor-243\" data-elementor-post-type=\"page\">\n\t\t\t\t<div class=\"elementor-element elementor-element-027c270 e-flex e-con-boxed e-con e-parent\" data-id=\"027c270\" data-element_type=\"container\" data-e-type=\"container\">\n\t\t\t\t\t<div class=\"e-con-inner\">\n\t\t\t\t<div class=\"elementor-element elementor-element-f7d22f9 elementor-widget elementor-widget-heading\" data-id=\"f7d22f9\" data-element_type=\"widget\" data-e-type=\"widget\" data-widget_type=\"heading.default\">\n\t\t\t\t<div class=\"elementor-widget-container\">\n\t\t\t\t\t<h2 class=\"elementor-heading-title elementor-size-default\">Benvenuti a Panoramic Art \u2013 Il mondo della fotografia panoramica<\/h2>\t\t\t\t<\/div>\n\t\t\t\t<\/div>\n\t\t\t\t<div class=\"elementor-element elementor-element-6a7e5bf elementor-widget elementor-widget-text-editor\" data-id=\"6a7e5bf\" data-element_type=\"widget\" data-e-type=\"widget\" data-widget_type=\"text-editor.default\">\n\t\t\t\t<div class=\"elementor-widget-container\">\n\t\t\t\t\t\t\t\t\t<p class=\"p1\"><span class=\"s1\">Scopri su <a href=\"https:\/\/panoramic-art.de\/it\/home\/\"><span class=\"s2\">panoramic-art.de<\/span><\/a> Una collezione unica di fotografie panoramiche mozzafiato che trasportano l&#039;osservatore in una nuova dimensione dell&#039;arte. Il sito web offre uno sguardo esclusivo alle opere di Markus Bollen, uno dei fotografi pi\u00f9 importanti al mondo nel campo della fotografia panoramica e artistica.<\/span><\/p><p class=\"p2\"><span class=\"s1\">Fotografia panoramica squisita per gli amanti dell&#039;arte<\/span><\/p><p class=\"p1\"><span class=\"s1\">La fotografia panoramica di Markus Bollen \u00e8 molto pi\u00f9 di una semplice rappresentazione visiva di paesaggi e architetture: \u00e8 un&#039;opera d&#039;arte che evoca emozioni e racconta storie. Con una tecnica impressionante e un occhio attento ai dettagli, cattura momenti di straordinaria bellezza e profondit\u00e0. <a href=\"https:\/\/panoramic-art.de\/it\/home\/\"><span class=\"s2\">panoramic-art.de<\/span><\/a> Troverete una selezione esclusiva delle sue magistrali immagini panoramiche, che rivelano una nuova prospettiva in ogni angolo e affascinano l&#039;osservatore.<\/span><\/p><p class=\"p2\"><span class=\"s1\">Arte che ispira<\/span><\/p><p class=\"p1\"><span class=\"s1\">L&#039;opera di Markus Bollen colma il divario tra fotografia tradizionale e arte moderna. Le sue immagini affascinano per la loro straordinaria attenzione ai dettagli, che va ben oltre l&#039;ordinario. Con una particolare attenzione a luci, ombre e prospettiva, Bollen d\u00e0 vita alla bellezza della natura, dell&#039;architettura e dei paesaggi urbani in un modo che lascia l&#039;osservatore a bocca aperta.<\/span><\/p><p class=\"p2\"><span class=\"s1\">Un viaggio nel mondo della fotografia d&#039;arte<\/span><\/p><p class=\"p1\"><span class=\"s1\">SU <a href=\"https:\/\/panoramic-art.de\/it\/home\/\"><span class=\"s2\">panoramic-art.de<\/span><\/a> Gli amanti dell&#039;arte possono scoprire l&#039;impressionante variet\u00e0 delle opere di Markus Bollen. Il sito web non offre solo una galleria di foto ad alta risoluzione, ma anche l&#039;opportunit\u00e0 di conoscere la filosofia alla base delle immagini e le tecniche del fotografo. Ogni opera \u00e8 pi\u00f9 di una semplice immagine: \u00e8 un invito a immergersi in un altro mondo e a vivere la bellezza del momento.<\/span><\/p><p class=\"p2\"><span class=\"s1\">La tua occasione per vivere e possedere l&#039;arte<\/span><\/p><p class=\"p1\"><span class=\"s1\">Stai cercando un&#039;opera d&#039;arte unica per la tua collezione o vorresti impreziosire la tua casa con un capolavoro di fotografia panoramica? <a href=\"https:\/\/panoramic-art.de\/it\/home\/\"><span class=\"s2\">panoramic-art.de<\/span><\/a> Hai la possibilit\u00e0 di acquistare opere di Markus Bollen. Ogni foto \u00e8 disponibile in stampe di alta qualit\u00e0, permettendoti di portare un pezzetto dell&#039;affascinante mondo di Markus Bollen a casa tua.<\/span><\/p><p class=\"p2\"><span class=\"s1\">Contatti e altro ancora: il tuo percorso verso un&#039;arte unica<\/span><\/p><p class=\"p1\"><span class=\"s1\">Oltre alla suggestiva galleria e alle opportunit\u00e0 di acquisto, <a href=\"https:\/\/panoramic-art.de\/it\/home\/\"><span class=\"s2\">panoramic-art.de<\/span><\/a> Fornisce inoltre informazioni complete sulle mostre e sui progetti in corso di Markus Bollen. Per domande sulle opere o richieste specifiche, \u00e8 possibile contattare direttamente l&#039;artista tramite il sito web.<\/span><\/p><p class=\"p1\"><span class=\"s1\">Visita <a href=\"https:\/\/panoramic-art.de\/it\/home\/\"><span class=\"s2\">panoramic-art.de<\/span><\/a> Lasciatevi incantare dal mondo della fotografia panoramica. Ammirate opere d&#039;arte uniche che, grazie alla loro rappresentazione dettagliata e alla tecnica innovativa di Markus Bollen, diventeranno un vero pezzo forte della vostra collezione.<\/span><\/p>\t\t\t\t\t\t\t\t<\/div>\n\t\t\t\t<\/div>\n\t\t\t\t\t<\/div>\n\t\t\t\t<\/div>\n\t\t\t\t<\/div>","protected":false},"excerpt":{"rendered":"<p>Willkommen bei Panoramic Art \u2013 Die Welt der Panorama-Fotografie Entdecken Sie auf panoramic-art.de eine einzigartige Sammlung atemberaubender Panorama-Fotografien, die den Betrachter in eine neue Dimension&hellip;<\/p>","protected":false},"author":1,"featured_media":0,"parent":0,"menu_order":0,"comment_status":"closed","ping_status":"closed","template":"","meta":{"footnotes":""},"class_list":["post-243","page","type-page","status-publish","hentry"],"yoast_head":"<!-- This site is optimized with the Yoast SEO plugin v27.3 - https:\/\/yoast.com\/product\/yoast-seo-wordpress\/ -->\n<title>Pano-Art - Markus Bollen Photography!<\/title>\n<meta name=\"robots\" content=\"index, follow, max-snippet:-1, max-image-preview:large, max-video-preview:-1\" \/>\n<link rel=\"canonical\" href=\"https:\/\/panoramic-art.de\/it\/pano-art\/\" \/>\n<meta property=\"og:locale\" content=\"it_IT\" \/>\n<meta property=\"og:type\" content=\"article\" \/>\n<meta property=\"og:title\" content=\"Pano-Art - Markus Bollen Photography!\" \/>\n<meta property=\"og:description\" content=\"Willkommen bei Panoramic Art \u2013 Die Welt der Panorama-Fotografie Entdecken Sie auf panoramic-art.de eine einzigartige Sammlung atemberaubender Panorama-Fotografien, die den Betrachter in eine neue Dimension&hellip;\" \/>\n<meta property=\"og:url\" content=\"https:\/\/panoramic-art.de\/it\/pano-art\/\" \/>\n<meta property=\"og:site_name\" content=\"Markus Bollen Photography!\" \/>\n<meta property=\"article:modified_time\" content=\"2025-09-09T09:19:07+00:00\" \/>\n<meta name=\"twitter:card\" content=\"summary_large_image\" \/>\n<meta name=\"twitter:label1\" content=\"Tempo di lettura stimato\" \/>\n\t<meta name=\"twitter:data1\" content=\"3 minuti\" \/>\n<script type=\"application\/ld+json\" class=\"yoast-schema-graph\">{\"@context\":\"https:\\\/\\\/schema.org\",\"@graph\":[{\"@type\":\"WebPage\",\"@id\":\"https:\\\/\\\/panoramic-art.de\\\/pano-art\\\/\",\"url\":\"https:\\\/\\\/panoramic-art.de\\\/pano-art\\\/\",\"name\":\"Pano-Art - Markus Bollen Photography!\",\"isPartOf\":{\"@id\":\"https:\\\/\\\/panoramic-art.de\\\/#website\"},\"datePublished\":\"2025-05-08T14:38:48+00:00\",\"dateModified\":\"2025-09-09T09:19:07+00:00\",\"inLanguage\":\"it-IT\",\"potentialAction\":[{\"@type\":\"ReadAction\",\"target\":[\"https:\\\/\\\/panoramic-art.de\\\/pano-art\\\/\"]}]},{\"@type\":\"WebSite\",\"@id\":\"https:\\\/\\\/panoramic-art.de\\\/#website\",\"url\":\"https:\\\/\\\/panoramic-art.de\\\/\",\"name\":\"Markus Bollen Photography!\",\"description\":\"\",\"potentialAction\":[{\"@type\":\"SearchAction\",\"target\":{\"@type\":\"EntryPoint\",\"urlTemplate\":\"https:\\\/\\\/panoramic-art.de\\\/?s={search_term_string}\"},\"query-input\":{\"@type\":\"PropertyValueSpecification\",\"valueRequired\":true,\"valueName\":\"search_term_string\"}}],\"inLanguage\":\"it-IT\"}]}<\/script>\n<!-- \/ Yoast SEO plugin. -->","yoast_head_json":{"title":"Pano-Art - Markus Bollen Photography!","robots":{"index":"index","follow":"follow","max-snippet":"max-snippet:-1","max-image-preview":"max-image-preview:large","max-video-preview":"max-video-preview:-1"},"canonical":"https:\/\/panoramic-art.de\/it\/pano-art\/","og_locale":"it_IT","og_type":"article","og_title":"Pano-Art - Markus Bollen Photography!","og_description":"Willkommen bei Panoramic Art \u2013 Die Welt der Panorama-Fotografie Entdecken Sie auf panoramic-art.de eine einzigartige Sammlung atemberaubender Panorama-Fotografien, die den Betrachter in eine neue Dimension&hellip;","og_url":"https:\/\/panoramic-art.de\/it\/pano-art\/","og_site_name":"Markus Bollen Photography!","article_modified_time":"2025-09-09T09:19:07+00:00","twitter_card":"summary_large_image","twitter_misc":{"Tempo di lettura stimato":"3 minuti"},"schema":{"@context":"https:\/\/schema.org","@graph":[{"@type":"WebPage","@id":"https:\/\/panoramic-art.de\/pano-art\/","url":"https:\/\/panoramic-art.de\/pano-art\/","name":"Pano-Art - Markus Bollen Photography!","isPartOf":{"@id":"https:\/\/panoramic-art.de\/#website"},"datePublished":"2025-05-08T14:38:48+00:00","dateModified":"2025-09-09T09:19:07+00:00","inLanguage":"it-IT","potentialAction":[{"@type":"ReadAction","target":["https:\/\/panoramic-art.de\/pano-art\/"]}]},{"@type":"WebSite","@id":"https:\/\/panoramic-art.de\/#website","url":"https:\/\/panoramic-art.de\/","name":"Fotografia di Markus Bollen!","description":"","potentialAction":[{"@type":"SearchAction","target":{"@type":"EntryPoint","urlTemplate":"https:\/\/panoramic-art.de\/?s={search_term_string}"},"query-input":{"@type":"PropertyValueSpecification","valueRequired":true,"valueName":"search_term_string"}}],"inLanguage":"it-IT"}]}},"_links":{"self":[{"href":"https:\/\/panoramic-art.de\/it\/wp-json\/wp\/v2\/pages\/243","targetHints":{"allow":["GET"]}}],"collection":[{"href":"https:\/\/panoramic-art.de\/it\/wp-json\/wp\/v2\/pages"}],"about":[{"href":"https:\/\/panoramic-art.de\/it\/wp-json\/wp\/v2\/types\/page"}],"author":[{"embeddable":true,"href":"https:\/\/panoramic-art.de\/it\/wp-json\/wp\/v2\/users\/1"}],"replies":[{"embeddable":true,"href":"https:\/\/panoramic-art.de\/it\/wp-json\/wp\/v2\/comments?post=243"}],"version-history":[{"count":5,"href":"https:\/\/panoramic-art.de\/it\/wp-json\/wp\/v2\/pages\/243\/revisions"}],"predecessor-version":[{"id":1297,"href":"https:\/\/panoramic-art.de\/it\/wp-json\/wp\/v2\/pages\/243\/revisions\/1297"}],"wp:attachment":[{"href":"https:\/\/panoramic-art.de\/it\/wp-json\/wp\/v2\/media?parent=243"}],"curies":[{"name":"parola chiave","href":"https:\/\/api.w.org\/{rel}","templated":true}]}}