{"id":1336,"date":"2025-09-10T13:32:56","date_gmt":"2025-09-10T11:32:56","guid":{"rendered":"https:\/\/panoramic-art.de\/?page_id=1336"},"modified":"2025-09-10T13:32:57","modified_gmt":"2025-09-10T11:32:57","slug":"impressum","status":"publish","type":"page","link":"https:\/\/panoramic-art.de\/pt\/impressum\/","title":{"rendered":"imprimir"},"content":{"rendered":"<p>MARKUS BOLLEN<\/p>\n\n\n\n<p>NIKOLAUSSTR. 7B<br>D-51429 BERGISCH GLADBACH<br>TEL: +49-2204-22220<\/p>\n\n\n\n<p>CELULAR: +49 176 32236267<\/p>\n\n\n\n<p>look@panoramic-art.de<\/p>\n\n\n\n<p>IBAN DE16 6609 0800 0009 1474 38<br>BIC: GENODE61BBB<br>N\u00famero de IVA: 121 984 724<\/p>\n\n\n\n<p>Todas as fotografias est\u00e3o sujeitas a direitos autorais!<br>Voc\u00ea n\u00e3o pode us\u00e1-los sem permiss\u00e3o por escrito<br>nem em impress\u00e3o nem em sistemas eletr\u00f4nicos<br>processado, reproduzido ou distribu\u00eddo.<\/p>","protected":false},"excerpt":{"rendered":"<p>MARKUS BOLLEN NIKOLAUSSTR. 7BD-51429 BERGISCH GLADBACH TEL: +49-2204-22220 CELULAR: +49 176 32236267 look@panoramic-art.de IBAN DE16 6609 0800 0009 1474 38 BIC: GENODE61BBB N\u00ba IMPOSTO. ID de IVA: 121 984 724\u2026<\/p>","protected":false},"author":1,"featured_media":0,"parent":0,"menu_order":0,"comment_status":"closed","ping_status":"closed","template":"","meta":{"footnotes":""},"class_list":["post-1336","page","type-page","status-publish","hentry"],"yoast_head":"<!-- This site is optimized with the Yoast SEO plugin v27.5 - https:\/\/yoast.com\/product\/yoast-seo-wordpress\/ -->\n<title>Impressum - Markus Bollen Photography!<\/title>\n<meta name=\"robots\" content=\"index, follow, max-snippet:-1, max-image-preview:large, max-video-preview:-1\" \/>\n<link rel=\"canonical\" href=\"https:\/\/panoramic-art.de\/pt\/impressum\/\" \/>\n<meta property=\"og:locale\" content=\"pt_PT\" \/>\n<meta property=\"og:type\" content=\"article\" \/>\n<meta property=\"og:title\" content=\"Impressum - Markus Bollen Photography!\" \/>\n<meta property=\"og:description\" content=\"MARKUS BOLLEN NIKOLAUSSTR. 7BD-51429 BERGISCH GLADBACHTEL: +49-2204-22220 MOBIL: +49 176 32236267 look@panoramic-art.de IBAN DE16 6609 0800 0009 1474 38BIC: GENODE61BBBSTEUERNR. VAT ID: 121 984 724&hellip;\" \/>\n<meta property=\"og:url\" content=\"https:\/\/panoramic-art.de\/pt\/impressum\/\" \/>\n<meta property=\"og:site_name\" content=\"Markus Bollen Photography!\" \/>\n<meta property=\"article:modified_time\" content=\"2025-09-10T11:32:57+00:00\" \/>\n<meta name=\"twitter:card\" content=\"summary_large_image\" \/>\n<meta name=\"twitter:label1\" content=\"Tempo estimado de leitura\" \/>\n\t<meta name=\"twitter:data1\" content=\"1 minuto\" \/>\n<script type=\"application\/ld+json\" class=\"yoast-schema-graph\">{\"@context\":\"https:\\\/\\\/schema.org\",\"@graph\":[{\"@type\":\"WebPage\",\"@id\":\"https:\\\/\\\/panoramic-art.de\\\/impressum\\\/\",\"url\":\"https:\\\/\\\/panoramic-art.de\\\/impressum\\\/\",\"name\":\"Impressum - Markus Bollen Photography!\",\"isPartOf\":{\"@id\":\"https:\\\/\\\/panoramic-art.de\\\/#website\"},\"datePublished\":\"2025-09-10T11:32:56+00:00\",\"dateModified\":\"2025-09-10T11:32:57+00:00\",\"inLanguage\":\"pt-PT\",\"potentialAction\":[{\"@type\":\"ReadAction\",\"target\":[\"https:\\\/\\\/panoramic-art.de\\\/impressum\\\/\"]}]},{\"@type\":\"WebSite\",\"@id\":\"https:\\\/\\\/panoramic-art.de\\\/#website\",\"url\":\"https:\\\/\\\/panoramic-art.de\\\/\",\"name\":\"Markus Bollen Photography!\",\"description\":\"\",\"potentialAction\":[{\"@type\":\"SearchAction\",\"target\":{\"@type\":\"EntryPoint\",\"urlTemplate\":\"https:\\\/\\\/panoramic-art.de\\\/?s={search_term_string}\"},\"query-input\":{\"@type\":\"PropertyValueSpecification\",\"valueRequired\":true,\"valueName\":\"search_term_string\"}}],\"inLanguage\":\"pt-PT\"}]}<\/script>\n<!-- \/ Yoast SEO plugin. -->","yoast_head_json":{"title":"Impressum - Markus Bollen Photography!","robots":{"index":"index","follow":"follow","max-snippet":"max-snippet:-1","max-image-preview":"max-image-preview:large","max-video-preview":"max-video-preview:-1"},"canonical":"https:\/\/panoramic-art.de\/pt\/impressum\/","og_locale":"pt_PT","og_type":"article","og_title":"Impressum - Markus Bollen Photography!","og_description":"MARKUS BOLLEN NIKOLAUSSTR. 7BD-51429 BERGISCH GLADBACHTEL: +49-2204-22220 MOBIL: +49 176 32236267 look@panoramic-art.de IBAN DE16 6609 0800 0009 1474 38BIC: GENODE61BBBSTEUERNR. VAT ID: 121 984 724&hellip;","og_url":"https:\/\/panoramic-art.de\/pt\/impressum\/","og_site_name":"Markus Bollen Photography!","article_modified_time":"2025-09-10T11:32:57+00:00","twitter_card":"summary_large_image","twitter_misc":{"Tempo estimado de leitura":"1 minuto"},"schema":{"@context":"https:\/\/schema.org","@graph":[{"@type":"WebPage","@id":"https:\/\/panoramic-art.de\/impressum\/","url":"https:\/\/panoramic-art.de\/impressum\/","name":"Impressum - Markus Bollen Photography!","isPartOf":{"@id":"https:\/\/panoramic-art.de\/#website"},"datePublished":"2025-09-10T11:32:56+00:00","dateModified":"2025-09-10T11:32:57+00:00","inLanguage":"pt-PT","potentialAction":[{"@type":"ReadAction","target":["https:\/\/panoramic-art.de\/impressum\/"]}]},{"@type":"WebSite","@id":"https:\/\/panoramic-art.de\/#website","url":"https:\/\/panoramic-art.de\/","name":"Fotografia de Markus Bollen!","description":"","potentialAction":[{"@type":"SearchAction","target":{"@type":"EntryPoint","urlTemplate":"https:\/\/panoramic-art.de\/?s={search_term_string}"},"query-input":{"@type":"PropertyValueSpecification","valueRequired":true,"valueName":"search_term_string"}}],"inLanguage":"pt-PT"}]}},"_links":{"self":[{"href":"https:\/\/panoramic-art.de\/pt\/wp-json\/wp\/v2\/pages\/1336","targetHints":{"allow":["GET"]}}],"collection":[{"href":"https:\/\/panoramic-art.de\/pt\/wp-json\/wp\/v2\/pages"}],"about":[{"href":"https:\/\/panoramic-art.de\/pt\/wp-json\/wp\/v2\/types\/page"}],"author":[{"embeddable":true,"href":"https:\/\/panoramic-art.de\/pt\/wp-json\/wp\/v2\/users\/1"}],"replies":[{"embeddable":true,"href":"https:\/\/panoramic-art.de\/pt\/wp-json\/wp\/v2\/comments?post=1336"}],"version-history":[{"count":1,"href":"https:\/\/panoramic-art.de\/pt\/wp-json\/wp\/v2\/pages\/1336\/revisions"}],"predecessor-version":[{"id":1337,"href":"https:\/\/panoramic-art.de\/pt\/wp-json\/wp\/v2\/pages\/1336\/revisions\/1337"}],"wp:attachment":[{"href":"https:\/\/panoramic-art.de\/pt\/wp-json\/wp\/v2\/media?parent=1336"}],"curies":[{"name":"wp","href":"https:\/\/api.w.org\/{rel}","templated":true}]}}