{"id":446,"date":"2025-05-08T18:00:54","date_gmt":"2025-05-08T16:00:54","guid":{"rendered":"https:\/\/neu.panoramic-art.de\/?page_id=446"},"modified":"2025-09-09T11:18:41","modified_gmt":"2025-09-09T09:18:41","slug":"kalk-schaefer","status":"publish","type":"page","link":"https:\/\/panoramic-art.de\/pt\/tagebau\/kalk-schaefer\/","title":{"rendered":"Kalk Sch\u00e4fer"},"content":{"rendered":"<div data-elementor-type=\"wp-page\" data-elementor-id=\"446\" class=\"elementor elementor-446\" data-elementor-post-type=\"page\">\n\t\t\t\t<div class=\"elementor-element elementor-element-dbe70d5 e-flex e-con-boxed e-con e-parent\" data-id=\"dbe70d5\" data-element_type=\"container\" data-e-type=\"container\">\n\t\t\t\t\t<div class=\"e-con-inner\">\n\t\t\t\t<div class=\"elementor-element elementor-element-2992eab gallery-spacing-custom elementor-widget elementor-widget-image-gallery\" data-id=\"2992eab\" data-element_type=\"widget\" data-e-type=\"widget\" data-widget_type=\"image-gallery.default\">\n\t\t\t\t<div class=\"elementor-widget-container\">\n\t\t\t\t\t\t\t<div class=\"elementor-image-gallery\">\n\t\t\t<div id='gallery-1' class='gallery galleryid-446 gallery-columns-1 gallery-size-full'><figure class='gallery-item'>\n\t\t\t<div class='gallery-icon landscape'>\n\t\t\t\t<a data-elementor-open-lightbox=\"yes\" data-elementor-lightbox-slideshow=\"2992eab\" data-elementor-lightbox-title=\"1876-11\" data-e-action-hash=\"#elementor-action%3Aaction%3Dlightbox%26settings%3DeyJpZCI6ODc2LCJ1cmwiOiJodHRwczpcL1wvcGFub3JhbWljLWFydC5kZVwvd3AtY29udGVudFwvdXBsb2Fkc1wvMjAyNVwvMDdcL2ltZ2lfOF8xODc1LTA2LUthbGstU2NoYWVmZXItSGFobnN0YWV0dGVuLmpwZyIsInNsaWRlc2hvdyI6IjI5OTJlYWIifQ%3D%3D\" href='https:\/\/panoramic-art.de\/wp-content\/uploads\/2025\/07\/imgi_8_1875-06-Kalk-Schaefer-Hahnstaetten.jpg'><img fetchpriority=\"high\" decoding=\"async\" width=\"2000\" height=\"664\" src=\"https:\/\/panoramic-art.de\/wp-content\/uploads\/2025\/07\/imgi_8_1875-06-Kalk-Schaefer-Hahnstaetten.jpg\" class=\"attachment-full size-full\" alt=\"1876-11\" aria-describedby=\"gallery-1-876\" srcset=\"https:\/\/panoramic-art.de\/wp-content\/uploads\/2025\/07\/imgi_8_1875-06-Kalk-Schaefer-Hahnstaetten.jpg 2000w, https:\/\/panoramic-art.de\/wp-content\/uploads\/2025\/07\/imgi_8_1875-06-Kalk-Schaefer-Hahnstaetten-300x100.jpg 300w, https:\/\/panoramic-art.de\/wp-content\/uploads\/2025\/07\/imgi_8_1875-06-Kalk-Schaefer-Hahnstaetten-1024x340.jpg 1024w, https:\/\/panoramic-art.de\/wp-content\/uploads\/2025\/07\/imgi_8_1875-06-Kalk-Schaefer-Hahnstaetten-768x255.jpg 768w, https:\/\/panoramic-art.de\/wp-content\/uploads\/2025\/07\/imgi_8_1875-06-Kalk-Schaefer-Hahnstaetten-1536x510.jpg 1536w, https:\/\/panoramic-art.de\/wp-content\/uploads\/2025\/07\/imgi_8_1875-06-Kalk-Schaefer-Hahnstaetten-18x6.jpg 18w\" sizes=\"(max-width: 2000px) 100vw, 2000px\" \/><\/a>\n\t\t\t<\/div>\n\t\t\t\t<figcaption class='wp-caption-text gallery-caption' id='gallery-1-876'>\n\t\t\t\t1876-11\n\t\t\t\t<\/figcaption><\/figure><figure class='gallery-item'>\n\t\t\t<div class='gallery-icon landscape'>\n\t\t\t\t<a data-elementor-open-lightbox=\"yes\" data-elementor-lightbox-slideshow=\"2992eab\" data-elementor-lightbox-title=\"1877-01\" data-e-action-hash=\"#elementor-action%3Aaction%3Dlightbox%26settings%3DeyJpZCI6ODc3LCJ1cmwiOiJodHRwczpcL1wvcGFub3JhbWljLWFydC5kZVwvd3AtY29udGVudFwvdXBsb2Fkc1wvMjAyNVwvMDdcL2ltZ2lfOV8xODc3LTAxLUthbGstU2NoYWVmZXItSGFobnN0YWV0dGVuLmpwZyIsInNsaWRlc2hvdyI6IjI5OTJlYWIifQ%3D%3D\" href='https:\/\/panoramic-art.de\/wp-content\/uploads\/2025\/07\/imgi_9_1877-01-Kalk-Schaefer-Hahnstaetten.jpg'><img decoding=\"async\" width=\"2000\" height=\"669\" src=\"https:\/\/panoramic-art.de\/wp-content\/uploads\/2025\/07\/imgi_9_1877-01-Kalk-Schaefer-Hahnstaetten.jpg\" class=\"attachment-full size-full\" alt=\"1877-01\" aria-describedby=\"gallery-1-877\" srcset=\"https:\/\/panoramic-art.de\/wp-content\/uploads\/2025\/07\/imgi_9_1877-01-Kalk-Schaefer-Hahnstaetten.jpg 2000w, https:\/\/panoramic-art.de\/wp-content\/uploads\/2025\/07\/imgi_9_1877-01-Kalk-Schaefer-Hahnstaetten-300x100.jpg 300w, https:\/\/panoramic-art.de\/wp-content\/uploads\/2025\/07\/imgi_9_1877-01-Kalk-Schaefer-Hahnstaetten-1024x343.jpg 1024w, https:\/\/panoramic-art.de\/wp-content\/uploads\/2025\/07\/imgi_9_1877-01-Kalk-Schaefer-Hahnstaetten-768x257.jpg 768w, https:\/\/panoramic-art.de\/wp-content\/uploads\/2025\/07\/imgi_9_1877-01-Kalk-Schaefer-Hahnstaetten-1536x514.jpg 1536w, https:\/\/panoramic-art.de\/wp-content\/uploads\/2025\/07\/imgi_9_1877-01-Kalk-Schaefer-Hahnstaetten-18x6.jpg 18w\" sizes=\"(max-width: 2000px) 100vw, 2000px\" \/><\/a>\n\t\t\t<\/div>\n\t\t\t\t<figcaption class='wp-caption-text gallery-caption' id='gallery-1-877'>\n\t\t\t\t1877-01\n\t\t\t\t<\/figcaption><\/figure><figure class='gallery-item'>\n\t\t\t<div class='gallery-icon portrait'>\n\t\t\t\t<a data-elementor-open-lightbox=\"yes\" data-elementor-lightbox-slideshow=\"2992eab\" data-elementor-lightbox-title=\"1876-11\" data-e-action-hash=\"#elementor-action%3Aaction%3Dlightbox%26settings%3DeyJpZCI6ODc4LCJ1cmwiOiJodHRwczpcL1wvcGFub3JhbWljLWFydC5kZVwvd3AtY29udGVudFwvdXBsb2Fkc1wvMjAyNVwvMDdcL2ltZ2lfMTBfMTg3Ni0xMS1LYWxrLVNjaGFlZmVyLUhhaG5zdGFldHRlbi5qcGciLCJzbGlkZXNob3ciOiIyOTkyZWFiIn0%3D\" href='https:\/\/panoramic-art.de\/wp-content\/uploads\/2025\/07\/imgi_10_1876-11-Kalk-Schaefer-Hahnstaetten.jpg'><img decoding=\"async\" width=\"665\" height=\"2000\" src=\"https:\/\/panoramic-art.de\/wp-content\/uploads\/2025\/07\/imgi_10_1876-11-Kalk-Schaefer-Hahnstaetten.jpg\" class=\"attachment-full size-full\" alt=\"1876-11\" aria-describedby=\"gallery-1-878\" srcset=\"https:\/\/panoramic-art.de\/wp-content\/uploads\/2025\/07\/imgi_10_1876-11-Kalk-Schaefer-Hahnstaetten.jpg 665w, https:\/\/panoramic-art.de\/wp-content\/uploads\/2025\/07\/imgi_10_1876-11-Kalk-Schaefer-Hahnstaetten-100x300.jpg 100w, https:\/\/panoramic-art.de\/wp-content\/uploads\/2025\/07\/imgi_10_1876-11-Kalk-Schaefer-Hahnstaetten-340x1024.jpg 340w, https:\/\/panoramic-art.de\/wp-content\/uploads\/2025\/07\/imgi_10_1876-11-Kalk-Schaefer-Hahnstaetten-511x1536.jpg 511w, https:\/\/panoramic-art.de\/wp-content\/uploads\/2025\/07\/imgi_10_1876-11-Kalk-Schaefer-Hahnstaetten-4x12.jpg 4w\" sizes=\"(max-width: 665px) 100vw, 665px\" \/><\/a>\n\t\t\t<\/div>\n\t\t\t\t<figcaption class='wp-caption-text gallery-caption' id='gallery-1-878'>\n\t\t\t\t1876-11\n\t\t\t\t<\/figcaption><\/figure><figure class='gallery-item'>\n\t\t\t<div class='gallery-icon portrait'>\n\t\t\t\t<a data-elementor-open-lightbox=\"yes\" data-elementor-lightbox-slideshow=\"2992eab\" data-elementor-lightbox-title=\"1877-11\" data-e-action-hash=\"#elementor-action%3Aaction%3Dlightbox%26settings%3DeyJpZCI6ODc5LCJ1cmwiOiJodHRwczpcL1wvcGFub3JhbWljLWFydC5kZVwvd3AtY29udGVudFwvdXBsb2Fkc1wvMjAyNVwvMDdcL2ltZ2lfMTFfMTg3Ni0wNi1LYWxrLVNjaGFlZmVyLUhhaG5zdGFldHRlbi5qcGciLCJzbGlkZXNob3ciOiIyOTkyZWFiIn0%3D\" href='https:\/\/panoramic-art.de\/wp-content\/uploads\/2025\/07\/imgi_11_1876-06-Kalk-Schaefer-Hahnstaetten.jpg'><img loading=\"lazy\" decoding=\"async\" width=\"675\" height=\"2000\" src=\"https:\/\/panoramic-art.de\/wp-content\/uploads\/2025\/07\/imgi_11_1876-06-Kalk-Schaefer-Hahnstaetten.jpg\" class=\"attachment-full size-full\" alt=\"1877-11\" aria-describedby=\"gallery-1-879\" srcset=\"https:\/\/panoramic-art.de\/wp-content\/uploads\/2025\/07\/imgi_11_1876-06-Kalk-Schaefer-Hahnstaetten.jpg 675w, https:\/\/panoramic-art.de\/wp-content\/uploads\/2025\/07\/imgi_11_1876-06-Kalk-Schaefer-Hahnstaetten-101x300.jpg 101w, https:\/\/panoramic-art.de\/wp-content\/uploads\/2025\/07\/imgi_11_1876-06-Kalk-Schaefer-Hahnstaetten-346x1024.jpg 346w, https:\/\/panoramic-art.de\/wp-content\/uploads\/2025\/07\/imgi_11_1876-06-Kalk-Schaefer-Hahnstaetten-518x1536.jpg 518w, https:\/\/panoramic-art.de\/wp-content\/uploads\/2025\/07\/imgi_11_1876-06-Kalk-Schaefer-Hahnstaetten-4x12.jpg 4w\" sizes=\"(max-width: 675px) 100vw, 675px\" \/><\/a>\n\t\t\t<\/div>\n\t\t\t\t<figcaption class='wp-caption-text gallery-caption' id='gallery-1-879'>\n\t\t\t\t1877-11\n\t\t\t\t<\/figcaption><\/figure><figure class='gallery-item'>\n\t\t\t<div class='gallery-icon portrait'>\n\t\t\t\t<a data-elementor-open-lightbox=\"yes\" data-elementor-lightbox-slideshow=\"2992eab\" data-elementor-lightbox-title=\"1876-11\" data-e-action-hash=\"#elementor-action%3Aaction%3Dlightbox%26settings%3DeyJpZCI6ODgwLCJ1cmwiOiJodHRwczpcL1wvcGFub3JhbWljLWFydC5kZVwvd3AtY29udGVudFwvdXBsb2Fkc1wvMjAyNVwvMDdcL2ltZ2lfMTJfMTg3NS0xNS1LYWxrLVNjaGFlZmVyLUhhaG5zdGFldHRlbi5qcGciLCJzbGlkZXNob3ciOiIyOTkyZWFiIn0%3D\" href='https:\/\/panoramic-art.de\/wp-content\/uploads\/2025\/07\/imgi_12_1875-15-Kalk-Schaefer-Hahnstaetten.jpg'><img loading=\"lazy\" decoding=\"async\" width=\"672\" height=\"2000\" src=\"https:\/\/panoramic-art.de\/wp-content\/uploads\/2025\/07\/imgi_12_1875-15-Kalk-Schaefer-Hahnstaetten.jpg\" class=\"attachment-full size-full\" alt=\"1876-11\" aria-describedby=\"gallery-1-880\" srcset=\"https:\/\/panoramic-art.de\/wp-content\/uploads\/2025\/07\/imgi_12_1875-15-Kalk-Schaefer-Hahnstaetten.jpg 672w, https:\/\/panoramic-art.de\/wp-content\/uploads\/2025\/07\/imgi_12_1875-15-Kalk-Schaefer-Hahnstaetten-101x300.jpg 101w, https:\/\/panoramic-art.de\/wp-content\/uploads\/2025\/07\/imgi_12_1875-15-Kalk-Schaefer-Hahnstaetten-344x1024.jpg 344w, https:\/\/panoramic-art.de\/wp-content\/uploads\/2025\/07\/imgi_12_1875-15-Kalk-Schaefer-Hahnstaetten-516x1536.jpg 516w, https:\/\/panoramic-art.de\/wp-content\/uploads\/2025\/07\/imgi_12_1875-15-Kalk-Schaefer-Hahnstaetten-4x12.jpg 4w\" sizes=\"(max-width: 672px) 100vw, 672px\" \/><\/a>\n\t\t\t<\/div>\n\t\t\t\t<figcaption class='wp-caption-text gallery-caption' id='gallery-1-880'>\n\t\t\t\t1876-11\n\t\t\t\t<\/figcaption><\/figure>\n\t\t<\/div>\n\t\t<\/div>\n\t\t\t\t\t\t<\/div>\n\t\t\t\t<\/div>\n\t\t\t\t\t<\/div>\n\t\t\t\t<\/div>\n\t\t<div class=\"elementor-element elementor-element-bdbb060 e-flex e-con-boxed e-con e-parent\" data-id=\"bdbb060\" data-element_type=\"container\" data-e-type=\"container\">\n\t\t\t\t\t<div class=\"e-con-inner\">\n\t\t\t\t<div class=\"elementor-element elementor-element-90970a4 elementor-widget elementor-widget-heading\" data-id=\"90970a4\" data-element_type=\"widget\" data-e-type=\"widget\" data-widget_type=\"heading.default\">\n\t\t\t\t<div class=\"elementor-widget-container\">\n\t\t\t\t\t<h2 class=\"elementor-heading-title elementor-size-default\">Minera\u00e7\u00e3o de calc\u00e1rio em panoramas \u2013 imagens fascinantes da mina<\/h2>\t\t\t\t<\/div>\n\t\t\t\t<\/div>\n\t\t\t\t<div class=\"elementor-element elementor-element-61a49a9 elementor-widget elementor-widget-text-editor\" data-id=\"61a49a9\" data-element_type=\"widget\" data-e-type=\"widget\" data-widget_type=\"text-editor.default\">\n\t\t\t\t<div class=\"elementor-widget-container\">\n\t\t\t\t\t\t\t\t\t<p class=\"p1\"><span class=\"s1\">Descubra as impressionantes imagens panor\u00e2micas das pedreiras de calc\u00e1rio e das \u00e1reas de minera\u00e7\u00e3o a c\u00e9u aberto<\/span><\/p><p class=\"p2\"><span class=\"s1\">Experimente a imensa beleza das paisagens industriais atrav\u00e9s de nossas imagens panor\u00e2micas de tirar o f\u00f4lego de \u00e1reas de minera\u00e7\u00e3o de calc\u00e1rio. Essas fotografias \u00fanicas capturam a est\u00e9tica imponente das pedreiras e da minera\u00e7\u00e3o de calc\u00e1rio a partir de uma perspectiva que atrai o observador para as profundas estruturas industriais e a din\u00e2mica vibrante da minera\u00e7\u00e3o a c\u00e9u aberto.<\/span><\/p><p class=\"p2\"><span class=\"s1\">Nossas imagens panor\u00e2micas n\u00e3o retratam apenas a minera\u00e7\u00e3o de calc\u00e1rio na natureza, mas tamb\u00e9m a paisagem em constante transforma\u00e7\u00e3o e a fascinante geometria das minas. Elas representam uma fus\u00e3o \u00fanica de natureza e ind\u00fastria, oferecendo uma jornada visual pela minera\u00e7\u00e3o de calc\u00e1rio, revelando a beleza art\u00edstica dessas paisagens industriais.<\/span><\/p><p class=\"p1\"><span class=\"s1\">Por que imagens panor\u00e2micas de \u00e1reas de minera\u00e7\u00e3o de calc\u00e1rio?<\/span><\/p><ul class=\"ul1\"><li class=\"li2\"><span class=\"s1\">Est\u00e9tica industrial \u2013 Nossas imagens panor\u00e2micas capturam o poder visual da minera\u00e7\u00e3o de calc\u00e1rio e a arquitetura impressionante das \u00e1reas de minera\u00e7\u00e3o a c\u00e9u aberto<\/span><\/li><li class=\"li2\"><span class=\"s1\">Din\u00e2mica da minera\u00e7\u00e3o de calc\u00e1rio \u2013 Experimente as estruturas monumentais e os po\u00e7os profundos da minera\u00e7\u00e3o de calc\u00e1rio, que se fundem com a natureza de uma forma fascinante na imagem<\/span><\/li><li class=\"li2\"><span class=\"s1\">Perspectivas fascinantes \u2013 Nossos panoramas exclusivos oferecem perspectivas da mina a c\u00e9u aberto, mostrando a extens\u00e3o sem escala das minas e o processo industrial de uma nova perspectiva<\/span><\/li><li class=\"li2\"><span class=\"s1\">Impress\u00e3o de alta qualidade \u2013 Oferecemos edi\u00e7\u00f5es limitadas de imagens panor\u00e2micas, apresentadas na melhor impress\u00e3o pigmentada em papel artesanal de alta qualidade ou em alum\u00ednio dibond em formato grande impressionante<\/span><\/li><\/ul><p class=\"p1\"><span class=\"s1\">Minera\u00e7\u00e3o de calc\u00e1rio \u2013 Uma paisagem gr\u00e1fica impressionante<\/span><\/p><p class=\"p2\"><span class=\"s1\">A minera\u00e7\u00e3o de calc\u00e1rio n\u00e3o cumpre apenas uma fun\u00e7\u00e3o industrial pr\u00e1tica, mas tamb\u00e9m possui uma profunda dimens\u00e3o est\u00e9tica. As formas geom\u00e9tricas e as linhas gr\u00e1ficas das minas e pedreiras de calc\u00e1rio s\u00e3o criadas pelo processo de minera\u00e7\u00e3o e refletem o impacto do homem na natureza. Nossas imagens panor\u00e2micas mergulham voc\u00ea profundamente neste mundo fascinante e oferecem uma perspectiva \u00fanica sobre a est\u00e9tica industrial.<\/span><\/p><p class=\"p2\"><span class=\"s1\">Essas imagens n\u00e3o s\u00e3o apenas para amantes da fotografia industrial, mas tamb\u00e9m para colecionadores de arte e designers de interiores modernos interessados em obras de arte expressivas e de grande formato.<\/span><\/p><p class=\"p1\"><span class=\"s1\">Imagens panor\u00e2micas para sua casa ou escrit\u00f3rio<\/span><\/p><ul class=\"ul1\"><li class=\"li2\"><span class=\"s1\">Fascina\u00e7\u00e3o pela minera\u00e7\u00e3o de calc\u00e1rio \u2013 Pendure um panorama de grande formato na sua parede e inspire-se na beleza pura das paisagens industriais<\/span><\/li><li class=\"li2\"><span class=\"s1\">Complemento perfeito para espa\u00e7os modernos \u2013 Ideal para escrit\u00f3rios, sagu\u00f5es e espa\u00e7os de conviv\u00eancia modernos que precisam criar uma atmosfera poderosa e inspiradora<\/span><\/li><li class=\"li2\"><span class=\"s1\">Obras de arte exclusivas \u2013 Nossa arte fotogr\u00e1fica de edi\u00e7\u00e3o limitada oferece impress\u00f5es de alta qualidade e transforma sua casa ou escrit\u00f3rio em um espa\u00e7o de exibi\u00e7\u00e3o para imagens panor\u00e2micas fascinantes das pedreiras de calc\u00e1rio<\/span><\/li><\/ul>\t\t\t\t\t\t\t\t<\/div>\n\t\t\t\t<\/div>\n\t\t\t\t\t<\/div>\n\t\t\t\t<\/div>\n\t\t\t\t<\/div>","protected":false},"excerpt":{"rendered":"<p>1876-11 1877-01 1876-11 1877-11 1876-11 Kalkabbau in Panoramen \u2013 Faszinierende Aufnahmen aus der Grube Entdecken Sie die eindrucksvollen Panoramabilder aus den Kalksteinbr\u00fcchen und Tagebaugebieten Erleben&hellip;<\/p>","protected":false},"author":1,"featured_media":0,"parent":438,"menu_order":0,"comment_status":"closed","ping_status":"closed","template":"","meta":{"footnotes":""},"class_list":["post-446","page","type-page","status-publish","hentry"],"yoast_head":"<!-- This site is optimized with the Yoast SEO plugin v27.3 - https:\/\/yoast.com\/product\/yoast-seo-wordpress\/ -->\n<title>Kalk Sch\u00e4fer - Markus Bollen Photography!<\/title>\n<meta name=\"robots\" content=\"index, follow, max-snippet:-1, max-image-preview:large, max-video-preview:-1\" \/>\n<link rel=\"canonical\" href=\"https:\/\/panoramic-art.de\/pt\/tagebau\/kalk-schaefer\/\" \/>\n<meta property=\"og:locale\" content=\"pt_PT\" \/>\n<meta property=\"og:type\" content=\"article\" \/>\n<meta property=\"og:title\" content=\"Kalk Sch\u00e4fer - Markus Bollen Photography!\" \/>\n<meta property=\"og:description\" content=\"1876-11 1877-01 1876-11 1877-11 1876-11 Kalkabbau in Panoramen \u2013 Faszinierende Aufnahmen aus der Grube Entdecken Sie die eindrucksvollen Panoramabilder aus den Kalksteinbr\u00fcchen und Tagebaugebieten Erleben&hellip;\" \/>\n<meta property=\"og:url\" content=\"https:\/\/panoramic-art.de\/pt\/tagebau\/kalk-schaefer\/\" \/>\n<meta property=\"og:site_name\" content=\"Markus Bollen Photography!\" \/>\n<meta property=\"article:modified_time\" content=\"2025-09-09T09:18:41+00:00\" \/>\n<meta property=\"og:image\" content=\"https:\/\/panoramic-art.de\/wp-content\/uploads\/2025\/07\/imgi_8_1875-06-Kalk-Schaefer-Hahnstaetten.jpg\" \/>\n<meta name=\"twitter:card\" content=\"summary_large_image\" \/>\n<meta name=\"twitter:label1\" content=\"Tempo estimado de leitura\" \/>\n\t<meta name=\"twitter:data1\" content=\"4 minutos\" \/>\n<script type=\"application\/ld+json\" class=\"yoast-schema-graph\">{\"@context\":\"https:\\\/\\\/schema.org\",\"@graph\":[{\"@type\":\"WebPage\",\"@id\":\"https:\\\/\\\/panoramic-art.de\\\/tagebau\\\/kalk-schaefer\\\/\",\"url\":\"https:\\\/\\\/panoramic-art.de\\\/tagebau\\\/kalk-schaefer\\\/\",\"name\":\"Kalk Sch\u00e4fer - Markus Bollen Photography!\",\"isPartOf\":{\"@id\":\"https:\\\/\\\/panoramic-art.de\\\/#website\"},\"primaryImageOfPage\":{\"@id\":\"https:\\\/\\\/panoramic-art.de\\\/tagebau\\\/kalk-schaefer\\\/#primaryimage\"},\"image\":{\"@id\":\"https:\\\/\\\/panoramic-art.de\\\/tagebau\\\/kalk-schaefer\\\/#primaryimage\"},\"thumbnailUrl\":\"https:\\\/\\\/panoramic-art.de\\\/wp-content\\\/uploads\\\/2025\\\/07\\\/imgi_8_1875-06-Kalk-Schaefer-Hahnstaetten.jpg\",\"datePublished\":\"2025-05-08T16:00:54+00:00\",\"dateModified\":\"2025-09-09T09:18:41+00:00\",\"breadcrumb\":{\"@id\":\"https:\\\/\\\/panoramic-art.de\\\/tagebau\\\/kalk-schaefer\\\/#breadcrumb\"},\"inLanguage\":\"pt-PT\",\"potentialAction\":[{\"@type\":\"ReadAction\",\"target\":[\"https:\\\/\\\/panoramic-art.de\\\/tagebau\\\/kalk-schaefer\\\/\"]}]},{\"@type\":\"ImageObject\",\"inLanguage\":\"pt-PT\",\"@id\":\"https:\\\/\\\/panoramic-art.de\\\/tagebau\\\/kalk-schaefer\\\/#primaryimage\",\"url\":\"https:\\\/\\\/panoramic-art.de\\\/wp-content\\\/uploads\\\/2025\\\/07\\\/imgi_8_1875-06-Kalk-Schaefer-Hahnstaetten.jpg\",\"contentUrl\":\"https:\\\/\\\/panoramic-art.de\\\/wp-content\\\/uploads\\\/2025\\\/07\\\/imgi_8_1875-06-Kalk-Schaefer-Hahnstaetten.jpg\"},{\"@type\":\"BreadcrumbList\",\"@id\":\"https:\\\/\\\/panoramic-art.de\\\/tagebau\\\/kalk-schaefer\\\/#breadcrumb\",\"itemListElement\":[{\"@type\":\"ListItem\",\"position\":1,\"name\":\"Tagebau\",\"item\":\"https:\\\/\\\/panoramic-art.de\\\/tagebau\\\/\"},{\"@type\":\"ListItem\",\"position\":2,\"name\":\"Kalk Sch\u00e4fer\"}]},{\"@type\":\"WebSite\",\"@id\":\"https:\\\/\\\/panoramic-art.de\\\/#website\",\"url\":\"https:\\\/\\\/panoramic-art.de\\\/\",\"name\":\"Markus Bollen Photography!\",\"description\":\"\",\"potentialAction\":[{\"@type\":\"SearchAction\",\"target\":{\"@type\":\"EntryPoint\",\"urlTemplate\":\"https:\\\/\\\/panoramic-art.de\\\/?s={search_term_string}\"},\"query-input\":{\"@type\":\"PropertyValueSpecification\",\"valueRequired\":true,\"valueName\":\"search_term_string\"}}],\"inLanguage\":\"pt-PT\"}]}<\/script>\n<!-- \/ Yoast SEO plugin. -->","yoast_head_json":{"title":"Kalk Sch\u00e4fer - Markus Bollen Photography!","robots":{"index":"index","follow":"follow","max-snippet":"max-snippet:-1","max-image-preview":"max-image-preview:large","max-video-preview":"max-video-preview:-1"},"canonical":"https:\/\/panoramic-art.de\/pt\/tagebau\/kalk-schaefer\/","og_locale":"pt_PT","og_type":"article","og_title":"Kalk Sch\u00e4fer - Markus Bollen Photography!","og_description":"1876-11 1877-01 1876-11 1877-11 1876-11 Kalkabbau in Panoramen \u2013 Faszinierende Aufnahmen aus der Grube Entdecken Sie die eindrucksvollen Panoramabilder aus den Kalksteinbr\u00fcchen und Tagebaugebieten Erleben&hellip;","og_url":"https:\/\/panoramic-art.de\/pt\/tagebau\/kalk-schaefer\/","og_site_name":"Markus Bollen Photography!","article_modified_time":"2025-09-09T09:18:41+00:00","og_image":[{"url":"https:\/\/panoramic-art.de\/wp-content\/uploads\/2025\/07\/imgi_8_1875-06-Kalk-Schaefer-Hahnstaetten.jpg","type":"","width":"","height":""}],"twitter_card":"summary_large_image","twitter_misc":{"Tempo estimado de leitura":"4 minutos"},"schema":{"@context":"https:\/\/schema.org","@graph":[{"@type":"WebPage","@id":"https:\/\/panoramic-art.de\/tagebau\/kalk-schaefer\/","url":"https:\/\/panoramic-art.de\/tagebau\/kalk-schaefer\/","name":"Kalk Sch\u00e4fer - Markus Bollen Photography!","isPartOf":{"@id":"https:\/\/panoramic-art.de\/#website"},"primaryImageOfPage":{"@id":"https:\/\/panoramic-art.de\/tagebau\/kalk-schaefer\/#primaryimage"},"image":{"@id":"https:\/\/panoramic-art.de\/tagebau\/kalk-schaefer\/#primaryimage"},"thumbnailUrl":"https:\/\/panoramic-art.de\/wp-content\/uploads\/2025\/07\/imgi_8_1875-06-Kalk-Schaefer-Hahnstaetten.jpg","datePublished":"2025-05-08T16:00:54+00:00","dateModified":"2025-09-09T09:18:41+00:00","breadcrumb":{"@id":"https:\/\/panoramic-art.de\/tagebau\/kalk-schaefer\/#breadcrumb"},"inLanguage":"pt-PT","potentialAction":[{"@type":"ReadAction","target":["https:\/\/panoramic-art.de\/tagebau\/kalk-schaefer\/"]}]},{"@type":"ImageObject","inLanguage":"pt-PT","@id":"https:\/\/panoramic-art.de\/tagebau\/kalk-schaefer\/#primaryimage","url":"https:\/\/panoramic-art.de\/wp-content\/uploads\/2025\/07\/imgi_8_1875-06-Kalk-Schaefer-Hahnstaetten.jpg","contentUrl":"https:\/\/panoramic-art.de\/wp-content\/uploads\/2025\/07\/imgi_8_1875-06-Kalk-Schaefer-Hahnstaetten.jpg"},{"@type":"BreadcrumbList","@id":"https:\/\/panoramic-art.de\/tagebau\/kalk-schaefer\/#breadcrumb","itemListElement":[{"@type":"ListItem","position":1,"name":"Tagebau","item":"https:\/\/panoramic-art.de\/tagebau\/"},{"@type":"ListItem","position":2,"name":"Kalk Sch\u00e4fer"}]},{"@type":"WebSite","@id":"https:\/\/panoramic-art.de\/#website","url":"https:\/\/panoramic-art.de\/","name":"Fotografia de Markus Bollen!","description":"","potentialAction":[{"@type":"SearchAction","target":{"@type":"EntryPoint","urlTemplate":"https:\/\/panoramic-art.de\/?s={search_term_string}"},"query-input":{"@type":"PropertyValueSpecification","valueRequired":true,"valueName":"search_term_string"}}],"inLanguage":"pt-PT"}]}},"_links":{"self":[{"href":"https:\/\/panoramic-art.de\/pt\/wp-json\/wp\/v2\/pages\/446","targetHints":{"allow":["GET"]}}],"collection":[{"href":"https:\/\/panoramic-art.de\/pt\/wp-json\/wp\/v2\/pages"}],"about":[{"href":"https:\/\/panoramic-art.de\/pt\/wp-json\/wp\/v2\/types\/page"}],"author":[{"embeddable":true,"href":"https:\/\/panoramic-art.de\/pt\/wp-json\/wp\/v2\/users\/1"}],"replies":[{"embeddable":true,"href":"https:\/\/panoramic-art.de\/pt\/wp-json\/wp\/v2\/comments?post=446"}],"version-history":[{"count":5,"href":"https:\/\/panoramic-art.de\/pt\/wp-json\/wp\/v2\/pages\/446\/revisions"}],"predecessor-version":[{"id":1288,"href":"https:\/\/panoramic-art.de\/pt\/wp-json\/wp\/v2\/pages\/446\/revisions\/1288"}],"up":[{"embeddable":true,"href":"https:\/\/panoramic-art.de\/pt\/wp-json\/wp\/v2\/pages\/438"}],"wp:attachment":[{"href":"https:\/\/panoramic-art.de\/pt\/wp-json\/wp\/v2\/media?parent=446"}],"curies":[{"name":"wp","href":"https:\/\/api.w.org\/{rel}","templated":true}]}}