{"id":452,"date":"2025-05-08T18:01:51","date_gmt":"2025-05-08T16:01:51","guid":{"rendered":"https:\/\/neu.panoramic-art.de\/?page_id=452"},"modified":"2025-09-09T11:28:35","modified_gmt":"2025-09-09T09:28:35","slug":"how-i-shoot","status":"publish","type":"page","link":"https:\/\/panoramic-art.de\/pt\/how-i-shoot\/","title":{"rendered":"Como eu atiro"},"content":{"rendered":"<div data-elementor-type=\"wp-page\" data-elementor-id=\"452\" class=\"elementor elementor-452\" data-elementor-post-type=\"page\">\n\t\t\t\t<div class=\"elementor-element elementor-element-1b5f58d e-flex e-con-boxed e-con e-parent\" data-id=\"1b5f58d\" data-element_type=\"container\" data-e-type=\"container\">\n\t\t\t\t\t<div class=\"e-con-inner\">\n\t\t\t\t<div class=\"elementor-element elementor-element-901b887 elementor-widget elementor-widget-heading\" data-id=\"901b887\" data-element_type=\"widget\" data-e-type=\"widget\" data-widget_type=\"heading.default\">\n\t\t\t\t<div class=\"elementor-widget-container\">\n\t\t\t\t\t<h2 class=\"elementor-heading-title elementor-size-default\">Como eu fotografo \u2013 Insights sobre a arte da fotografia com a Guild Camera<\/h2>\t\t\t\t<\/div>\n\t\t\t\t<\/div>\n\t\t\t\t<div class=\"elementor-element elementor-element-022dbc1 elementor-widget elementor-widget-video\" data-id=\"022dbc1\" data-element_type=\"widget\" data-e-type=\"widget\" data-settings=\"{&quot;video_type&quot;:&quot;vimeo&quot;}\" data-widget_type=\"video.default\">\n\t\t\t\t<div class=\"elementor-widget-container\">\n\t\t\t\t\t\t\t<div class=\"elementor-wrapper elementor-open-inline\">\n\t\t\t<iframe class=\"elementor-video-iframe\" allowfullscreen allow=\"clipboard-write\" title=\"Reprodutor de v\u00eddeo Vimeo\" src=\"https:\/\/player.vimeo.com\/video\/123838688?color&amp;autopause=0&amp;loop=0&amp;muted=0&amp;title=1&amp;portrait=1&amp;byline=1#t=\"><\/iframe>\t\t<\/div>\n\t\t\t\t\t\t<\/div>\n\t\t\t\t<\/div>\n\t\t\t\t<div class=\"elementor-element elementor-element-fe41d21 elementor-widget elementor-widget-text-editor\" data-id=\"fe41d21\" data-element_type=\"widget\" data-e-type=\"widget\" data-widget_type=\"text-editor.default\">\n\t\t\t\t<div class=\"elementor-widget-container\">\n\t\t\t\t\t\t\t\t\t<p class=\"p1\"><span class=\"s1\">Como eu fotografo \u2013 Insights sobre a arte da fotografia com a Guild Camera<\/span><\/p><p class=\"p2\"><span class=\"s1\">Descubra o filme que apresenta a fotografia anal\u00f3gica com uma c\u00e2mera Gilde<\/span><\/p><p class=\"p3\"><span class=\"s1\">Nesta p\u00e1gina, compartilhamos os detalhes fascinantes da fotografia com a c\u00e2mera Gilde e oferecemos uma vis\u00e3o exclusiva do processo por tr\u00e1s das nossas impressionantes imagens panor\u00e2micas. O v\u00eddeo mostra como trabalhamos com esta c\u00e2mera anal\u00f3gica cl\u00e1ssica para criar fotografias detalhadas e de alta qualidade, aut\u00eanticas e art\u00edsticas em todos os sentidos.<\/span><\/p><p class=\"p3\"><span class=\"s1\">Aprenda os detalhes da c\u00e2mera Gilde e como capturamos grandes panoramas e cores vibrantes. Este filme \u00e9 essencial para entusiastas da fotografia interessados no processo e na t\u00e9cnica da fotografia anal\u00f3gica, e para quem deseja entender o momento m\u00e1gico por tr\u00e1s de cada foto.<\/span><\/p><p class=\"p2\"><span class=\"s1\">Por que a C\u00e2mera Gilde? A Magia da Fotografia Anal\u00f3gica<\/span><\/p><ul class=\"ul1\"><li class=\"li3\"><span class=\"s1\">Precis\u00e3o e aten\u00e7\u00e3o aos detalhes \u2013 A c\u00e2mera Gilde \u00e9 conhecida por sua tecnologia de alta precis\u00e3o, que permite produzir imagens panor\u00e2micas extremamente detalhadas e de alta qualidade. Neste filme, demonstramos como essa tecnologia resulta em fotografias \u00fanicas, n\u00e3o apenas visualmente impressionantes, mas tamb\u00e9m tecnicamente perfeitas.<\/span><\/li><li class=\"li3\"><span class=\"s1\">Filme em vez de digital \u2013 Embora muitos fot\u00f3grafos estejam recorrendo \u00e0 tecnologia digital, a fotografia anal\u00f3gica com a c\u00e2mera Gilde continua sendo uma alternativa art\u00edstica que captura a textura e o car\u00e1ter reais do objeto. Este filme explora como essa tecnologia cria um visual aut\u00eantico e distinto.<\/span><\/li><li class=\"li3\"><span class=\"s1\">O Processo Criativo \u2013 Este filme guia voc\u00ea por todo o processo criativo, desde a configura\u00e7\u00e3o da c\u00e2mera at\u00e9 a exposi\u00e7\u00e3o e a imagem final. Voc\u00ea aprender\u00e1 como a c\u00e2mera Gilde permite capturar o fasc\u00ednio da luz, da textura e do espa\u00e7o.<\/span><\/li><\/ul><p class=\"p2\"><span class=\"s1\">O que voc\u00ea aprender\u00e1 no filme sobre fotografia com a Guild Camera<\/span><\/p><ul class=\"ul1\"><li class=\"li3\"><span class=\"s1\">O design e a tecnologia da c\u00e2mera Gilde \u2013 Saiba como essa c\u00e2mera funciona e quais caracter\u00edsticas t\u00e9cnicas a tornam uma das melhores para fotografia panor\u00e2mica anal\u00f3gica.<\/span><\/li><li class=\"li3\"><span class=\"s1\">Da configura\u00e7\u00e3o \u00e0 imagem, aprenda a ajustar a c\u00e2mera Gilde para cada assunto para obter a exposi\u00e7\u00e3o perfeita e a perspectiva correta.<\/span><\/li><li class=\"li3\"><span class=\"s1\">Vis\u00e3o geral da fotografia anal\u00f3gica \u2013 O filme explica por que o processo anal\u00f3gico \u00e9 t\u00e3o \u00fanico e o que o distingue da fotografia digital.<\/span><\/li><li class=\"li3\"><span class=\"s1\">Dicas e truques pr\u00e1ticos \u2013 Obtenha dicas valiosas sobre como obter os melhores resultados e quais t\u00e9cnicas s\u00e3o particularmente importantes para fotografia panor\u00e2mica.<\/span><\/li><\/ul><p class=\"p2\"><span class=\"s1\">Por que a fotografia anal\u00f3gica com a c\u00e2mera Gilde vale a pena para voc\u00ea<\/span><\/p><ul class=\"ul1\"><li class=\"li3\"><span class=\"s1\">Panoramas de alta qualidade \u2013 Nossas imagens panor\u00e2micas, capturadas com a c\u00e2mera Gilde, s\u00e3o obras-primas art\u00edsticas caracterizadas por altos n\u00edveis de detalhes e cores vibrantes. Este filme demonstra como criamos essas imagens em grande formato que preenchem suas paredes com uma profundidade e atmosfera especiais.<\/span><\/li><li class=\"li3\"><span class=\"s1\">Imagens exclusivas para colecionadores \u2013 Nossas fotografias panor\u00e2micas s\u00e3o mais do que apenas arte de parede \u2013 s\u00e3o obras de arte exclusivas que testemunham a magia da fotografia anal\u00f3gica e oferecem valor \u00fanico para colecionadores de arte fotogr\u00e1fica.<\/span><\/li><li class=\"li3\"><span class=\"s1\">O charme da tecnologia anal\u00f3gica \u2013 Embora as c\u00e2meras digitais tenham revolucionado a fotografia, a c\u00e2mera Gilde oferece uma abordagem aut\u00eantica e artesanal, cada vez mais apreciada atualmente. Este filme oferece insights sobre a arte da fotografia anal\u00f3gica e mostra por que muitos fot\u00f3grafos continuam a preferir essa t\u00e9cnica.<\/span><\/li><\/ul><p class=\"p2\"><span class=\"s1\">O filme perfeito para entusiastas e colecionadores de fotografia<\/span><\/p><ul class=\"ul1\"><li class=\"li3\"><span class=\"s1\">Para entusiastas da fotografia \u2013 O filme \u00e9 um recurso valioso para entusiastas da fotografia que desejam aprender mais sobre as complexidades t\u00e9cnicas e os aspectos art\u00edsticos da fotografia com a c\u00e2mera Gilde.<\/span><\/li><li class=\"li3\"><span class=\"s1\">Vis\u00e3o exclusiva dos bastidores \u2013 Tenha uma vis\u00e3o exclusiva do processo fotogr\u00e1fico e aprenda como a fotografia anal\u00f3gica leva a arte da fotografia panor\u00e2mica a um novo patamar.<\/span><\/li><li class=\"li3\"><span class=\"s1\">Para colecionadores de arte \u00fanica \u2013 Se voc\u00ea procura imagens panor\u00e2micas \u00fanicas criadas com amor e artesanato, voc\u00ea descobrir\u00e1 neste filme a magia e o processo por tr\u00e1s das fotografias que encontra em nosso site.<\/span><\/li><\/ul>\t\t\t\t\t\t\t\t<\/div>\n\t\t\t\t<\/div>\n\t\t\t\t\t<\/div>\n\t\t\t\t<\/div>\n\t\t\t\t<\/div>","protected":false},"excerpt":{"rendered":"<p>How I Shoot \u2013 Einblicke in die Kunst der Fotografie mit der Gilde-Kamera https:\/\/vimeo.com\/123838688?embedded=true&#038;source=vimeo_logo&#038;owner=8837436 How I Shoot \u2013 Einblicke in die Kunst der Fotografie mit&hellip;<\/p>","protected":false},"author":1,"featured_media":0,"parent":0,"menu_order":0,"comment_status":"closed","ping_status":"closed","template":"","meta":{"footnotes":""},"class_list":["post-452","page","type-page","status-publish","hentry"],"yoast_head":"<!-- This site is optimized with the Yoast SEO plugin v27.5 - https:\/\/yoast.com\/product\/yoast-seo-wordpress\/ -->\n<title>How I Shoot - Markus Bollen Photography!<\/title>\n<meta name=\"robots\" content=\"index, follow, max-snippet:-1, max-image-preview:large, max-video-preview:-1\" \/>\n<link rel=\"canonical\" href=\"https:\/\/panoramic-art.de\/pt\/how-i-shoot\/\" \/>\n<meta property=\"og:locale\" content=\"pt_PT\" \/>\n<meta property=\"og:type\" content=\"article\" \/>\n<meta property=\"og:title\" content=\"How I Shoot - Markus Bollen Photography!\" \/>\n<meta property=\"og:description\" content=\"How I Shoot \u2013 Einblicke in die Kunst der Fotografie mit der Gilde-Kamera https:\/\/vimeo.com\/123838688?embedded=true&#038;source=vimeo_logo&#038;owner=8837436 How I Shoot \u2013 Einblicke in die Kunst der Fotografie mit&hellip;\" \/>\n<meta property=\"og:url\" content=\"https:\/\/panoramic-art.de\/pt\/how-i-shoot\/\" \/>\n<meta property=\"og:site_name\" content=\"Markus Bollen Photography!\" \/>\n<meta property=\"article:modified_time\" content=\"2025-09-09T09:28:35+00:00\" \/>\n<meta name=\"twitter:card\" content=\"summary_large_image\" \/>\n<meta name=\"twitter:label1\" content=\"Tempo estimado de leitura\" \/>\n\t<meta name=\"twitter:data1\" content=\"4 minutos\" \/>\n<script type=\"application\/ld+json\" class=\"yoast-schema-graph\">{\"@context\":\"https:\\\/\\\/schema.org\",\"@graph\":[{\"@type\":\"WebPage\",\"@id\":\"https:\\\/\\\/panoramic-art.de\\\/how-i-shoot\\\/\",\"url\":\"https:\\\/\\\/panoramic-art.de\\\/how-i-shoot\\\/\",\"name\":\"How I Shoot - Markus Bollen Photography!\",\"isPartOf\":{\"@id\":\"https:\\\/\\\/panoramic-art.de\\\/#website\"},\"datePublished\":\"2025-05-08T16:01:51+00:00\",\"dateModified\":\"2025-09-09T09:28:35+00:00\",\"inLanguage\":\"pt-PT\",\"potentialAction\":[{\"@type\":\"ReadAction\",\"target\":[\"https:\\\/\\\/panoramic-art.de\\\/how-i-shoot\\\/\"]}]},{\"@type\":\"WebSite\",\"@id\":\"https:\\\/\\\/panoramic-art.de\\\/#website\",\"url\":\"https:\\\/\\\/panoramic-art.de\\\/\",\"name\":\"Markus Bollen Photography!\",\"description\":\"\",\"potentialAction\":[{\"@type\":\"SearchAction\",\"target\":{\"@type\":\"EntryPoint\",\"urlTemplate\":\"https:\\\/\\\/panoramic-art.de\\\/?s={search_term_string}\"},\"query-input\":{\"@type\":\"PropertyValueSpecification\",\"valueRequired\":true,\"valueName\":\"search_term_string\"}}],\"inLanguage\":\"pt-PT\"}]}<\/script>\n<!-- \/ Yoast SEO plugin. -->","yoast_head_json":{"title":"How I Shoot - Markus Bollen Photography!","robots":{"index":"index","follow":"follow","max-snippet":"max-snippet:-1","max-image-preview":"max-image-preview:large","max-video-preview":"max-video-preview:-1"},"canonical":"https:\/\/panoramic-art.de\/pt\/how-i-shoot\/","og_locale":"pt_PT","og_type":"article","og_title":"How I Shoot - Markus Bollen Photography!","og_description":"How I Shoot \u2013 Einblicke in die Kunst der Fotografie mit der Gilde-Kamera https:\/\/vimeo.com\/123838688?embedded=true&#038;source=vimeo_logo&#038;owner=8837436 How I Shoot \u2013 Einblicke in die Kunst der Fotografie mit&hellip;","og_url":"https:\/\/panoramic-art.de\/pt\/how-i-shoot\/","og_site_name":"Markus Bollen Photography!","article_modified_time":"2025-09-09T09:28:35+00:00","twitter_card":"summary_large_image","twitter_misc":{"Tempo estimado de leitura":"4 minutos"},"schema":{"@context":"https:\/\/schema.org","@graph":[{"@type":"WebPage","@id":"https:\/\/panoramic-art.de\/how-i-shoot\/","url":"https:\/\/panoramic-art.de\/how-i-shoot\/","name":"How I Shoot - Markus Bollen Photography!","isPartOf":{"@id":"https:\/\/panoramic-art.de\/#website"},"datePublished":"2025-05-08T16:01:51+00:00","dateModified":"2025-09-09T09:28:35+00:00","inLanguage":"pt-PT","potentialAction":[{"@type":"ReadAction","target":["https:\/\/panoramic-art.de\/how-i-shoot\/"]}]},{"@type":"WebSite","@id":"https:\/\/panoramic-art.de\/#website","url":"https:\/\/panoramic-art.de\/","name":"Fotografia de Markus Bollen!","description":"","potentialAction":[{"@type":"SearchAction","target":{"@type":"EntryPoint","urlTemplate":"https:\/\/panoramic-art.de\/?s={search_term_string}"},"query-input":{"@type":"PropertyValueSpecification","valueRequired":true,"valueName":"search_term_string"}}],"inLanguage":"pt-PT"}]}},"_links":{"self":[{"href":"https:\/\/panoramic-art.de\/pt\/wp-json\/wp\/v2\/pages\/452","targetHints":{"allow":["GET"]}}],"collection":[{"href":"https:\/\/panoramic-art.de\/pt\/wp-json\/wp\/v2\/pages"}],"about":[{"href":"https:\/\/panoramic-art.de\/pt\/wp-json\/wp\/v2\/types\/page"}],"author":[{"embeddable":true,"href":"https:\/\/panoramic-art.de\/pt\/wp-json\/wp\/v2\/users\/1"}],"replies":[{"embeddable":true,"href":"https:\/\/panoramic-art.de\/pt\/wp-json\/wp\/v2\/comments?post=452"}],"version-history":[{"count":5,"href":"https:\/\/panoramic-art.de\/pt\/wp-json\/wp\/v2\/pages\/452\/revisions"}],"predecessor-version":[{"id":1304,"href":"https:\/\/panoramic-art.de\/pt\/wp-json\/wp\/v2\/pages\/452\/revisions\/1304"}],"wp:attachment":[{"href":"https:\/\/panoramic-art.de\/pt\/wp-json\/wp\/v2\/media?parent=452"}],"curies":[{"name":"wp","href":"https:\/\/api.w.org\/{rel}","templated":true}]}}